{"id":7919,"date":"2020-08-31T12:56:26","date_gmt":"2020-08-31T10:56:26","guid":{"rendered":"https:\/\/www.sam-kuchler.com\/testen-sie-unsere-maschinen\/"},"modified":"2022-11-25T13:28:59","modified_gmt":"2022-11-25T12:28:59","slug":"test-our-machines","status":"publish","type":"page","link":"https:\/\/www.sam-kuchler.com\/en\/test-our-machines\/","title":{"rendered":"Test our machines"},"content":{"rendered":"<p><img decoding=\"async\" title=\"SAM AUFSCHNITTMASCHINE SUPERMARKT\" src=\"https:\/\/www.sam-kuchler.com\/wp-content\/uploads\/2020\/06\/SAM-X3-1-Kopie-1.png\" alt=\"\" width=\"242\" height=\"214\" data-id=\"5251\" data-init-width=\"1648\" data-init-height=\"1453\" data-width=\"242\" data-height=\"214\" \/><\/p>\n<h2 style=\"text-align: left;\">Kostenlos<\/h2>\n<h2 style=\"text-align: left;\">Testen!<\/h2>\n<p style=\"text-align: left;\"><strong>Testen Sie unverbindlich eine S.A.M.\u00a0 \u00a0<\/strong><strong>Aufschnittmaschine u<\/strong><strong>nd \u00fcberzeugen Sie sich von den Vorteilen.<\/strong><\/p>\n<p>F\u00fcllen Sie das folgende Formular aus und wir kontaktieren Sie innerhalb der n\u00e4chsten 24h oder rufen Sie uns direkt an unter:<\/p>\n<p><a style=\"outline: none;\" href=\"tel:004346343543\">AT +43 (0) 463 43 5 43<\/a><\/p>\n<p>DE <a style=\"outline: none;\" href=\"tel:00498935037937\" target=\"_blank\" rel=\"noopener\">+49 (0) 89 350379 37<\/a><\/p>\n<p><a style=\"outline: none;\" href=\"tel:0041614013606\">CH +41 (0) 61 4013606<\/a><\/p>\n<p>&nbsp;<\/p>\n<p>Vor- und Nachname*FirmaEmail*Telefonnummer*MessageSoll die Maschine auch verpacken?Jetzt testen<img decoding=\"async\" title=\"sAM Metzgerei aufschnittmaschine neu kaufen\" src=\"https:\/\/www.sam-kuchler.com\/wp-content\/uploads\/2020\/06\/darth-liu-hf_i6mm88pM-unsplash.jpg\" alt=\"\" width=\"548\" height=\"363\" data-id=\"5182\" data-init-width=\"1300\" data-init-height=\"861\" data-width=\"548\" data-height=\"363\" \/><img decoding=\"async\" title=\"SAM-X3.-easy-bedienung\" src=\"https:\/\/www.sam-kuchler.com\/wp-content\/uploads\/2020\/09\/SAM-X3.-easy-bedienung-scaled.jpg\" alt=\"\" width=\"700\" height=\"365\" data-id=\"5858\" data-init-width=\"2560\" data-init-height=\"1334\" data-width=\"700\" data-height=\"365\" \/>Insert Contact Form<\/p>\n","protected":false},"excerpt":{"rendered":"<p>Kostenlos Testen! Testen Sie unverbindlich eine S.A.M.\u00a0 \u00a0Aufschnittmaschine und \u00fcberzeugen Sie sich von den Vorteilen. F\u00fcllen Sie das folgende Formular aus und wir kontaktieren Sie innerhalb der n\u00e4chsten 24h oder rufen Sie uns direkt an unter: AT +43 (0) 463 43 5 43 DE +49&#8230;<\/p>\n","protected":false},"author":1,"featured_media":0,"parent":0,"menu_order":0,"comment_status":"closed","ping_status":"closed","template":"","meta":{"_acf_changed":false,"inline_featured_image":false,"footnotes":"","tve_updated_post":"<div class=\"thrv_wrapper thrv-columns\" style=\"--tcb-col-el-width:1100;\"><div class=\"tcb-flex-row v-2 tcb-resized tcb--cols--2\"><div class=\"tcb-flex-col c-33\" data-css=\"tve-u-173da149b84\" style=\"\"><div class=\"tcb-col\"><div class=\"thrv_wrapper tve_image_caption\" data-css=\"tve-u-174442454cc\" style=\"\"><span class=\"tve_image_frame\"><img class=\"tve_image wp-image-5251\" alt=\"\" data-id=\"5251\" data-init-width=\"1648\" data-init-height=\"1453\" title=\"SAM AUFSCHNITTMASCHINE SUPERMARKT\" loading=\"lazy\" src=\"https:\/\/www.sam-kuchler.com\/wp-content\/uploads\/2020\/06\/SAM-X3-1-Kopie-1.png\" data-width=\"242\" data-height=\"214\" style=\"\" data-css=\"tve-u-17444250601\" width=\"242\" height=\"214\"><\/span><\/div><div class=\"thrv_wrapper thrv_text_element\" style=\"\" data-css=\"tve-u-17444234c89\"><h2 class=\"\" data-css=\"tve-u-17444228ff9\" style=\"text-align: left;\">Kostenlos&nbsp;<\/h2><h2 class=\"\" data-css=\"tve-u-1744422d2d9\" style=\"text-align: left;\">Testen!<\/h2><\/div><div class=\"thrv_wrapper thrv_text_element\"><p data-css=\"tve-u-17444205f29\" style=\"text-align: left;\"><strong>Testen Sie unverbindlich eine S.A.M.&nbsp; &nbsp;<\/strong><strong>Aufschnittmaschine u<\/strong><strong>nd \u00fcberzeugen Sie sich von den Vorteilen.<\/strong><\/p><\/div><div class=\"thrv_wrapper thrv_text_element\"><p><br><\/p><p>F\u00fcllen Sie das folgende Formular aus und wir kontaktieren Sie innerhalb der n\u00e4chsten 24h oder rufen Sie uns direkt an unter:<\/p><p><a class=\"tve-froala fr-basic\" href=\"tel:004346343543\" style=\"outline: none;\">AT +43 (0) 463 43 5 43<\/a><\/p><p>DE <a class=\"tve-froala\" href=\"tel:00498935037937\" style=\"outline: none;\" target=\"_blank\">+49 (0) 89 350379 37<\/a><\/p><p><a class=\"tve-froala fr-basic\" href=\"tel:0041614013606\" style=\"outline: none;\">CH +41 (0) 61 4013606<\/a><\/p><\/div><div class=\"thrv_wrapper thrv_text_element\"><p><strong><\/strong><br><\/p><\/div><\/div><\/div><div class=\"tcb-flex-col c-66\" data-css=\"tve-u-173da149b8f\" style=\"\"><div class=\"tcb-col\"><div class=\"thrv_wrapper thrv-contact-form\" data-ct=\"contact_form-21969\" data-css=\"tve-u-1742fce3582\">\n\t<form action=\"\" method=\"post\" novalidate=\"\">\n\t\t<div class=\"tve-cf-item-wrapper\">\n\t\t\t<div class=\"tve-cf-item\" data-css=\"tve-u-173da1f5eca\">\n\t<div class=\"thrv-cf-input-wrapper\" data-type=\"full_name\">\n\t\t<label data-css=\"tve-u-173da26203d\" class=\"\">Vor- und Nachname*<\/label>\n\t\t<div class=\"tve-cf-input\" data-css=\"tve-u-173da21aa67\">\n\t\t\t<input placeholder=\"\" type=\"text\" name=\"full_name\" data-placeholder=\"\" required=\"required\">\n\t\t<\/div>\n\t<\/div>\n<\/div>\n\t\t\t<div class=\"tve-cf-item\" data-css=\"tve-u-173da1f5eca\">\n\t<div class=\"thrv-cf-input-wrapper\" data-type=\"first_name\">\n\t\t<label data-css=\"tve-u-173da26203d\" class=\"\">Firma<\/label>\n\t\t<div class=\"tve-cf-input\" data-css=\"tve-u-173da21aa67\">\n\t\t\t<input placeholder=\"\" type=\"text\" name=\"first_name\" data-placeholder=\"\">\n\t\t<\/div>\n\t<\/div>\n<\/div><div class=\"tve-cf-item\" data-css=\"tve-u-173da1f5eca\">\n\t<div class=\"thrv-cf-input-wrapper\" data-type=\"email\">\n\t\t<label data-css=\"tve-u-173da1f2c97\" class=\"\">Email*<\/label>\n\t\t<div class=\"tve-cf-input\" data-css=\"tve-u-173da21aa67\">\n\t\t\t<input placeholder=\"\" type=\"email\" name=\"email\" data-placeholder=\"\" required=\"required\">\n\t\t<\/div>\n\t<\/div>\n<\/div>\n\t\t\t<div class=\"tve-cf-item\" data-css=\"tve-u-173da1f5eca\">\n\t<div class=\"thrv-cf-input-wrapper\" data-type=\"phone\">\n\t\t<label data-css=\"tve-u-173da1f2c97\" class=\"\">Telefonnummer*<\/label>\n\t\t<div class=\"tve-cf-input\" data-css=\"tve-u-173da21aa67\">\n\t\t\t<input placeholder=\"\" type=\"tel\" name=\"phone\" data-placeholder=\"\">\n\t\t<\/div>\n\t<\/div>\n<\/div>\n\t\t<div class=\"tve-cf-item\" data-css=\"tve-u-173da1f5eca\">\n\t<div class=\"thrv-cf-input-wrapper\" data-type=\"message\">\n\t\t<label data-css=\"tve-u-173da26203d\" class=\"\">Message<\/label>\n\t\t<div class=\"tve-cf-input\" data-css=\"tve-u-173da21aa67\">\n\t\t\t<textarea placeholder=\"\" data-placeholder=\"\" name=\"message\"><\/textarea>\n\t\t<\/div>\n\t<\/div>\n<\/div><div class=\"tve-cf-item\" data-css=\"tve-u-173da1f5eca\">\n\t<div class=\"thrv-cf-input-wrapper\" data-type=\"last_name\">\n\t\t<label data-css=\"tve-u-173da26203d\" class=\"\">Soll die Maschine auch verpacken?<\/label>\n\t\t<div class=\"tve-cf-input\" data-css=\"tve-u-173da21aa67\">\n\t\t\t<input placeholder=\"\" type=\"text\" name=\"last_name\" data-placeholder=\"\" required=\"required\" default-value=\"JA\">\n\t\t<\/div>\n\t<\/div>\n<\/div><\/div>\n\t\t<div class=\"tve-cf-submit\" data-css=\"tve-u-1742eae8e19\" data-tcb_hover_state_parent=\"\">\n\t\t\t<button class=\"tve_btn_txt\" type=\"submit\" style=\"\">Jetzt testen<\/button>\n\t\t<\/div>\n\t<input type=\"hidden\" name=\"config\" value=\"YTozOntzOjE0OiJlcnJvcl9tZXNzYWdlcyI7YTo0OntzOjU6ImVtYWlsIjtzOjI0OiJVbmfDvGx0aWdlIEUtTWFpbGFkcmVzc2UiO3M6NToicGhvbmUiO3M6MjQ6IlVuZ8O8bHRpZ2UgVGVsZWZvbm51bW1lciI7czozOiJ1cmwiO3M6MTE6IlVSTCBpbnZhbGlkIjtzOjg6InJlcXVpcmVkIjtzOjQ1OiJCaXR0ZSBmw7xsbGVuIFNpZSBkaWUgYmVuw7Z0aWd0ZW4gRmVsZGVyIGF1cyEiO31zOjg6InRvX2VtYWlsIjthOjM6e3M6MjoidG8iO3M6MjA6Im1haWxAc2FtLWt1Y2hsZXIuY29tIjtzOjc6InN1YmplY3QiO3M6MTU6Ik1hc2NoaW5lIHRlc3RlbiI7czoyOiJjYyI7czoxMDA6IkNvbnN0YW50aW4uS3VjaGxlckBzYW0ta3VjaGxlci5jb20sdmFsZW50aW5hLmt1Y2hsZXJAc2FtLWt1Y2hsZXIuY29tLGJpcmdpdC5wb3Nhcm5pZ0BzYW0ta3VjaGxlci5jb20iO31zOjY6InN1Ym1pdCI7YToxMDp7czo2OiJhY3Rpb24iO3M6MTI6Im5vdGlmaWNhdGlvbiI7czoyMzoic2VuZF9jb25maXJtYXRpb25fZW1haWwiO2I6MDtzOjE5OiJzZW5kZXJfcGVyc29uYWxpemVkIjtiOjA7czoyMDoiY29uZmlybWF0aW9uX3N1YmplY3QiO3M6MzY6IkNvbnRhY3QgRm9ybSBzdWJtaXNzaW9uIGNvbmZpcm1hdGlvbiI7czoyMDoiY29uZmlybWF0aW9uX21lc3NhZ2UiO3M6MTM5OiJIZWxsbywgCgpUaGFua3MgZm9yIGNvbnRhY3RpbmcgdXMuIFdlJ2xsIGdldCBiYWNrIHRvIHlvdSBhcyBzb29uIGFzIHBvc3NpYmxlIHdpdGggdGhlIGluZm9ybWF0aW9uIHlvdSBuZWVkLiAKCkJlc3QgcmVnYXJkcywKW3dwX3NpdGVfdGl0bGVdIjtzOjk6ImZyb21fbmFtZSI7czozMToiUy5BLk0uIEtVQ0hMRVIgRWxlY3Ryb25pY3MgR21iSCI7czoxMDoiZnJvbV9lbWFpbCI7czozMzoibWljaGFlbC5waXNrZXJuaWtAc2FtLWt1Y2hsZXIuY29tIjtzOjg6InJlcGx5X3RvIjtzOjMzOiJtaWNoYWVsLnBpc2tlcm5pa0BzYW0ta3VjaGxlci5jb20iO3M6MzoidXJsIjtzOjA6IiI7czoxMjoibm90aWZpY2F0aW9uIjtzOjYyOiJJaHJlIE5hY2hyaWNodCB3dXJkZSB2ZXJzYW5kdCEgVmllbGVuIERhbmsgZsO8ciBJaHIgSW50ZXJlc3NlISI7fX0=\"><\/form>\n<\/div><\/div><\/div><\/div><\/div><div class=\"thrv_wrapper thrv-columns\" style=\"--tcb-col-el-width:1100;\"><div class=\"tcb-flex-row v-2 tcb--cols--2\"><div class=\"tcb-flex-col\"><div class=\"tcb-col\"><div class=\"thrv_wrapper tve_image_caption\" data-css=\"tve-u-17444281d16\" style=\"\"><span class=\"tve_image_frame\" style=\"\"><img class=\"tve_image wp-image-5182\" alt=\"\" data-id=\"5182\" data-init-width=\"1300\" data-init-height=\"861\" title=\"sAM Metzgerei aufschnittmaschine neu kaufen\" loading=\"lazy\" src=\"https:\/\/www.sam-kuchler.com\/wp-content\/uploads\/2020\/06\/darth-liu-hf_i6mm88pM-unsplash.jpg\" data-width=\"548\" data-height=\"363\" style=\"\" data-css=\"tve-u-17449387703\" ml-d=\"-1\" width=\"548\" height=\"363\"><\/span><\/div><\/div><\/div><div class=\"tcb-flex-col\"><div class=\"tcb-col\"><div class=\"thrv_wrapper tve_image_caption\" data-css=\"tve-u-17444254c20\" style=\"\"><span class=\"tve_image_frame\" style=\"\"><img class=\"tve_image wp-image-5858\" alt=\"\" data-id=\"5858\" data-init-width=\"2560\" data-init-height=\"1334\" title=\"SAM-X3.-easy-bedienung\" loading=\"lazy\" src=\"https:\/\/www.sam-kuchler.com\/wp-content\/uploads\/2020\/09\/SAM-X3.-easy-bedienung-scaled.jpg\" data-width=\"700\" data-height=\"365\" style=\"\" data-css=\"tve-u-17444247674\" ml-d=\"-92\" center-h-d=\"false\" width=\"700\" height=\"365\"><\/span><\/div><\/div><\/div><\/div><\/div><div class=\"thrv_wrapper tcb-elem-placeholder tcb-ct-placeholder\" data-ct=\"lead_generation_contact_form-0\" data-tcb-elem-type=\"lead_generation_contact_form\" data-tcb-lg-type=\"contact_form\" data-specific-modal=\"lead-generation\">\n\t<span class=\"tcb-inline-placeholder-action with-icon\"><svg class=\"tcb-icon tcb-icon-contact_form\"><use xlink:href=\"#tcb-icon-contact_form\"><\/use><\/svg>\t\tInsert Contact Form\t<\/span>\n<\/div>","tve_custom_css":"@media (min-width: 300px){[data-css=\"tve-u-173da149b84\"] { max-width: 41.6%; }[data-css=\"tve-u-173da149b8f\"] { max-width: 58.3987%; }:not(#tve) [data-css=\"tve-u-1742eae8e19\"] button { background-color: rgb(198, 17, 17) !important; }[data-css=\"tve-u-1742fce3582\"] label { display: inline-block !important; }:not(#tve) [data-css=\"tve-u-17444205f29\"] { font-size: 26px !important; padding-top: 11px !important; margin-top: 0px !important; padding-bottom: 0px !important; margin-bottom: 0px !important; line-height: 1.5em !important; }:not(#tve) [data-css=\"tve-u-17444228ff9\"] { font-size: 34px !important; }:not(#tve) [data-css=\"tve-u-1744422d2d9\"] { font-size: 34px !important; line-height: 1.7em !important; }[data-css=\"tve-u-17444234c89\"] { padding-top: 0px !important; }[data-css=\"tve-u-174442454cc\"] { width: 54%; }[data-css=\"tve-u-17444247674\"] { margin-left: -92px; width: 129% !important; max-width: none !important; }[data-css=\"tve-u-17444254c20\"] { width: 100%; }[data-css=\"tve-u-17444281d16\"] { width: 100%; }[data-css=\"tve-u-17444254c20\"] .tve_image_frame { height: 100%; }[data-css=\"tve-u-17449387703\"] { margin-left: -1px; width: 101% !important; max-width: none !important; }[data-css=\"tve-u-17444281d16\"] .tve_image_frame { height: 100%; }:not(#tve) [data-css=\"tve-u-1742eae8e19\"]:hover button { background-color: rgb(75, 159, 214) !important; --background-color:rgb(75, 159, 214) !important; --tve-applied-background-color:rgb(75, 159, 214) !important; }}","tve_user_custom_css":"","tve_globals":{"e":"1","font_cls":[]},"tcb2_ready":1,"tcb_editor_enabled":1,"tve_landing_page":"","_tve_header":"0","_tve_footer":"0"},"class_list":["post-7919","page","type-page","status-publish","hentry"],"acf":[],"yoast_head":"<!-- This site is optimized with the Yoast SEO Premium plugin v27.1 (Yoast SEO v27.5) - https:\/\/yoast.com\/product\/yoast-seo-premium-wordpress\/ -->\n<title>Test our machines | S.A.M. KUCHLER Electronics GmbH<\/title>\n<meta name=\"description\" content=\"Testen Sie unsere Maschinen in Ihrem Markt und \u00fcberzeugen Sie sich von unserer Qualit\u00e4t. Alternativ k\u00f6nnen Sie auch eine Probevorf\u00fchrung anfragen.\" \/>\n<meta name=\"robots\" content=\"index, follow, max-snippet:-1, max-image-preview:large, max-video-preview:-1\" \/>\n<link rel=\"canonical\" href=\"https:\/\/www.sam-kuchler.com\/en\/test-our-machines\/\" \/>\n<meta property=\"og:locale\" content=\"en_US\" \/>\n<meta property=\"og:type\" content=\"article\" \/>\n<meta property=\"og:title\" content=\"Test our machines\" \/>\n<meta property=\"og:description\" content=\"Testen Sie unsere Maschinen in Ihrem Markt und \u00fcberzeugen Sie sich von unserer Qualit\u00e4t. Alternativ k\u00f6nnen Sie auch eine Probevorf\u00fchrung anfragen.\" \/>\n<meta property=\"og:url\" content=\"https:\/\/www.sam-kuchler.com\/en\/test-our-machines\/\" \/>\n<meta property=\"og:site_name\" content=\"S.A.M. KUCHLER Electronics GmbH\" \/>\n<meta property=\"article:publisher\" content=\"https:\/\/www.facebook.com\/samkuchlerelectronics\" \/>\n<meta property=\"article:modified_time\" content=\"2022-11-25T12:28:59+00:00\" \/>\n<meta property=\"og:image\" content=\"https:\/\/www.sam-kuchler.com\/wp-content\/uploads\/2020\/06\/SAM-X3-1-Kopie-1.png\" \/>\n<meta name=\"twitter:card\" content=\"summary_large_image\" \/>\n<meta name=\"twitter:label1\" content=\"Est. reading time\" \/>\n\t<meta name=\"twitter:data1\" content=\"1 minute\" \/>\n<script type=\"application\/ld+json\" class=\"yoast-schema-graph\">{\"@context\":\"https:\\\/\\\/schema.org\",\"@graph\":[{\"@type\":\"WebPage\",\"@id\":\"https:\\\/\\\/www.sam-kuchler.com\\\/en\\\/test-our-machines\\\/\",\"url\":\"https:\\\/\\\/www.sam-kuchler.com\\\/en\\\/test-our-machines\\\/\",\"name\":\"Test our machines | S.A.M. KUCHLER Electronics GmbH\",\"isPartOf\":{\"@id\":\"https:\\\/\\\/www.sam-kuchler.com\\\/en\\\/#website\"},\"primaryImageOfPage\":{\"@id\":\"https:\\\/\\\/www.sam-kuchler.com\\\/en\\\/test-our-machines\\\/#primaryimage\"},\"image\":{\"@id\":\"https:\\\/\\\/www.sam-kuchler.com\\\/en\\\/test-our-machines\\\/#primaryimage\"},\"thumbnailUrl\":\"https:\\\/\\\/www.sam-kuchler.com\\\/wp-content\\\/uploads\\\/2020\\\/06\\\/SAM-X3-1-Kopie-1.png\",\"datePublished\":\"2020-08-31T10:56:26+00:00\",\"dateModified\":\"2022-11-25T12:28:59+00:00\",\"description\":\"Testen Sie unsere Maschinen in Ihrem Markt und \u00fcberzeugen Sie sich von unserer Qualit\u00e4t. Alternativ k\u00f6nnen Sie auch eine Probevorf\u00fchrung anfragen.\",\"breadcrumb\":{\"@id\":\"https:\\\/\\\/www.sam-kuchler.com\\\/en\\\/test-our-machines\\\/#breadcrumb\"},\"inLanguage\":\"en-US\",\"potentialAction\":[{\"@type\":\"ReadAction\",\"target\":[\"https:\\\/\\\/www.sam-kuchler.com\\\/en\\\/test-our-machines\\\/\"]}]},{\"@type\":\"ImageObject\",\"inLanguage\":\"en-US\",\"@id\":\"https:\\\/\\\/www.sam-kuchler.com\\\/en\\\/test-our-machines\\\/#primaryimage\",\"url\":\"https:\\\/\\\/www.sam-kuchler.com\\\/wp-content\\\/uploads\\\/2020\\\/06\\\/SAM-X3-1-Kopie-1.png\",\"contentUrl\":\"https:\\\/\\\/www.sam-kuchler.com\\\/wp-content\\\/uploads\\\/2020\\\/06\\\/SAM-X3-1-Kopie-1.png\"},{\"@type\":\"BreadcrumbList\",\"@id\":\"https:\\\/\\\/www.sam-kuchler.com\\\/en\\\/test-our-machines\\\/#breadcrumb\",\"itemListElement\":[{\"@type\":\"ListItem\",\"position\":1,\"name\":\"Startseite\",\"item\":\"https:\\\/\\\/www.sam-kuchler.com\\\/en\\\/\"},{\"@type\":\"ListItem\",\"position\":2,\"name\":\"Test our machines\"}]},{\"@type\":\"WebSite\",\"@id\":\"https:\\\/\\\/www.sam-kuchler.com\\\/en\\\/#website\",\"url\":\"https:\\\/\\\/www.sam-kuchler.com\\\/en\\\/\",\"name\":\"S.A.M. KUCHLER Electronics GmbH\",\"description\":\"Aufschnittmaschinen und Verpackungsger\u00e4te\",\"publisher\":{\"@id\":\"https:\\\/\\\/www.sam-kuchler.com\\\/en\\\/#organization\"},\"alternateName\":\"SAM\",\"potentialAction\":[{\"@type\":\"SearchAction\",\"target\":{\"@type\":\"EntryPoint\",\"urlTemplate\":\"https:\\\/\\\/www.sam-kuchler.com\\\/en\\\/?s={search_term_string}\"},\"query-input\":{\"@type\":\"PropertyValueSpecification\",\"valueRequired\":true,\"valueName\":\"search_term_string\"}}],\"inLanguage\":\"en-US\"},{\"@type\":\"Organization\",\"@id\":\"https:\\\/\\\/www.sam-kuchler.com\\\/en\\\/#organization\",\"name\":\"S.A.M. KUCHLER Electronics GmbH\",\"alternateName\":\"SAM\",\"url\":\"https:\\\/\\\/www.sam-kuchler.com\\\/en\\\/\",\"logo\":{\"@type\":\"ImageObject\",\"inLanguage\":\"en-US\",\"@id\":\"https:\\\/\\\/www.sam-kuchler.com\\\/en\\\/#\\\/schema\\\/logo\\\/image\\\/\",\"url\":\"https:\\\/\\\/www.sam-kuchler.com\\\/wp-content\\\/uploads\\\/2026\\\/01\\\/sam-logo-online.png\",\"contentUrl\":\"https:\\\/\\\/www.sam-kuchler.com\\\/wp-content\\\/uploads\\\/2026\\\/01\\\/sam-logo-online.png\",\"width\":1024,\"height\":1024,\"caption\":\"S.A.M. KUCHLER Electronics GmbH\"},\"image\":{\"@id\":\"https:\\\/\\\/www.sam-kuchler.com\\\/en\\\/#\\\/schema\\\/logo\\\/image\\\/\"},\"sameAs\":[\"https:\\\/\\\/www.facebook.com\\\/samkuchlerelectronics\",\"https:\\\/\\\/www.instagram.com\\\/samkuchler\\\/\",\"https:\\\/\\\/www.tiktok.com\\\/@sam_kuchler\",\"https:\\\/\\\/www.linkedin.com\\\/company\\\/samkuchlerelectronics\"],\"description\":\"S.A.M. KUCHLER Electronics GmbH entwickelt und baut in \u00d6sterreich vollautomatische Schneide- und Verpackungssysteme f\u00fcr frisch geschnittene Lebensmittel (z. B. Wurst, K\u00e4se, Schinken) f\u00fcr den Einsatz im Verkaufsraum und in der Produktion.\",\"email\":\"office@sam-kuchler.com\",\"telephone\":\"+4346343543\",\"legalName\":\"S.A.M. KUCHLER Electronics GmbH\"}]}<\/script>\n<!-- \/ Yoast SEO Premium plugin. -->","yoast_head_json":{"title":"Test our machines | S.A.M. KUCHLER Electronics GmbH","description":"Testen Sie unsere Maschinen in Ihrem Markt und \u00fcberzeugen Sie sich von unserer Qualit\u00e4t. Alternativ k\u00f6nnen Sie auch eine Probevorf\u00fchrung anfragen.","robots":{"index":"index","follow":"follow","max-snippet":"max-snippet:-1","max-image-preview":"max-image-preview:large","max-video-preview":"max-video-preview:-1"},"canonical":"https:\/\/www.sam-kuchler.com\/en\/test-our-machines\/","og_locale":"en_US","og_type":"article","og_title":"Test our machines","og_description":"Testen Sie unsere Maschinen in Ihrem Markt und \u00fcberzeugen Sie sich von unserer Qualit\u00e4t. Alternativ k\u00f6nnen Sie auch eine Probevorf\u00fchrung anfragen.","og_url":"https:\/\/www.sam-kuchler.com\/en\/test-our-machines\/","og_site_name":"S.A.M. KUCHLER Electronics GmbH","article_publisher":"https:\/\/www.facebook.com\/samkuchlerelectronics","article_modified_time":"2022-11-25T12:28:59+00:00","og_image":[{"url":"https:\/\/www.sam-kuchler.com\/wp-content\/uploads\/2020\/06\/SAM-X3-1-Kopie-1.png","type":"","width":"","height":""}],"twitter_card":"summary_large_image","twitter_misc":{"Est. reading time":"1 minute"},"schema":{"@context":"https:\/\/schema.org","@graph":[{"@type":"WebPage","@id":"https:\/\/www.sam-kuchler.com\/en\/test-our-machines\/","url":"https:\/\/www.sam-kuchler.com\/en\/test-our-machines\/","name":"Test our machines | S.A.M. KUCHLER Electronics GmbH","isPartOf":{"@id":"https:\/\/www.sam-kuchler.com\/en\/#website"},"primaryImageOfPage":{"@id":"https:\/\/www.sam-kuchler.com\/en\/test-our-machines\/#primaryimage"},"image":{"@id":"https:\/\/www.sam-kuchler.com\/en\/test-our-machines\/#primaryimage"},"thumbnailUrl":"https:\/\/www.sam-kuchler.com\/wp-content\/uploads\/2020\/06\/SAM-X3-1-Kopie-1.png","datePublished":"2020-08-31T10:56:26+00:00","dateModified":"2022-11-25T12:28:59+00:00","description":"Testen Sie unsere Maschinen in Ihrem Markt und \u00fcberzeugen Sie sich von unserer Qualit\u00e4t. Alternativ k\u00f6nnen Sie auch eine Probevorf\u00fchrung anfragen.","breadcrumb":{"@id":"https:\/\/www.sam-kuchler.com\/en\/test-our-machines\/#breadcrumb"},"inLanguage":"en-US","potentialAction":[{"@type":"ReadAction","target":["https:\/\/www.sam-kuchler.com\/en\/test-our-machines\/"]}]},{"@type":"ImageObject","inLanguage":"en-US","@id":"https:\/\/www.sam-kuchler.com\/en\/test-our-machines\/#primaryimage","url":"https:\/\/www.sam-kuchler.com\/wp-content\/uploads\/2020\/06\/SAM-X3-1-Kopie-1.png","contentUrl":"https:\/\/www.sam-kuchler.com\/wp-content\/uploads\/2020\/06\/SAM-X3-1-Kopie-1.png"},{"@type":"BreadcrumbList","@id":"https:\/\/www.sam-kuchler.com\/en\/test-our-machines\/#breadcrumb","itemListElement":[{"@type":"ListItem","position":1,"name":"Startseite","item":"https:\/\/www.sam-kuchler.com\/en\/"},{"@type":"ListItem","position":2,"name":"Test our machines"}]},{"@type":"WebSite","@id":"https:\/\/www.sam-kuchler.com\/en\/#website","url":"https:\/\/www.sam-kuchler.com\/en\/","name":"S.A.M. KUCHLER Electronics GmbH","description":"Aufschnittmaschinen und Verpackungsger\u00e4te","publisher":{"@id":"https:\/\/www.sam-kuchler.com\/en\/#organization"},"alternateName":"SAM","potentialAction":[{"@type":"SearchAction","target":{"@type":"EntryPoint","urlTemplate":"https:\/\/www.sam-kuchler.com\/en\/?s={search_term_string}"},"query-input":{"@type":"PropertyValueSpecification","valueRequired":true,"valueName":"search_term_string"}}],"inLanguage":"en-US"},{"@type":"Organization","@id":"https:\/\/www.sam-kuchler.com\/en\/#organization","name":"S.A.M. KUCHLER Electronics GmbH","alternateName":"SAM","url":"https:\/\/www.sam-kuchler.com\/en\/","logo":{"@type":"ImageObject","inLanguage":"en-US","@id":"https:\/\/www.sam-kuchler.com\/en\/#\/schema\/logo\/image\/","url":"https:\/\/www.sam-kuchler.com\/wp-content\/uploads\/2026\/01\/sam-logo-online.png","contentUrl":"https:\/\/www.sam-kuchler.com\/wp-content\/uploads\/2026\/01\/sam-logo-online.png","width":1024,"height":1024,"caption":"S.A.M. KUCHLER Electronics GmbH"},"image":{"@id":"https:\/\/www.sam-kuchler.com\/en\/#\/schema\/logo\/image\/"},"sameAs":["https:\/\/www.facebook.com\/samkuchlerelectronics","https:\/\/www.instagram.com\/samkuchler\/","https:\/\/www.tiktok.com\/@sam_kuchler","https:\/\/www.linkedin.com\/company\/samkuchlerelectronics"],"description":"S.A.M. KUCHLER Electronics GmbH entwickelt und baut in \u00d6sterreich vollautomatische Schneide- und Verpackungssysteme f\u00fcr frisch geschnittene Lebensmittel (z. B. Wurst, K\u00e4se, Schinken) f\u00fcr den Einsatz im Verkaufsraum und in der Produktion.","email":"office@sam-kuchler.com","telephone":"+4346343543","legalName":"S.A.M. KUCHLER Electronics GmbH"}]}},"_links":{"self":[{"href":"https:\/\/www.sam-kuchler.com\/en\/wp-json\/wp\/v2\/pages\/7919","targetHints":{"allow":["GET"]}}],"collection":[{"href":"https:\/\/www.sam-kuchler.com\/en\/wp-json\/wp\/v2\/pages"}],"about":[{"href":"https:\/\/www.sam-kuchler.com\/en\/wp-json\/wp\/v2\/types\/page"}],"author":[{"embeddable":true,"href":"https:\/\/www.sam-kuchler.com\/en\/wp-json\/wp\/v2\/users\/1"}],"replies":[{"embeddable":true,"href":"https:\/\/www.sam-kuchler.com\/en\/wp-json\/wp\/v2\/comments?post=7919"}],"version-history":[{"count":0,"href":"https:\/\/www.sam-kuchler.com\/en\/wp-json\/wp\/v2\/pages\/7919\/revisions"}],"wp:attachment":[{"href":"https:\/\/www.sam-kuchler.com\/en\/wp-json\/wp\/v2\/media?parent=7919"}],"curies":[{"name":"wp","href":"https:\/\/api.w.org\/{rel}","templated":true}]}}