{"id":7920,"date":"2020-08-27T08:22:59","date_gmt":"2020-08-27T06:22:59","guid":{"rendered":"https:\/\/www.sam-kuchler.com\/sampak-media-kit\/"},"modified":"2020-08-27T08:22:59","modified_gmt":"2020-08-27T06:22:59","slug":"sampak-media-kit","status":"publish","type":"page","link":"https:\/\/www.sam-kuchler.com\/en\/sampak-media-kit\/","title":{"rendered":"SamPak Media Kit"},"content":{"rendered":"<h2 style=\"text-align: center; font-size: 38px !important;\">\u200bSamPak Marketing Kit<\/h2>\n<p>\u200bHier finden Sie Bilder, Videos und PDFs zum Download zur freien Verwendung. Gestalten Sie damit Ihre SamPak Theken und zeigen Sie Ihren Kunden, welchen Mehrwert unser\u200b SamPak bietet.<\/p>\n<p><span style=\"width: 100%;\"><img decoding=\"async\" alt=\"\" title=\"overall-ich-bin-campaign\" data-id=\"5489\" src=\"https:\/\/www.sam-kuchler.com\/wp-content\/uploads\/2020\/07\/overall-ich-bin-campaign-scaled.jpg\" style=\"\" data-width=\"248\" data-height=\"165\" data-init-width=\"2560\" data-init-height=\"1462\" loading=\"lazy\" width=\"248\" height=\"165\"><\/span><\/p>\n<h3>\u200bPlakatserie &#8220;Ich bin SamPak&#8221;<\/h3>\n<p>\u200b<\/p>\n<p>\u200bDateiformat: PDF<\/p>\n<p>Format: A4<\/p>\n<\/p>\n<p><span style=\"width: 100%;\"><img decoding=\"async\" alt=\"\" title=\"weniger-plastik-web\" data-id=\"5701\" src=\"https:\/\/www.sam-kuchler.com\/wp-content\/uploads\/2020\/07\/weniger-plastik-web.png\" style=\"\" data-width=\"248\" data-height=\"165\" data-init-width=\"4961\" data-init-height=\"7016\" loading=\"lazy\" width=\"248\" height=\"165\"><\/span><\/p>\n<h3>\u200bPlakat 60% weniger Plastik<\/h3>\n<p>\u200b<\/p>\n<p>Format: A4<\/p>\n<p>Dateiformat: PDF<\/p>\n<p><span style=\"width: 100%;\"><img decoding=\"async\" alt=\"\" title=\"SamPak_Verpackung-Beschreibung-web\" data-id=\"5743\" src=\"https:\/\/www.sam-kuchler.com\/wp-content\/uploads\/2020\/07\/SamPak_Verpackung-Beschreibung-web.jpg\" style=\"\" data-width=\"248\" data-height=\"165\" data-init-width=\"2421\" data-init-height=\"1558\" loading=\"lazy\" width=\"248\" height=\"165\"><\/span><\/p>\n<h3>\u200b\u200bSamPak im Detail<\/h3>\n<p>\u200b<\/p>\n<p>\u200bDateiformat: JPG<\/p>\n<\/p>\n<p><span style=\"width: 100%;\"><img decoding=\"async\" alt=\"\" title=\"sampaklogo\" data-id=\"1746\" src=\"https:\/\/www.sam-kuchler.com\/wp-content\/uploads\/2018\/07\/sampaklogo.svg\" style=\"\" data-width=\"248\" data-height=\"147\" data-init-width=\"\" data-init-height=\"\" loading=\"lazy\" width=\"248\" height=\"147\"><\/span><\/p>\n<h3>\u200b\u200bSamPak \u200bLogo<\/h3>\n<p>\u200b<\/p>\n<p>\u200bDateiformat: PDF<\/p>\n<\/p>\n<p><span style=\"width: 100%;\"><img decoding=\"async\" alt=\"\" title=\"SamPak_Mehrkammern-web\" data-id=\"5762\" src=\"https:\/\/www.sam-kuchler.com\/wp-content\/uploads\/2020\/07\/SamPak_Mehrkammern-web-scaled.jpeg\" style=\"\" data-width=\"248\" data-height=\"165\" data-init-width=\"2560\" data-init-height=\"1585\" loading=\"lazy\" width=\"248\" height=\"165\"><\/span><\/p>\n<h3>Foto SamPak Mehrkammernprinzip<\/h3>\n<p>\u200b<\/p>\n<p>Dateiformat: JPG<\/p>\n<p><span style=\"width: 100%;\"><img decoding=\"async\" alt=\"\" title=\"SamPak_video_web\" data-id=\"5772\" src=\"https:\/\/www.sam-kuchler.com\/wp-content\/uploads\/2020\/07\/SamPak_video_web.jpg\" style=\"\" data-width=\"248\" data-height=\"139\" data-init-width=\"1920\" data-init-height=\"1080\" loading=\"lazy\" width=\"248\" height=\"139\"><\/span><\/p>\n<h3>\u200bVideo SamPak<\/h3>\n<p>\u200b<\/p>\n<p>Dateiformat: MP4<\/p>\n<p><span style=\"width: 100%;\"><img decoding=\"async\" alt=\"\" title=\"Thekensticker_web\" data-id=\"5611\" src=\"https:\/\/www.sam-kuchler.com\/wp-content\/uploads\/2020\/07\/Thekensticker_web-scaled.jpg\" style=\"\" data-width=\"248\" data-height=\"9\" data-init-width=\"2560\" data-init-height=\"89\" loading=\"lazy\" width=\"248\" height=\"9\"><\/span><\/p>\n<h3>\u200bThekensticker &#8211; Hier frisch geschnitten<\/h3>\n<p>\u200b<\/p>\n<p>Dateiformat: JPG<\/p>\n<p>Ma\u00dfe: 300cm x 9mm<\/p>\n<p><span style=\"width: 100%;\"><img decoding=\"async\" alt=\"\" title=\"SamPak_Fr\u00fchst\u00fcck-web\" data-id=\"5679\" src=\"https:\/\/www.sam-kuchler.com\/wp-content\/uploads\/2020\/07\/SamPak_Fr\u00fchst\u00fcck-web-scaled.jpg\" style=\"\" data-width=\"248\" data-height=\"165\" data-init-width=\"2560\" data-init-height=\"1707\" loading=\"lazy\" width=\"248\" height=\"165\"><\/span><\/p>\n<h3>Foto Sampak Schinken<\/h3>\n<p>\u200b<\/p>\n<p>Datei: JPG<\/p>\n<p><span style=\"width: 100%;\"><img decoding=\"async\" alt=\"\" title=\"Sampak_K\u00e4se_SB-Theke\" data-id=\"5708\" src=\"https:\/\/www.sam-kuchler.com\/wp-content\/uploads\/2020\/07\/Sampak_K\u00e4se_SB-Theke.jpg\" style=\"\" data-width=\"248\" data-height=\"165\" data-init-width=\"1400\" data-init-height=\"787\" loading=\"lazy\" width=\"248\" height=\"165\"><\/span><\/p>\n<h3>\u200bFoto K\u00e4se SamPak in SB Theke<\/h3>\n<\/p>\n<p>\u200bDateiformat: JPG<\/p>\n<p>\u200b<a href=\"https:\/\/www.sam-kuchler.com\/wp-content\/uploads\/2020\/07\/Sampak_K\u00e4se_SB-Theke.jpg\" style=\"outline: currentcolor none medium;\" target=\"_blank\" rel=\"noopener noreferrer\">\u200b<\/a><\/p>\n<p><span style=\"width: 100%;\"><img decoding=\"async\" alt=\"\" title=\"Sampak_Schinken_SB-Theke\" data-id=\"5710\" src=\"https:\/\/www.sam-kuchler.com\/wp-content\/uploads\/2020\/07\/Sampak_Schinken_SB-Theke.jpg\" style=\"\" data-width=\"248\" data-height=\"165\" data-init-width=\"1400\" data-init-height=\"787\" loading=\"lazy\" width=\"248\" height=\"165\"><\/span><\/p>\n<h3>\u200bFoto Wurst Sampak in SB Theke<\/h3>\n<p>\u200b<\/p>\n<p>Dateiformat: JPG<\/p>\n<p><span style=\"width: 100%;\"><img decoding=\"async\" alt=\"\" title=\"SamPak_Gouda-web\" data-id=\"5727\" src=\"https:\/\/www.sam-kuchler.com\/wp-content\/uploads\/2020\/07\/SamPak_Gouda-web-scaled.jpg\" style=\"\" data-width=\"248\" data-height=\"165\" data-init-width=\"2560\" data-init-height=\"1981\" loading=\"lazy\" width=\"248\" height=\"165\"><\/span><\/p>\n<h3>\u200bFoto SamPak K\u00e4se<\/h3>\n<\/p>\n<p>\u200bDateiformat: JPG<\/p>\n<p><span style=\"width: 100%;\"><img decoding=\"async\" alt=\"\" title=\"SamPak_Salami-web\" data-id=\"5729\" src=\"https:\/\/www.sam-kuchler.com\/wp-content\/uploads\/2020\/07\/SamPak_Salami-web-scaled.jpg\" style=\"\" data-width=\"248\" data-height=\"165\" data-init-width=\"2560\" data-init-height=\"1981\" loading=\"lazy\" width=\"248\" height=\"165\"><\/span><\/p>\n<h3>Foto SamPak Salami<\/h3>\n<p>\u200b<\/p>\n<p>Dateiformat: JPG<\/p>\n<p><span style=\"width: 100%;\"><img decoding=\"async\" alt=\"\" title=\"SamPak_beim_Fr\u00fchst\u00fcck-web\" data-id=\"5764\" src=\"https:\/\/www.sam-kuchler.com\/wp-content\/uploads\/2020\/07\/SamPak_beim_Fr\u00fchst\u00fcck-web-scaled.jpeg\" style=\"\" data-width=\"248\" data-height=\"165\" data-init-width=\"1920\" data-init-height=\"2560\" loading=\"lazy\" width=\"248\" height=\"165\"><\/span><\/p>\n<h3>Foto SamPak beim Fr\u00fchst\u00fcck<\/h3>\n<p>\u200b<\/p>\n<p>Dateiformat: JPG<\/p>\n","protected":false},"excerpt":{"rendered":"<p>\u200bSamPak Marketing Kit \u200bHier finden Sie Bilder, Videos und PDFs zum Download zur freien Verwendung. Gestalten Sie damit Ihre SamPak Theken und zeigen Sie Ihren Kunden, welchen Mehrwert unser\u200b SamPak bietet. \u200bPlakatserie &#8220;Ich bin SamPak&#8221; \u200b \u200bDateiformat: PDF Format: A4 \u200bPlakat 60% weniger Plastik \u200b&#8230;<\/p>\n","protected":false},"author":8,"featured_media":0,"parent":0,"menu_order":0,"comment_status":"closed","ping_status":"closed","template":"","meta":{"_acf_changed":false,"inline_featured_image":false,"footnotes":""},"class_list":["post-7920","page","type-page","status-publish","hentry"],"acf":[],"yoast_head":"<!-- This site is optimized with the Yoast SEO Premium plugin v27.1 (Yoast SEO v27.4) - https:\/\/yoast.com\/product\/yoast-seo-premium-wordpress\/ -->\n<title>SamPak Media Kit | S.A.M. KUCHLER Electronics GmbH<\/title>\n<meta name=\"description\" content=\"Lese \u00fcber SamPak Media Kit und tauche ein in die Schneide- und Verpackungswelt von SAM. F\u00fcr Ihre Bedientheke von heute!\" \/>\n<meta name=\"robots\" content=\"index, follow, max-snippet:-1, max-image-preview:large, max-video-preview:-1\" \/>\n<link rel=\"canonical\" href=\"https:\/\/www.sam-kuchler.com\/en\/sampak-media-kit\/\" \/>\n<meta property=\"og:locale\" content=\"en_US\" \/>\n<meta property=\"og:type\" content=\"article\" \/>\n<meta property=\"og:title\" content=\"SamPak Media Kit\" \/>\n<meta property=\"og:description\" content=\"Lese \u00fcber SamPak Media Kit und tauche ein in die Schneide- und Verpackungswelt von SAM. F\u00fcr Ihre Bedientheke von heute!\" \/>\n<meta property=\"og:url\" content=\"https:\/\/www.sam-kuchler.com\/en\/sampak-media-kit\/\" \/>\n<meta property=\"og:site_name\" content=\"S.A.M. KUCHLER Electronics GmbH\" \/>\n<meta property=\"article:publisher\" content=\"https:\/\/www.facebook.com\/samkuchlerelectronics\" \/>\n<meta property=\"og:image\" content=\"https:\/\/www.sam-kuchler.com\/wp-content\/uploads\/2020\/07\/overall-ich-bin-campaign-scaled.jpg\" \/>\n<meta name=\"twitter:card\" content=\"summary_large_image\" \/>\n<meta name=\"twitter:label1\" content=\"Est. reading time\" \/>\n\t<meta name=\"twitter:data1\" content=\"1 minute\" \/>\n<script type=\"application\/ld+json\" class=\"yoast-schema-graph\">{\"@context\":\"https:\\\/\\\/schema.org\",\"@graph\":[{\"@type\":\"WebPage\",\"@id\":\"https:\\\/\\\/www.sam-kuchler.com\\\/en\\\/sampak-media-kit\\\/\",\"url\":\"https:\\\/\\\/www.sam-kuchler.com\\\/en\\\/sampak-media-kit\\\/\",\"name\":\"SamPak Media Kit | S.A.M. KUCHLER Electronics GmbH\",\"isPartOf\":{\"@id\":\"https:\\\/\\\/www.sam-kuchler.com\\\/en\\\/#website\"},\"primaryImageOfPage\":{\"@id\":\"https:\\\/\\\/www.sam-kuchler.com\\\/en\\\/sampak-media-kit\\\/#primaryimage\"},\"image\":{\"@id\":\"https:\\\/\\\/www.sam-kuchler.com\\\/en\\\/sampak-media-kit\\\/#primaryimage\"},\"thumbnailUrl\":\"https:\\\/\\\/www.sam-kuchler.com\\\/wp-content\\\/uploads\\\/2020\\\/07\\\/overall-ich-bin-campaign-scaled.jpg\",\"datePublished\":\"2020-08-27T06:22:59+00:00\",\"description\":\"Lese \u00fcber SamPak Media Kit und tauche ein in die Schneide- und Verpackungswelt von SAM. F\u00fcr Ihre Bedientheke von heute!\",\"breadcrumb\":{\"@id\":\"https:\\\/\\\/www.sam-kuchler.com\\\/en\\\/sampak-media-kit\\\/#breadcrumb\"},\"inLanguage\":\"en-US\",\"potentialAction\":[{\"@type\":\"ReadAction\",\"target\":[\"https:\\\/\\\/www.sam-kuchler.com\\\/en\\\/sampak-media-kit\\\/\"]}]},{\"@type\":\"ImageObject\",\"inLanguage\":\"en-US\",\"@id\":\"https:\\\/\\\/www.sam-kuchler.com\\\/en\\\/sampak-media-kit\\\/#primaryimage\",\"url\":\"https:\\\/\\\/www.sam-kuchler.com\\\/wp-content\\\/uploads\\\/2020\\\/07\\\/overall-ich-bin-campaign-scaled.jpg\",\"contentUrl\":\"https:\\\/\\\/www.sam-kuchler.com\\\/wp-content\\\/uploads\\\/2020\\\/07\\\/overall-ich-bin-campaign-scaled.jpg\"},{\"@type\":\"BreadcrumbList\",\"@id\":\"https:\\\/\\\/www.sam-kuchler.com\\\/en\\\/sampak-media-kit\\\/#breadcrumb\",\"itemListElement\":[{\"@type\":\"ListItem\",\"position\":1,\"name\":\"Startseite\",\"item\":\"https:\\\/\\\/www.sam-kuchler.com\\\/en\\\/\"},{\"@type\":\"ListItem\",\"position\":2,\"name\":\"SamPak Media Kit\"}]},{\"@type\":\"WebSite\",\"@id\":\"https:\\\/\\\/www.sam-kuchler.com\\\/en\\\/#website\",\"url\":\"https:\\\/\\\/www.sam-kuchler.com\\\/en\\\/\",\"name\":\"S.A.M. KUCHLER Electronics GmbH\",\"description\":\"Aufschnittmaschinen und Verpackungsger\u00e4te\",\"publisher\":{\"@id\":\"https:\\\/\\\/www.sam-kuchler.com\\\/en\\\/#organization\"},\"alternateName\":\"SAM\",\"potentialAction\":[{\"@type\":\"SearchAction\",\"target\":{\"@type\":\"EntryPoint\",\"urlTemplate\":\"https:\\\/\\\/www.sam-kuchler.com\\\/en\\\/?s={search_term_string}\"},\"query-input\":{\"@type\":\"PropertyValueSpecification\",\"valueRequired\":true,\"valueName\":\"search_term_string\"}}],\"inLanguage\":\"en-US\"},{\"@type\":\"Organization\",\"@id\":\"https:\\\/\\\/www.sam-kuchler.com\\\/en\\\/#organization\",\"name\":\"S.A.M. KUCHLER Electronics GmbH\",\"alternateName\":\"SAM\",\"url\":\"https:\\\/\\\/www.sam-kuchler.com\\\/en\\\/\",\"logo\":{\"@type\":\"ImageObject\",\"inLanguage\":\"en-US\",\"@id\":\"https:\\\/\\\/www.sam-kuchler.com\\\/en\\\/#\\\/schema\\\/logo\\\/image\\\/\",\"url\":\"https:\\\/\\\/www.sam-kuchler.com\\\/wp-content\\\/uploads\\\/2026\\\/01\\\/sam-logo-online.png\",\"contentUrl\":\"https:\\\/\\\/www.sam-kuchler.com\\\/wp-content\\\/uploads\\\/2026\\\/01\\\/sam-logo-online.png\",\"width\":1024,\"height\":1024,\"caption\":\"S.A.M. KUCHLER Electronics GmbH\"},\"image\":{\"@id\":\"https:\\\/\\\/www.sam-kuchler.com\\\/en\\\/#\\\/schema\\\/logo\\\/image\\\/\"},\"sameAs\":[\"https:\\\/\\\/www.facebook.com\\\/samkuchlerelectronics\",\"https:\\\/\\\/www.instagram.com\\\/samkuchler\\\/\",\"https:\\\/\\\/www.tiktok.com\\\/@sam_kuchler\",\"https:\\\/\\\/www.linkedin.com\\\/company\\\/samkuchlerelectronics\"],\"description\":\"S.A.M. KUCHLER Electronics GmbH entwickelt und baut in \u00d6sterreich vollautomatische Schneide- und Verpackungssysteme f\u00fcr frisch geschnittene Lebensmittel (z. B. Wurst, K\u00e4se, Schinken) f\u00fcr den Einsatz im Verkaufsraum und in der Produktion.\",\"email\":\"office@sam-kuchler.com\",\"telephone\":\"+4346343543\",\"legalName\":\"S.A.M. KUCHLER Electronics GmbH\"}]}<\/script>\n<!-- \/ Yoast SEO Premium plugin. -->","yoast_head_json":{"title":"SamPak Media Kit | S.A.M. KUCHLER Electronics GmbH","description":"Lese \u00fcber SamPak Media Kit und tauche ein in die Schneide- und Verpackungswelt von SAM. F\u00fcr Ihre Bedientheke von heute!","robots":{"index":"index","follow":"follow","max-snippet":"max-snippet:-1","max-image-preview":"max-image-preview:large","max-video-preview":"max-video-preview:-1"},"canonical":"https:\/\/www.sam-kuchler.com\/en\/sampak-media-kit\/","og_locale":"en_US","og_type":"article","og_title":"SamPak Media Kit","og_description":"Lese \u00fcber SamPak Media Kit und tauche ein in die Schneide- und Verpackungswelt von SAM. F\u00fcr Ihre Bedientheke von heute!","og_url":"https:\/\/www.sam-kuchler.com\/en\/sampak-media-kit\/","og_site_name":"S.A.M. KUCHLER Electronics GmbH","article_publisher":"https:\/\/www.facebook.com\/samkuchlerelectronics","og_image":[{"url":"https:\/\/www.sam-kuchler.com\/wp-content\/uploads\/2020\/07\/overall-ich-bin-campaign-scaled.jpg","type":"","width":"","height":""}],"twitter_card":"summary_large_image","twitter_misc":{"Est. reading time":"1 minute"},"schema":{"@context":"https:\/\/schema.org","@graph":[{"@type":"WebPage","@id":"https:\/\/www.sam-kuchler.com\/en\/sampak-media-kit\/","url":"https:\/\/www.sam-kuchler.com\/en\/sampak-media-kit\/","name":"SamPak Media Kit | S.A.M. KUCHLER Electronics GmbH","isPartOf":{"@id":"https:\/\/www.sam-kuchler.com\/en\/#website"},"primaryImageOfPage":{"@id":"https:\/\/www.sam-kuchler.com\/en\/sampak-media-kit\/#primaryimage"},"image":{"@id":"https:\/\/www.sam-kuchler.com\/en\/sampak-media-kit\/#primaryimage"},"thumbnailUrl":"https:\/\/www.sam-kuchler.com\/wp-content\/uploads\/2020\/07\/overall-ich-bin-campaign-scaled.jpg","datePublished":"2020-08-27T06:22:59+00:00","description":"Lese \u00fcber SamPak Media Kit und tauche ein in die Schneide- und Verpackungswelt von SAM. F\u00fcr Ihre Bedientheke von heute!","breadcrumb":{"@id":"https:\/\/www.sam-kuchler.com\/en\/sampak-media-kit\/#breadcrumb"},"inLanguage":"en-US","potentialAction":[{"@type":"ReadAction","target":["https:\/\/www.sam-kuchler.com\/en\/sampak-media-kit\/"]}]},{"@type":"ImageObject","inLanguage":"en-US","@id":"https:\/\/www.sam-kuchler.com\/en\/sampak-media-kit\/#primaryimage","url":"https:\/\/www.sam-kuchler.com\/wp-content\/uploads\/2020\/07\/overall-ich-bin-campaign-scaled.jpg","contentUrl":"https:\/\/www.sam-kuchler.com\/wp-content\/uploads\/2020\/07\/overall-ich-bin-campaign-scaled.jpg"},{"@type":"BreadcrumbList","@id":"https:\/\/www.sam-kuchler.com\/en\/sampak-media-kit\/#breadcrumb","itemListElement":[{"@type":"ListItem","position":1,"name":"Startseite","item":"https:\/\/www.sam-kuchler.com\/en\/"},{"@type":"ListItem","position":2,"name":"SamPak Media Kit"}]},{"@type":"WebSite","@id":"https:\/\/www.sam-kuchler.com\/en\/#website","url":"https:\/\/www.sam-kuchler.com\/en\/","name":"S.A.M. KUCHLER Electronics GmbH","description":"Aufschnittmaschinen und Verpackungsger\u00e4te","publisher":{"@id":"https:\/\/www.sam-kuchler.com\/en\/#organization"},"alternateName":"SAM","potentialAction":[{"@type":"SearchAction","target":{"@type":"EntryPoint","urlTemplate":"https:\/\/www.sam-kuchler.com\/en\/?s={search_term_string}"},"query-input":{"@type":"PropertyValueSpecification","valueRequired":true,"valueName":"search_term_string"}}],"inLanguage":"en-US"},{"@type":"Organization","@id":"https:\/\/www.sam-kuchler.com\/en\/#organization","name":"S.A.M. KUCHLER Electronics GmbH","alternateName":"SAM","url":"https:\/\/www.sam-kuchler.com\/en\/","logo":{"@type":"ImageObject","inLanguage":"en-US","@id":"https:\/\/www.sam-kuchler.com\/en\/#\/schema\/logo\/image\/","url":"https:\/\/www.sam-kuchler.com\/wp-content\/uploads\/2026\/01\/sam-logo-online.png","contentUrl":"https:\/\/www.sam-kuchler.com\/wp-content\/uploads\/2026\/01\/sam-logo-online.png","width":1024,"height":1024,"caption":"S.A.M. KUCHLER Electronics GmbH"},"image":{"@id":"https:\/\/www.sam-kuchler.com\/en\/#\/schema\/logo\/image\/"},"sameAs":["https:\/\/www.facebook.com\/samkuchlerelectronics","https:\/\/www.instagram.com\/samkuchler\/","https:\/\/www.tiktok.com\/@sam_kuchler","https:\/\/www.linkedin.com\/company\/samkuchlerelectronics"],"description":"S.A.M. KUCHLER Electronics GmbH entwickelt und baut in \u00d6sterreich vollautomatische Schneide- und Verpackungssysteme f\u00fcr frisch geschnittene Lebensmittel (z. B. Wurst, K\u00e4se, Schinken) f\u00fcr den Einsatz im Verkaufsraum und in der Produktion.","email":"office@sam-kuchler.com","telephone":"+4346343543","legalName":"S.A.M. KUCHLER Electronics GmbH"}]}},"_links":{"self":[{"href":"https:\/\/www.sam-kuchler.com\/en\/wp-json\/wp\/v2\/pages\/7920","targetHints":{"allow":["GET"]}}],"collection":[{"href":"https:\/\/www.sam-kuchler.com\/en\/wp-json\/wp\/v2\/pages"}],"about":[{"href":"https:\/\/www.sam-kuchler.com\/en\/wp-json\/wp\/v2\/types\/page"}],"author":[{"embeddable":true,"href":"https:\/\/www.sam-kuchler.com\/en\/wp-json\/wp\/v2\/users\/8"}],"replies":[{"embeddable":true,"href":"https:\/\/www.sam-kuchler.com\/en\/wp-json\/wp\/v2\/comments?post=7920"}],"version-history":[{"count":0,"href":"https:\/\/www.sam-kuchler.com\/en\/wp-json\/wp\/v2\/pages\/7920\/revisions"}],"wp:attachment":[{"href":"https:\/\/www.sam-kuchler.com\/en\/wp-json\/wp\/v2\/media?parent=7920"}],"curies":[{"name":"wp","href":"https:\/\/api.w.org\/{rel}","templated":true}]}}