{"id":7921,"date":"2020-07-27T09:47:32","date_gmt":"2020-07-27T07:47:32","guid":{"rendered":"https:\/\/www.sam-kuchler.com\/faq-bio-sampak\/"},"modified":"2023-01-12T11:35:59","modified_gmt":"2023-01-12T10:35:59","slug":"faq-bio-sampak","status":"publish","type":"page","link":"https:\/\/www.sam-kuchler.com\/en\/faq-bio-sampak\/","title":{"rendered":"FAQ Bio SamPak"},"content":{"rendered":"<h1 style=\"text-align: center;\">FAQ<\/h1>\n<h2>Woraus besteht die Bio-Folie?<\/h2>\n<p>\u200bDie Bio-Folie wird aus <strong>Holz<\/strong> (Zellulose) hergestellt und stammt von B\u00e4umen aus <strong>zertifizierter Forstwirtschaft<\/strong>. Sie wird <strong>NICHT<\/strong> aus genmanipulierter Maisst\u00e4rke hergestellt.<\/p>\n<p>S.A.M. hat die letzten 3-4 Jahre an der Entwicklung dieser Folie gearbeitet. Es ist die weltweit erste kompostierbare Feinkostverpackung. Die Verpackung wurde von S.A.M. patentiert.<\/p>\n<h2>\u200bIst die Bio-Folie kompostierbar?<\/h2>\n<p>\u200bJa! Die Bio-Folie zersetzt sich sogar im Komposter zuhause.<\/p>\n<p>Auf allen m\u00f6glichen Dingen steht \u201ebiologisch abbaubar\u201c. So gut wie nichts davon ist aber wirklich f\u00fcr den Komposthaufen im Garten gedacht und somit im gleichen Sinne biologisch abbaubar, wie wir es als Konsumenten erwarten. <strong>Unsere Folie darf auf den Komposthaufen im Garten<\/strong>.<\/p>\n<h2>\u200bWie lange ben\u00f6tigt die Bio-Folie bis sie sich aufl\u00f6st?<\/h2>\n<p>\u200bEs kommt auf die Jahreszeit an, im Winter ist der Kompostierprozess nat\u00fcrlich langsamer. Im Sommer zersetzt sich die Folie innerhalb von <strong>7-10 Wochen<\/strong>.<\/p>\n<h2>\u200bWie entsorge ich die Bio-Folie?<\/h2>\n<p>\u200bDie Bio-Folie darf in den <strong>Komposter<\/strong> zuhause, jedoch <strong>NICHT<\/strong> in den Biom\u00fcll, da die Regulierungen in Deutschland hierf\u00fcr noch nicht geschaffen wurden. Ansonsten wird die Folie in die <strong>Wertstofftonne<\/strong> geworfen. Der Begriff \u201eWertstofftonne\u201c ist nicht jedem gel\u00e4ufig, h\u00e4ufig ist der Ausdruck \u201egelbe Tonne\u201c bekannt.<\/p>\n<h2>\u200bUnd wenn die Folie doch verbrannt wird?<\/h2>\n<p>\u200bDann ist das auch nicht weiter schlimm.Man kann die Folie auch gerne mit einem Feuerzeug anz\u00fcnden, um zu sehen was passiert. Es riecht wie zuhause vor dem Kamin, denn man verbrennt Holz.<\/p>\n<p>Sollte die Folie also verbrennt werden, wird kein zus\u00e4tzliches CO2 freigesetzt.<\/p>\n<h2>\u200bWie kann der Markt die Kompostierbarkeit der Folie bestm\u00f6glich an seine Endkunden kommunizieren?<\/h2>\n<p>\u200b\u200bWir bieten <a style=\"outline: currentcolor none medium;\" href=\"https:\/\/www.sam-kuchler.com\/en\/bio-sampak-media-kit\/\" target=\"_blank\" rel=\"noopener noreferrer\"><strong>Marketingunterst\u00fctzung<\/strong><\/a> bestehend aus Aufstellern, Plakaten, kurze Videos (Kompostierprozess im Zeitraffer), um die Botschaft \u201ekompostierbare Verpackung\u201c im Markt bestm\u00f6glich zu kommunizieren.(Auch f\u00fcr Kunststoffverpackung haben wir entsprechendes Marketingmaterial \u00a0zB Plakate mit \u201e60% weniger Plastik als bei herk\u00f6mmlichen Verpackungen\u201c.) Bei Bedarf fragen Sie gerne bei uns an.<\/p>\n<h2>\u200bWas ist der Unterschied zwischen recyclebar und kompostierbar?<\/h2>\n<p>\u200b<strong>Recycelbar<\/strong> bedeutet, dass ein Material nach dem Wegwerfen zur\u00fcckgewonnen, zerlegt und wieder verwendet werden kann, um ein neues Produkt herzustellen. Aber: nur ca. 16 % des Plastikm\u00fclls wird recycelt. Meist handelt es sich auch um \u201eDowncycling\u201c, z.B wird aus einer PET-Einwegflasche keine neue Flasche, sondern beispielsweise Fasern f\u00fcr die Textilindustrie, die jedoch nicht erneut wiederverwertet werden k\u00f6nnen.<\/p>\n<p><strong>Kompostierbar<\/strong>Unter &#8220;kompostierbar&#8221; wird allgemein die Methode zur Verarbeitung von organischen Abf\u00e4llen verstanden. Bakterien, Pilze, kleine Insekten ern\u00e4hren sich von den festen Abf\u00e4llen und wandeln sie in Kohlendioxid, Wasser und Kompost um.<\/p>\n<h2>\u200bWelche Zertifikate best\u00e4tigen die Kompostierbarkeit?<\/h2>\n<p>\u200bEs gibt zahlreiche Pr\u00fcfstellen, die Untersuchungen der Kompostierbarkeit durchf\u00fchren und Zertifikate ausstellen (z.B. T\u00dcV-Austria oder der \u201eKeimling\u201c). Falls Kunden diese Zertifikate w\u00fcnschen, k\u00f6nnen diese auf Eigenkosten durchgef\u00fchrt werden. Auf Wunsch senden wir Ihnen bereits durchgef\u00fchrte Migrationspr\u00fcfungen zu.<\/p>\n<h2>\u200bKann die Folie auch bedruckt werden?<\/h2>\n<p>\u200bJa! Die Folie ist <strong>vollst\u00e4ndig bedruckbar<\/strong>. Hingegen ist die Kunststoffverpackung nur am Rand bedruckbar.Aktuell befindet sich auf der Bio-Folie das Logo \u201eBio-SamPak\u201c und wichtige Informationen f\u00fcr den Endkunden wie:<\/p>\n<ul>\n<li><strong>&#8220;Folie aus Holz&#8221;<\/strong><\/li>\n<li><strong>&#8220;Ich bin eine Bio-Folie aus Holz und darf auch in die Wertstofftonne&#8221;<\/strong><\/li>\n<li><strong>&#8220;Im Komposter zersetze ich in wenigen Monaten&#8221;<\/strong><\/li>\n<\/ul>\n","protected":false},"excerpt":{"rendered":"<p>FAQ Woraus besteht die Bio-Folie? \u200bDie Bio-Folie wird aus Holz (Zellulose) hergestellt und stammt von B\u00e4umen aus zertifizierter Forstwirtschaft. Sie wird NICHT aus genmanipulierter Maisst\u00e4rke hergestellt. S.A.M. hat die letzten 3-4 Jahre an der Entwicklung dieser Folie gearbeitet. Es ist die weltweit erste kompostierbare Feinkostverpackung&#8230;.<\/p>\n","protected":false},"author":1,"featured_media":0,"parent":0,"menu_order":0,"comment_status":"closed","ping_status":"closed","template":"","meta":{"_acf_changed":false,"inline_featured_image":false,"footnotes":""},"class_list":["post-7921","page","type-page","status-publish","hentry"],"acf":[],"yoast_head":"<!-- This site is optimized with the Yoast SEO Premium plugin v27.1 (Yoast SEO v27.5) - https:\/\/yoast.com\/product\/yoast-seo-premium-wordpress\/ -->\n<title>FAQ Bio SamPak | S.A.M. KUCHLER Electronics GmbH<\/title>\n<meta name=\"description\" content=\"Eine kurze Erkl\u00e4rung zum S.A.M. SamPak und der kompostierbaren Biofolie. Eine Folie aus Holz die sie einfach in den Kompost geben k\u00f6nnen.\" \/>\n<meta name=\"robots\" content=\"index, follow, max-snippet:-1, max-image-preview:large, max-video-preview:-1\" \/>\n<link rel=\"canonical\" href=\"https:\/\/www.sam-kuchler.com\/en\/faq-bio-sampak\/\" \/>\n<meta property=\"og:locale\" content=\"en_US\" \/>\n<meta property=\"og:type\" content=\"article\" \/>\n<meta property=\"og:title\" content=\"FAQ Bio SamPak\" \/>\n<meta property=\"og:description\" content=\"Eine kurze Erkl\u00e4rung zum S.A.M. SamPak und der kompostierbaren Biofolie. Eine Folie aus Holz die sie einfach in den Kompost geben k\u00f6nnen.\" \/>\n<meta property=\"og:url\" content=\"https:\/\/www.sam-kuchler.com\/en\/faq-bio-sampak\/\" \/>\n<meta property=\"og:site_name\" content=\"S.A.M. KUCHLER Electronics GmbH\" \/>\n<meta property=\"article:publisher\" content=\"https:\/\/www.facebook.com\/samkuchlerelectronics\" \/>\n<meta property=\"article:modified_time\" content=\"2023-01-12T10:35:59+00:00\" \/>\n<meta property=\"og:image\" content=\"https:\/\/www.sam-kuchler.com\/wp-content\/uploads\/2025\/01\/P75_4186-scaled.jpg\" \/>\n\t<meta property=\"og:image:width\" content=\"2560\" \/>\n\t<meta property=\"og:image:height\" content=\"1707\" \/>\n\t<meta property=\"og:image:type\" content=\"image\/jpeg\" \/>\n<meta name=\"twitter:card\" content=\"summary_large_image\" \/>\n<meta name=\"twitter:label1\" content=\"Est. reading time\" \/>\n\t<meta name=\"twitter:data1\" content=\"3 minutes\" \/>\n<script type=\"application\/ld+json\" class=\"yoast-schema-graph\">{\"@context\":\"https:\\\/\\\/schema.org\",\"@graph\":[{\"@type\":\"WebPage\",\"@id\":\"https:\\\/\\\/www.sam-kuchler.com\\\/en\\\/faq-bio-sampak\\\/\",\"url\":\"https:\\\/\\\/www.sam-kuchler.com\\\/en\\\/faq-bio-sampak\\\/\",\"name\":\"FAQ Bio SamPak | S.A.M. KUCHLER Electronics GmbH\",\"isPartOf\":{\"@id\":\"https:\\\/\\\/www.sam-kuchler.com\\\/en\\\/#website\"},\"datePublished\":\"2020-07-27T07:47:32+00:00\",\"dateModified\":\"2023-01-12T10:35:59+00:00\",\"description\":\"Eine kurze Erkl\u00e4rung zum S.A.M. SamPak und der kompostierbaren Biofolie. Eine Folie aus Holz die sie einfach in den Kompost geben k\u00f6nnen.\",\"breadcrumb\":{\"@id\":\"https:\\\/\\\/www.sam-kuchler.com\\\/en\\\/faq-bio-sampak\\\/#breadcrumb\"},\"inLanguage\":\"en-US\",\"potentialAction\":[{\"@type\":\"ReadAction\",\"target\":[\"https:\\\/\\\/www.sam-kuchler.com\\\/en\\\/faq-bio-sampak\\\/\"]}]},{\"@type\":\"BreadcrumbList\",\"@id\":\"https:\\\/\\\/www.sam-kuchler.com\\\/en\\\/faq-bio-sampak\\\/#breadcrumb\",\"itemListElement\":[{\"@type\":\"ListItem\",\"position\":1,\"name\":\"Startseite\",\"item\":\"https:\\\/\\\/www.sam-kuchler.com\\\/en\\\/\"},{\"@type\":\"ListItem\",\"position\":2,\"name\":\"FAQ Bio SamPak\"}]},{\"@type\":\"WebSite\",\"@id\":\"https:\\\/\\\/www.sam-kuchler.com\\\/en\\\/#website\",\"url\":\"https:\\\/\\\/www.sam-kuchler.com\\\/en\\\/\",\"name\":\"S.A.M. KUCHLER Electronics GmbH\",\"description\":\"Aufschnittmaschinen und Verpackungsger\u00e4te\",\"publisher\":{\"@id\":\"https:\\\/\\\/www.sam-kuchler.com\\\/en\\\/#organization\"},\"alternateName\":\"SAM\",\"potentialAction\":[{\"@type\":\"SearchAction\",\"target\":{\"@type\":\"EntryPoint\",\"urlTemplate\":\"https:\\\/\\\/www.sam-kuchler.com\\\/en\\\/?s={search_term_string}\"},\"query-input\":{\"@type\":\"PropertyValueSpecification\",\"valueRequired\":true,\"valueName\":\"search_term_string\"}}],\"inLanguage\":\"en-US\"},{\"@type\":\"Organization\",\"@id\":\"https:\\\/\\\/www.sam-kuchler.com\\\/en\\\/#organization\",\"name\":\"S.A.M. KUCHLER Electronics GmbH\",\"alternateName\":\"SAM\",\"url\":\"https:\\\/\\\/www.sam-kuchler.com\\\/en\\\/\",\"logo\":{\"@type\":\"ImageObject\",\"inLanguage\":\"en-US\",\"@id\":\"https:\\\/\\\/www.sam-kuchler.com\\\/en\\\/#\\\/schema\\\/logo\\\/image\\\/\",\"url\":\"https:\\\/\\\/www.sam-kuchler.com\\\/wp-content\\\/uploads\\\/2026\\\/01\\\/sam-logo-online.png\",\"contentUrl\":\"https:\\\/\\\/www.sam-kuchler.com\\\/wp-content\\\/uploads\\\/2026\\\/01\\\/sam-logo-online.png\",\"width\":1024,\"height\":1024,\"caption\":\"S.A.M. KUCHLER Electronics GmbH\"},\"image\":{\"@id\":\"https:\\\/\\\/www.sam-kuchler.com\\\/en\\\/#\\\/schema\\\/logo\\\/image\\\/\"},\"sameAs\":[\"https:\\\/\\\/www.facebook.com\\\/samkuchlerelectronics\",\"https:\\\/\\\/www.instagram.com\\\/samkuchler\\\/\",\"https:\\\/\\\/www.tiktok.com\\\/@sam_kuchler\",\"https:\\\/\\\/www.linkedin.com\\\/company\\\/samkuchlerelectronics\"],\"description\":\"S.A.M. KUCHLER Electronics GmbH entwickelt und baut in \u00d6sterreich vollautomatische Schneide- und Verpackungssysteme f\u00fcr frisch geschnittene Lebensmittel (z. B. Wurst, K\u00e4se, Schinken) f\u00fcr den Einsatz im Verkaufsraum und in der Produktion.\",\"email\":\"office@sam-kuchler.com\",\"telephone\":\"+4346343543\",\"legalName\":\"S.A.M. KUCHLER Electronics GmbH\"}]}<\/script>\n<!-- \/ Yoast SEO Premium plugin. -->","yoast_head_json":{"title":"FAQ Bio SamPak | S.A.M. KUCHLER Electronics GmbH","description":"Eine kurze Erkl\u00e4rung zum S.A.M. SamPak und der kompostierbaren Biofolie. Eine Folie aus Holz die sie einfach in den Kompost geben k\u00f6nnen.","robots":{"index":"index","follow":"follow","max-snippet":"max-snippet:-1","max-image-preview":"max-image-preview:large","max-video-preview":"max-video-preview:-1"},"canonical":"https:\/\/www.sam-kuchler.com\/en\/faq-bio-sampak\/","og_locale":"en_US","og_type":"article","og_title":"FAQ Bio SamPak","og_description":"Eine kurze Erkl\u00e4rung zum S.A.M. SamPak und der kompostierbaren Biofolie. Eine Folie aus Holz die sie einfach in den Kompost geben k\u00f6nnen.","og_url":"https:\/\/www.sam-kuchler.com\/en\/faq-bio-sampak\/","og_site_name":"S.A.M. KUCHLER Electronics GmbH","article_publisher":"https:\/\/www.facebook.com\/samkuchlerelectronics","article_modified_time":"2023-01-12T10:35:59+00:00","og_image":[{"width":2560,"height":1707,"url":"https:\/\/www.sam-kuchler.com\/wp-content\/uploads\/2025\/01\/P75_4186-scaled.jpg","type":"image\/jpeg"}],"twitter_card":"summary_large_image","twitter_misc":{"Est. reading time":"3 minutes"},"schema":{"@context":"https:\/\/schema.org","@graph":[{"@type":"WebPage","@id":"https:\/\/www.sam-kuchler.com\/en\/faq-bio-sampak\/","url":"https:\/\/www.sam-kuchler.com\/en\/faq-bio-sampak\/","name":"FAQ Bio SamPak | S.A.M. KUCHLER Electronics GmbH","isPartOf":{"@id":"https:\/\/www.sam-kuchler.com\/en\/#website"},"datePublished":"2020-07-27T07:47:32+00:00","dateModified":"2023-01-12T10:35:59+00:00","description":"Eine kurze Erkl\u00e4rung zum S.A.M. SamPak und der kompostierbaren Biofolie. Eine Folie aus Holz die sie einfach in den Kompost geben k\u00f6nnen.","breadcrumb":{"@id":"https:\/\/www.sam-kuchler.com\/en\/faq-bio-sampak\/#breadcrumb"},"inLanguage":"en-US","potentialAction":[{"@type":"ReadAction","target":["https:\/\/www.sam-kuchler.com\/en\/faq-bio-sampak\/"]}]},{"@type":"BreadcrumbList","@id":"https:\/\/www.sam-kuchler.com\/en\/faq-bio-sampak\/#breadcrumb","itemListElement":[{"@type":"ListItem","position":1,"name":"Startseite","item":"https:\/\/www.sam-kuchler.com\/en\/"},{"@type":"ListItem","position":2,"name":"FAQ Bio SamPak"}]},{"@type":"WebSite","@id":"https:\/\/www.sam-kuchler.com\/en\/#website","url":"https:\/\/www.sam-kuchler.com\/en\/","name":"S.A.M. KUCHLER Electronics GmbH","description":"Aufschnittmaschinen und Verpackungsger\u00e4te","publisher":{"@id":"https:\/\/www.sam-kuchler.com\/en\/#organization"},"alternateName":"SAM","potentialAction":[{"@type":"SearchAction","target":{"@type":"EntryPoint","urlTemplate":"https:\/\/www.sam-kuchler.com\/en\/?s={search_term_string}"},"query-input":{"@type":"PropertyValueSpecification","valueRequired":true,"valueName":"search_term_string"}}],"inLanguage":"en-US"},{"@type":"Organization","@id":"https:\/\/www.sam-kuchler.com\/en\/#organization","name":"S.A.M. KUCHLER Electronics GmbH","alternateName":"SAM","url":"https:\/\/www.sam-kuchler.com\/en\/","logo":{"@type":"ImageObject","inLanguage":"en-US","@id":"https:\/\/www.sam-kuchler.com\/en\/#\/schema\/logo\/image\/","url":"https:\/\/www.sam-kuchler.com\/wp-content\/uploads\/2026\/01\/sam-logo-online.png","contentUrl":"https:\/\/www.sam-kuchler.com\/wp-content\/uploads\/2026\/01\/sam-logo-online.png","width":1024,"height":1024,"caption":"S.A.M. KUCHLER Electronics GmbH"},"image":{"@id":"https:\/\/www.sam-kuchler.com\/en\/#\/schema\/logo\/image\/"},"sameAs":["https:\/\/www.facebook.com\/samkuchlerelectronics","https:\/\/www.instagram.com\/samkuchler\/","https:\/\/www.tiktok.com\/@sam_kuchler","https:\/\/www.linkedin.com\/company\/samkuchlerelectronics"],"description":"S.A.M. KUCHLER Electronics GmbH entwickelt und baut in \u00d6sterreich vollautomatische Schneide- und Verpackungssysteme f\u00fcr frisch geschnittene Lebensmittel (z. B. Wurst, K\u00e4se, Schinken) f\u00fcr den Einsatz im Verkaufsraum und in der Produktion.","email":"office@sam-kuchler.com","telephone":"+4346343543","legalName":"S.A.M. KUCHLER Electronics GmbH"}]}},"_links":{"self":[{"href":"https:\/\/www.sam-kuchler.com\/en\/wp-json\/wp\/v2\/pages\/7921","targetHints":{"allow":["GET"]}}],"collection":[{"href":"https:\/\/www.sam-kuchler.com\/en\/wp-json\/wp\/v2\/pages"}],"about":[{"href":"https:\/\/www.sam-kuchler.com\/en\/wp-json\/wp\/v2\/types\/page"}],"author":[{"embeddable":true,"href":"https:\/\/www.sam-kuchler.com\/en\/wp-json\/wp\/v2\/users\/1"}],"replies":[{"embeddable":true,"href":"https:\/\/www.sam-kuchler.com\/en\/wp-json\/wp\/v2\/comments?post=7921"}],"version-history":[{"count":0,"href":"https:\/\/www.sam-kuchler.com\/en\/wp-json\/wp\/v2\/pages\/7921\/revisions"}],"wp:attachment":[{"href":"https:\/\/www.sam-kuchler.com\/en\/wp-json\/wp\/v2\/media?parent=7921"}],"curies":[{"name":"wp","href":"https:\/\/api.w.org\/{rel}","templated":true}]}}