{"id":7925,"date":"2020-06-01T02:10:53","date_gmt":"2020-06-01T00:10:53","guid":{"rendered":"https:\/\/www.sam-kuchler.com\/produktion-metzger\/"},"modified":"2026-01-23T17:52:22","modified_gmt":"2026-01-23T16:52:22","slug":"production-butcher","status":"publish","type":"page","link":"https:\/\/www.sam-kuchler.com\/en\/production-butcher\/","title":{"rendered":"Production butcher"},"content":{"rendered":"<p><span style=\"\"><img decoding=\"async\" alt=\"\" data-id=\"5198\" data-init-width=\"900\" data-init-height=\"826\" title=\"308_iB_SalamiSGW\" loading=\"lazy\" src=\"https:\/\/www.sam-kuchler.com\/wp-content\/uploads\/2020\/06\/308_iB_SalamiSGW.png\" data-width=\"748\" data-height=\"686\" style=\"aspect-ratio: auto 900 \/ 826;\" mt-d=\"-26\" mt-m=\"0\" center-v-d=\"false\" width=\"748\" height=\"686\"><\/span><\/p>\n<h1><span>Automatic slicing.<\/span><\/h1>\n<h1>Pre-slicing for trays, counter, vacuum bag&#8230;<\/h1>\n<p style=\"text-align: center;\">S.A.M. automatic slicers offer flexible solutions for your production. Simply place goods on the machine and press the button, and the machine will cut and place perfect slices.<\/p>\n<h3 style=\"text-align: center;\"><span>S.A.M. fully automatic slicers for cutting ham, sausage, cheese, etc.<\/span><\/h3>\n<h2 style=\"text-align: center;\">This is what S.A.M. brings to your production.<\/h2>\n<p style=\"text-align: center;\">\n<h2 style=\"text-align: center; color: var(--tcb-color-2)  !important; --tcb-applied-color:var$(--tcb-color-2)  !important;\">43kg \/ houre<\/h2>\n<h2 style=\"text-align: center;\">Cold cuts<\/h2>\n<h2 style=\"text-align: center; color: var(--tcb-color-2)  !important; --tcb-applied-color:var$(--tcb-color-2)  !important;\">22%&nbsp;<\/h2>\n<h2 style=\"text-align: center;\">more sales<\/h2>\n<h2 style=\"text-align: center; color: var(--tcb-color-2)  !important; --tcb-applied-color:var$(--tcb-color-2)  !important;\">100 %&nbsp;<\/h2>\n<h2 style=\"text-align: center;\">more time<\/h2>\n<p><span style=\"width: 100%;\"><img decoding=\"async\" alt=\"sam kuchler aufschnittmaschine halbautomatisch\" title=\"308i\" data-id=\"2006\" src=\"https:\/\/www.sam-kuchler.com\/wp-content\/uploads\/2018\/07\/308i.jpg\" style=\"aspect-ratio: auto 1400 \/ 1400;\" data-width=\"469\" data-height=\"469\" data-init-width=\"1400\" data-init-height=\"1400\" loading=\"lazy\" ml-d=\"-4\" width=\"469\" height=\"469\"><\/span><\/p>\n<h2 style=\"text-align: right;\"><span style=\"color: rgb(86, 205, 195);\">e.g. pre-cut stacks. <\/span><\/h2>\n<h2 style=\"text-align: right;\">perfect storage!<\/h2>\n<p>Choose between different deposit patterns and let the machine work at the touch of a button.<\/p>\n<ul>\n<li><span>simple operation<\/span><\/li>\n<li><span>manifold applicable!<\/span><\/li>\n<\/ul>\n<h2 style=\"text-align: right;\"><span style=\"color: rgb(86, 205, 195);\">Slicing into shells.<\/span><\/h2>\n<h2 style=\"text-align: right;\">S.A.M. automatically cuts and places slices in trays.<\/h2>\n<p>You need filled trays, which then go into a packaging device? Exactly right!<\/p>\n<ul>\n<li><span>without hand contact, hygienic!<\/span><\/li>\n<li><span>Time saving &amp; labor saving<\/span><\/li>\n<li><span>neatly laid portions<\/span><\/li>\n<\/ul>\n<h2 style=\"\"><span style=\"\">Endless slicing.<\/span> Machine places slices on the conveyor belt.<\/h2>\n<p>Make full use of the automatic system and let the machine cut continuously on the conveyor belt.<\/p>\n<ul>\n<li><span>decoratively placed cold cuts<\/span><\/li>\n<li><span>hygienic, since no contact with the hand<\/span><\/li>\n<li><span>automatic packing optionally possible<\/span><\/li>\n<\/ul>\n<h2 style=\"\"><span style=\"\">Large products.<\/span>No Problem.<\/h2>\n<p>Whether it is mortadella or natural cured ham, our machines with blade size 370 mm make it possible to cut large pieces of meat.<\/p>\n<ul>\n<li><span>decoratively placed cold cuts<\/span><\/li>\n<li><span>hygienic, since no contact with the hand<\/span><\/li>\n<li><span>Time saving &amp; labor saving<\/span><\/li>\n<\/ul>\n<h2 style=\"text-align: right;\"><span style=\"color: rgb(86, 205, 195);\">Slicing with weight specification!<\/span><\/h2>\n<h2 style=\"text-align: right;\">Save handles, let the machine portion.<\/h2>\n<p>Just type in the desired weight in the machine the machine automatically cuts until the weight is reached.<\/p>\n<p><span style=\"width: 100%;\"><img decoding=\"async\" alt=\"\" title=\"Quotation_marks_image_white-opaque\" data-id=\"41617\" src=\"\/\/www.sam-kuchler.com\/wp-content\/uploads\/tcb_content_templates\/\/images\/Quotation_marks_image_white-opaque.png\" style=\"aspect-ratio: auto 175 \/ 137;\" data-width=\"30\" data-height=\"23\" data-init-width=\"175\" data-init-height=\"137\" width=\"30\" height=\"23\"><\/span><\/p>\n<h4>HIGHEST QUALITY<\/h4>\n<p>S.A.M. machines work powerfully and precisely!<\/p>\n<\/p>\n<p><span style=\"width: 100%;\"><img decoding=\"async\" alt=\"\" title=\"Quotation_marks_image_white-opaque\" data-id=\"41617\" src=\"\/\/www.sam-kuchler.com\/wp-content\/uploads\/tcb_content_templates\/\/images\/Quotation_marks_image_white-opaque.png\" style=\"aspect-ratio: auto 175 \/ 137;\" data-width=\"30\" data-height=\"23\" data-init-width=\"175\" data-init-height=\"137\" width=\"30\" height=\"23\"><\/span><\/p>\n<h4>GAIN TIME<\/h4>\n<p>While the S.A.M. cuts fully automatically, you have time to take care of other tasks. Start the machine and your hands are free.<\/p>\n<\/p>\n<p><span style=\"width: 100%;\"><img decoding=\"async\" alt=\"\" title=\"Quotation_marks_image_white-opaque\" data-id=\"41617\" src=\"\/\/www.sam-kuchler.com\/wp-content\/uploads\/tcb_content_templates\/\/images\/Quotation_marks_image_white-opaque.png\" style=\"aspect-ratio: auto 175 \/ 137;\" data-width=\"30\" data-height=\"23\" data-init-width=\"175\" data-init-height=\"137\" width=\"30\" height=\"23\"><\/span><\/p>\n<h4>BODY-FRIENDLYWORK<\/h4>\n<p>Joints are spared, your employees are pleased and prefer to work with an S.A.M. than with a manual machine.<\/p>\n<\/p>\n<h2 style=\"text-align: center;\">Title wigoes here<\/h2>\n<h2 style=\"text-align: center; color: rgb(255, 255, 255) !important; --tcb-applied-color:rgb(255, 255, 255)  !important;\">The S.A.M. pays for itself from the first day.<\/h2>\n<h3><strong>GOOD FOR YOUR BUTCHERY<\/strong><\/h3>\n<ul>\n<li>                    <span><strong>Save time and increase efficiency<\/strong><\/span><\/li>\n<li>                    <span><strong>More sales through consulting<\/strong><\/span><\/li>\n<li>                    <span><strong>Relief The operating personnel have more time for other activities such as consulting and selling directly to the customer.<\/strong><\/span><\/li>\n<\/ul>\n<h3><strong>GOOD FOR YOUR CUSTOMERS<\/strong><\/h3>\n<ul>\n<li style=\"\">                    <span><strong>stress free shopping<\/strong><\/span><\/li>\n<li style=\"\">                    <span><strong>Freshly cut<\/strong><\/span><\/li>\n<li>                    <span><strong>cut without hand contact<\/strong><\/span><\/li>\n<\/ul>\n<h3><strong>Conclusion:<\/strong><\/h3>\n<p style=\"text-align: center;\">Equip your counter now with the new slicers and benefit from the advantages&#8230;<\/p>\n<h2>See it in Action<\/h2>\n<p><span style=\"\"><img decoding=\"async\" alt=\"sam kuchler euroshop messestand, x3 robopacker\" data-id=\"4679\" data-init-width=\"2560\" data-init-height=\"1439\" title=\"EuroShop-2020-SAM-Kuchler-Messestand-01756\" loading=\"lazy\" src=\"https:\/\/www.sam-kuchler.com\/wp-content\/uploads\/2020\/04\/EuroShop-2020-SAM-Kuchler-Messestand-01756-scaled.jpg\" data-width=\"548\" data-height=\"308\" style=\"aspect-ratio: auto 2560 \/ 1439;\" mt-d=\"0\" ml-t=\"-16\" mt-t=\"0\" center-h-t=\"true\" ml-d=\"-1\" width=\"548\" height=\"308\"><\/span><span style=\"\"><img decoding=\"async\" alt=\"sam kuchler euroshop messe, aufschnittmaschine\" data-id=\"4675\" data-init-width=\"2560\" data-init-height=\"1439\" title=\"EuroShop-2020-SAM-Kuchler-Messestand-01778\" loading=\"lazy\" src=\"https:\/\/www.sam-kuchler.com\/wp-content\/uploads\/2020\/04\/EuroShop-2020-SAM-Kuchler-Messestand-01778-scaled.jpg\" data-width=\"548\" data-height=\"308\" style=\"aspect-ratio: auto 2560 \/ 1439;\" ml-t=\"-8\" center-h-t=\"false\" ml-d=\"-3\" width=\"548\" height=\"308\"><\/span><\/p>\n<h2 style=\"\">Let us advise you.<\/h2>\n<p>Here you can arrange a callback!<\/p>\n<h2 style=\"\">S.A.M. fully automatic slicers<\/h2>\n<p>                    <span style=\"width: 100%;\"><img decoding=\"async\" alt=\"SAM Aufschnittmaschine, vollautomatisch, Touchpad\" title=\"SAM KUCHLER X3 Aufschnittmaschine wurst\" data-id=\"4204\" src=\"https:\/\/www.sam-kuchler.com\/wp-content\/uploads\/2018\/07\/SAM-KUCHLER-X3-Aufschnittmaschine-wurst.jpg\" style=\"aspect-ratio: auto 1200 \/ 800;\" data-width=\"231\" data-height=\"154\" data-init-width=\"1200\" data-init-height=\"800\" mt-d=\"0\" ml-d=\"-1\" center-v-d=\"false\" loading=\"lazy\" width=\"231\" height=\"154\"><\/span><\/p>\n<h2>X3.<\/h2>\n<p>Automatically cut to weight\/price at the touch of a button, maximum labor saving, easiest operation, highest quality workmanship.<\/p>\n<ul>\n<li><span>Integrated scale<\/span><\/li>\n<li><span>fully automatic slicing<\/span><\/li>\n<li><span>Simple operation<\/span><\/li>\n<\/ul>\n<p>                    <span style=\"width: 100%;\"><img decoding=\"async\" alt=\"smm aufschnittmaschinen X3 RoboPacker, vollautomatisch, verpackungsroboter\" title=\"x3-RoboPacker-new\" data-id=\"4189\" src=\"https:\/\/www.sam-kuchler.com\/wp-content\/uploads\/2020\/03\/x3-RoboPacker-new.png\" style=\"aspect-ratio: auto 1000 \/ 1000;\" data-width=\"231\" data-height=\"154\" data-init-width=\"1000\" data-init-height=\"1000\" loading=\"lazy\" mt-d=\"0\" ml-d=\"-1\" center-v-d=\"false\" width=\"231\" height=\"154\"><\/span><\/p>\n<h2>X3. + robo packer<\/h2>\n<p>Automatically cut and pack to weight\/price at the touch of a button, maximum labor saving, easiest operation, highest quality workmanship.<\/p>\n<ul>\n<li><span>SamPak packing<\/span><\/li>\n<li><span>fully automatic packing<\/span><\/li>\n<li><span>good packing quality<\/span><\/li>\n<\/ul>\n<h3 style=\"text-align: left;\">Become <em><strong>a S.A.M. user<\/strong><\/em><\/h3>\n<h3 style=\"text-align: left;\">REQUEST NOW FOR FREE!<\/h3>\n","protected":false},"excerpt":{"rendered":"<p>Automatic slicing. Pre-slicing for trays, counter, vacuum bag&#8230; S.A.M. automatic slicers offer flexible solutions for your production. Simply place goods on the machine and press the button, and the machine will cut and place perfect slices. S.A.M. fully automatic slicers for cutting ham, sausage, cheese,&#8230;<\/p>\n","protected":false},"author":2,"featured_media":0,"parent":0,"menu_order":0,"comment_status":"closed","ping_status":"closed","template":"","meta":{"_acf_changed":false,"inline_featured_image":false,"footnotes":""},"class_list":["post-7925","page","type-page","status-publish","hentry"],"acf":[],"yoast_head":"<!-- This site is optimized with the Yoast SEO Premium plugin v27.1 (Yoast SEO v27.4) - https:\/\/yoast.com\/product\/yoast-seo-premium-wordpress\/ -->\n<title>Production butcher | S.A.M. KUCHLER Electronics GmbH<\/title>\n<meta name=\"description\" content=\"S.A.M. automatische Aufschnittmaschinen bieten flexible L\u00f6sungen f\u00fcr Ihre Produktion. Erh\u00f6hen Sie damit Ihre Produktivit\u00e4t und Effektivit\u00e4t.\" \/>\n<meta name=\"robots\" content=\"index, follow, max-snippet:-1, max-image-preview:large, max-video-preview:-1\" \/>\n<link rel=\"canonical\" href=\"https:\/\/www.sam-kuchler.com\/en\/production-butcher\/\" \/>\n<meta property=\"og:locale\" content=\"en_US\" \/>\n<meta property=\"og:type\" content=\"article\" \/>\n<meta property=\"og:title\" content=\"Production butcher\" \/>\n<meta property=\"og:description\" content=\"S.A.M. automatische Aufschnittmaschinen bieten flexible L\u00f6sungen f\u00fcr Ihre Produktion. Erh\u00f6hen Sie damit Ihre Produktivit\u00e4t und Effektivit\u00e4t.\" \/>\n<meta property=\"og:url\" content=\"https:\/\/www.sam-kuchler.com\/en\/production-butcher\/\" \/>\n<meta property=\"og:site_name\" content=\"S.A.M. KUCHLER Electronics GmbH\" \/>\n<meta property=\"article:publisher\" content=\"https:\/\/www.facebook.com\/samkuchlerelectronics\" \/>\n<meta property=\"article:modified_time\" content=\"2026-01-23T16:52:22+00:00\" \/>\n<meta property=\"og:image\" content=\"https:\/\/www.sam-kuchler.com\/wp-content\/uploads\/2020\/06\/308_iB_SalamiSGW.png\" \/>\n<meta name=\"twitter:card\" content=\"summary_large_image\" \/>\n<meta name=\"twitter:label1\" content=\"Est. reading time\" \/>\n\t<meta name=\"twitter:data1\" content=\"5 minutes\" \/>\n<script type=\"application\/ld+json\" class=\"yoast-schema-graph\">{\"@context\":\"https:\\\/\\\/schema.org\",\"@graph\":[{\"@type\":\"WebPage\",\"@id\":\"https:\\\/\\\/www.sam-kuchler.com\\\/en\\\/production-butcher\\\/\",\"url\":\"https:\\\/\\\/www.sam-kuchler.com\\\/en\\\/production-butcher\\\/\",\"name\":\"Production butcher | S.A.M. KUCHLER Electronics GmbH\",\"isPartOf\":{\"@id\":\"https:\\\/\\\/www.sam-kuchler.com\\\/en\\\/#website\"},\"primaryImageOfPage\":{\"@id\":\"https:\\\/\\\/www.sam-kuchler.com\\\/en\\\/production-butcher\\\/#primaryimage\"},\"image\":{\"@id\":\"https:\\\/\\\/www.sam-kuchler.com\\\/en\\\/production-butcher\\\/#primaryimage\"},\"thumbnailUrl\":\"https:\\\/\\\/www.sam-kuchler.com\\\/wp-content\\\/uploads\\\/2020\\\/06\\\/308_iB_SalamiSGW.png\",\"datePublished\":\"2020-06-01T00:10:53+00:00\",\"dateModified\":\"2026-01-23T16:52:22+00:00\",\"description\":\"S.A.M. automatische Aufschnittmaschinen bieten flexible L\u00f6sungen f\u00fcr Ihre Produktion. Erh\u00f6hen Sie damit Ihre Produktivit\u00e4t und Effektivit\u00e4t.\",\"breadcrumb\":{\"@id\":\"https:\\\/\\\/www.sam-kuchler.com\\\/en\\\/production-butcher\\\/#breadcrumb\"},\"inLanguage\":\"en-US\",\"potentialAction\":[{\"@type\":\"ReadAction\",\"target\":[\"https:\\\/\\\/www.sam-kuchler.com\\\/en\\\/production-butcher\\\/\"]}]},{\"@type\":\"ImageObject\",\"inLanguage\":\"en-US\",\"@id\":\"https:\\\/\\\/www.sam-kuchler.com\\\/en\\\/production-butcher\\\/#primaryimage\",\"url\":\"https:\\\/\\\/www.sam-kuchler.com\\\/wp-content\\\/uploads\\\/2020\\\/06\\\/308_iB_SalamiSGW.png\",\"contentUrl\":\"https:\\\/\\\/www.sam-kuchler.com\\\/wp-content\\\/uploads\\\/2020\\\/06\\\/308_iB_SalamiSGW.png\"},{\"@type\":\"BreadcrumbList\",\"@id\":\"https:\\\/\\\/www.sam-kuchler.com\\\/en\\\/production-butcher\\\/#breadcrumb\",\"itemListElement\":[{\"@type\":\"ListItem\",\"position\":1,\"name\":\"Startseite\",\"item\":\"https:\\\/\\\/www.sam-kuchler.com\\\/en\\\/\"},{\"@type\":\"ListItem\",\"position\":2,\"name\":\"Production butcher\"}]},{\"@type\":\"WebSite\",\"@id\":\"https:\\\/\\\/www.sam-kuchler.com\\\/en\\\/#website\",\"url\":\"https:\\\/\\\/www.sam-kuchler.com\\\/en\\\/\",\"name\":\"S.A.M. KUCHLER Electronics GmbH\",\"description\":\"Aufschnittmaschinen und Verpackungsger\u00e4te\",\"publisher\":{\"@id\":\"https:\\\/\\\/www.sam-kuchler.com\\\/en\\\/#organization\"},\"alternateName\":\"SAM\",\"potentialAction\":[{\"@type\":\"SearchAction\",\"target\":{\"@type\":\"EntryPoint\",\"urlTemplate\":\"https:\\\/\\\/www.sam-kuchler.com\\\/en\\\/?s={search_term_string}\"},\"query-input\":{\"@type\":\"PropertyValueSpecification\",\"valueRequired\":true,\"valueName\":\"search_term_string\"}}],\"inLanguage\":\"en-US\"},{\"@type\":\"Organization\",\"@id\":\"https:\\\/\\\/www.sam-kuchler.com\\\/en\\\/#organization\",\"name\":\"S.A.M. KUCHLER Electronics GmbH\",\"alternateName\":\"SAM\",\"url\":\"https:\\\/\\\/www.sam-kuchler.com\\\/en\\\/\",\"logo\":{\"@type\":\"ImageObject\",\"inLanguage\":\"en-US\",\"@id\":\"https:\\\/\\\/www.sam-kuchler.com\\\/en\\\/#\\\/schema\\\/logo\\\/image\\\/\",\"url\":\"https:\\\/\\\/www.sam-kuchler.com\\\/wp-content\\\/uploads\\\/2026\\\/01\\\/sam-logo-online.png\",\"contentUrl\":\"https:\\\/\\\/www.sam-kuchler.com\\\/wp-content\\\/uploads\\\/2026\\\/01\\\/sam-logo-online.png\",\"width\":1024,\"height\":1024,\"caption\":\"S.A.M. KUCHLER Electronics GmbH\"},\"image\":{\"@id\":\"https:\\\/\\\/www.sam-kuchler.com\\\/en\\\/#\\\/schema\\\/logo\\\/image\\\/\"},\"sameAs\":[\"https:\\\/\\\/www.facebook.com\\\/samkuchlerelectronics\",\"https:\\\/\\\/www.instagram.com\\\/samkuchler\\\/\",\"https:\\\/\\\/www.tiktok.com\\\/@sam_kuchler\",\"https:\\\/\\\/www.linkedin.com\\\/company\\\/samkuchlerelectronics\"],\"description\":\"S.A.M. KUCHLER Electronics GmbH entwickelt und baut in \u00d6sterreich vollautomatische Schneide- und Verpackungssysteme f\u00fcr frisch geschnittene Lebensmittel (z. B. Wurst, K\u00e4se, Schinken) f\u00fcr den Einsatz im Verkaufsraum und in der Produktion.\",\"email\":\"office@sam-kuchler.com\",\"telephone\":\"+4346343543\",\"legalName\":\"S.A.M. KUCHLER Electronics GmbH\"}]}<\/script>\n<!-- \/ Yoast SEO Premium plugin. -->","yoast_head_json":{"title":"Production butcher | S.A.M. KUCHLER Electronics GmbH","description":"S.A.M. automatische Aufschnittmaschinen bieten flexible L\u00f6sungen f\u00fcr Ihre Produktion. Erh\u00f6hen Sie damit Ihre Produktivit\u00e4t und Effektivit\u00e4t.","robots":{"index":"index","follow":"follow","max-snippet":"max-snippet:-1","max-image-preview":"max-image-preview:large","max-video-preview":"max-video-preview:-1"},"canonical":"https:\/\/www.sam-kuchler.com\/en\/production-butcher\/","og_locale":"en_US","og_type":"article","og_title":"Production butcher","og_description":"S.A.M. automatische Aufschnittmaschinen bieten flexible L\u00f6sungen f\u00fcr Ihre Produktion. Erh\u00f6hen Sie damit Ihre Produktivit\u00e4t und Effektivit\u00e4t.","og_url":"https:\/\/www.sam-kuchler.com\/en\/production-butcher\/","og_site_name":"S.A.M. KUCHLER Electronics GmbH","article_publisher":"https:\/\/www.facebook.com\/samkuchlerelectronics","article_modified_time":"2026-01-23T16:52:22+00:00","og_image":[{"url":"https:\/\/www.sam-kuchler.com\/wp-content\/uploads\/2020\/06\/308_iB_SalamiSGW.png","type":"","width":"","height":""}],"twitter_card":"summary_large_image","twitter_misc":{"Est. reading time":"5 minutes"},"schema":{"@context":"https:\/\/schema.org","@graph":[{"@type":"WebPage","@id":"https:\/\/www.sam-kuchler.com\/en\/production-butcher\/","url":"https:\/\/www.sam-kuchler.com\/en\/production-butcher\/","name":"Production butcher | S.A.M. KUCHLER Electronics GmbH","isPartOf":{"@id":"https:\/\/www.sam-kuchler.com\/en\/#website"},"primaryImageOfPage":{"@id":"https:\/\/www.sam-kuchler.com\/en\/production-butcher\/#primaryimage"},"image":{"@id":"https:\/\/www.sam-kuchler.com\/en\/production-butcher\/#primaryimage"},"thumbnailUrl":"https:\/\/www.sam-kuchler.com\/wp-content\/uploads\/2020\/06\/308_iB_SalamiSGW.png","datePublished":"2020-06-01T00:10:53+00:00","dateModified":"2026-01-23T16:52:22+00:00","description":"S.A.M. automatische Aufschnittmaschinen bieten flexible L\u00f6sungen f\u00fcr Ihre Produktion. Erh\u00f6hen Sie damit Ihre Produktivit\u00e4t und Effektivit\u00e4t.","breadcrumb":{"@id":"https:\/\/www.sam-kuchler.com\/en\/production-butcher\/#breadcrumb"},"inLanguage":"en-US","potentialAction":[{"@type":"ReadAction","target":["https:\/\/www.sam-kuchler.com\/en\/production-butcher\/"]}]},{"@type":"ImageObject","inLanguage":"en-US","@id":"https:\/\/www.sam-kuchler.com\/en\/production-butcher\/#primaryimage","url":"https:\/\/www.sam-kuchler.com\/wp-content\/uploads\/2020\/06\/308_iB_SalamiSGW.png","contentUrl":"https:\/\/www.sam-kuchler.com\/wp-content\/uploads\/2020\/06\/308_iB_SalamiSGW.png"},{"@type":"BreadcrumbList","@id":"https:\/\/www.sam-kuchler.com\/en\/production-butcher\/#breadcrumb","itemListElement":[{"@type":"ListItem","position":1,"name":"Startseite","item":"https:\/\/www.sam-kuchler.com\/en\/"},{"@type":"ListItem","position":2,"name":"Production butcher"}]},{"@type":"WebSite","@id":"https:\/\/www.sam-kuchler.com\/en\/#website","url":"https:\/\/www.sam-kuchler.com\/en\/","name":"S.A.M. KUCHLER Electronics GmbH","description":"Aufschnittmaschinen und Verpackungsger\u00e4te","publisher":{"@id":"https:\/\/www.sam-kuchler.com\/en\/#organization"},"alternateName":"SAM","potentialAction":[{"@type":"SearchAction","target":{"@type":"EntryPoint","urlTemplate":"https:\/\/www.sam-kuchler.com\/en\/?s={search_term_string}"},"query-input":{"@type":"PropertyValueSpecification","valueRequired":true,"valueName":"search_term_string"}}],"inLanguage":"en-US"},{"@type":"Organization","@id":"https:\/\/www.sam-kuchler.com\/en\/#organization","name":"S.A.M. KUCHLER Electronics GmbH","alternateName":"SAM","url":"https:\/\/www.sam-kuchler.com\/en\/","logo":{"@type":"ImageObject","inLanguage":"en-US","@id":"https:\/\/www.sam-kuchler.com\/en\/#\/schema\/logo\/image\/","url":"https:\/\/www.sam-kuchler.com\/wp-content\/uploads\/2026\/01\/sam-logo-online.png","contentUrl":"https:\/\/www.sam-kuchler.com\/wp-content\/uploads\/2026\/01\/sam-logo-online.png","width":1024,"height":1024,"caption":"S.A.M. KUCHLER Electronics GmbH"},"image":{"@id":"https:\/\/www.sam-kuchler.com\/en\/#\/schema\/logo\/image\/"},"sameAs":["https:\/\/www.facebook.com\/samkuchlerelectronics","https:\/\/www.instagram.com\/samkuchler\/","https:\/\/www.tiktok.com\/@sam_kuchler","https:\/\/www.linkedin.com\/company\/samkuchlerelectronics"],"description":"S.A.M. KUCHLER Electronics GmbH entwickelt und baut in \u00d6sterreich vollautomatische Schneide- und Verpackungssysteme f\u00fcr frisch geschnittene Lebensmittel (z. B. Wurst, K\u00e4se, Schinken) f\u00fcr den Einsatz im Verkaufsraum und in der Produktion.","email":"office@sam-kuchler.com","telephone":"+4346343543","legalName":"S.A.M. KUCHLER Electronics GmbH"}]}},"_links":{"self":[{"href":"https:\/\/www.sam-kuchler.com\/en\/wp-json\/wp\/v2\/pages\/7925","targetHints":{"allow":["GET"]}}],"collection":[{"href":"https:\/\/www.sam-kuchler.com\/en\/wp-json\/wp\/v2\/pages"}],"about":[{"href":"https:\/\/www.sam-kuchler.com\/en\/wp-json\/wp\/v2\/types\/page"}],"author":[{"embeddable":true,"href":"https:\/\/www.sam-kuchler.com\/en\/wp-json\/wp\/v2\/users\/2"}],"replies":[{"embeddable":true,"href":"https:\/\/www.sam-kuchler.com\/en\/wp-json\/wp\/v2\/comments?post=7925"}],"version-history":[{"count":2,"href":"https:\/\/www.sam-kuchler.com\/en\/wp-json\/wp\/v2\/pages\/7925\/revisions"}],"predecessor-version":[{"id":11216,"href":"https:\/\/www.sam-kuchler.com\/en\/wp-json\/wp\/v2\/pages\/7925\/revisions\/11216"}],"wp:attachment":[{"href":"https:\/\/www.sam-kuchler.com\/en\/wp-json\/wp\/v2\/media?parent=7925"}],"curies":[{"name":"wp","href":"https:\/\/api.w.org\/{rel}","templated":true}]}}