{"id":7932,"date":"2019-09-06T13:32:00","date_gmt":"2019-09-06T11:32:00","guid":{"rendered":"https:\/\/www.sam-kuchler.com\/save\/"},"modified":"2019-09-06T13:32:00","modified_gmt":"2019-09-06T11:32:00","slug":"save","status":"publish","type":"page","link":"https:\/\/www.sam-kuchler.com\/en\/save\/","title":{"rendered":"Produkt-Konfigurator"},"content":{"rendered":"<div class=\"wpb-content-wrapper\"><p>[vc_row css_animation=&#8221;&#8221; row_type=&#8221;row&#8221; use_row_as_full_screen_section=&#8221;no&#8221; type=&#8221;full_width&#8221; angled_section=&#8221;no&#8221; text_align=&#8221;left&#8221; background_image_as_pattern=&#8221;without_pattern&#8221;][vc_column][vc_column_text][searchandfilter id=&#8221;4013&#8243;]<\/p>\n<p>[searchandfilter id=&#8221;4013&#8243; action=&#8221;filter_next_query&#8221;]<\/p>\n<div data-options='{&quot;id&quot;:&quot;4014&quot;,&quot;lazy_load&quot;:&quot;no&quot;,&quot;masonry_enable&quot;:&quot;no&quot;,&quot;view_type&quot;:&quot;grid&quot;}' id=\"post-grid-4014\" class=\"post-grid grid\">\n    \n\n\n    <div class=\"grid-items\">\n      <div class=\"item item-9205 skin flat even 0 \">\n        <div class=\"layer-wrapper layout-\">\n        <div class=\"layer-media\"><a href=\"https:\/\/www.sam-kuchler.com\/en\/maschinen\/300-psh-packer-2\/\"><img decoding=\"async\" alt=\"300 psh packer prev\" src=\"https:\/\/www.sam-kuchler.com\/wp-content\/uploads\/2018\/07\/300-psh-packer-prev-300x145.jpg\" \/><\/a><\/div>\n  <div class=\"layer-content\">\n        <div class=\"element element_0  title_link \">\r\n                    <a target=\"\"\r\n                href=\"https:\/\/www.sam-kuchler.com\/en\/maschinen\/300-psh-packer-2\/\">300 Psh + Packer<\/a>\r\n            <\/div>\r\n    <div class=\"element element_1  excerpt \">\r\n        Manual slicer with pusher (automatic feed) and integrated packaging device for SamPaks            <\/div>\r\n            <a class=\"element element_2  read_more \"\r\n            target=\"\"\r\n            href=\"https:\/\/www.sam-kuchler.com\/en\/maschinen\/300-psh-packer-2\/\"><\/a>\r\n      <\/div>\n    <\/div>\n  <\/div><div class=\"item item-8721 skin flat odd 1 \">\n        <div class=\"layer-wrapper layout-\">\n        <div class=\"layer-media\"><a href=\"https:\/\/www.sam-kuchler.com\/en\/maschinen\/408i-b-slicer\/\"><img decoding=\"async\" alt=\"408iB MenueMobile 1\" src=\"https:\/\/www.sam-kuchler.com\/wp-content\/uploads\/2022\/12\/408iB-MenueMobile-1.jpg\" \/><\/a><\/div>\n  <div class=\"layer-content\">\n        <div class=\"element element_0  title_link \">\r\n                    <a target=\"\"\r\n                href=\"https:\/\/www.sam-kuchler.com\/en\/maschinen\/408i-b-slicer\/\">408i B<\/a>\r\n            <\/div>\r\n    <div class=\"element element_1  excerpt \">\r\n        Fully automatic slicer, slices &amp; lays automatically in 4 deposit variants. Also cuts large products including conveyor belt.            <\/div>\r\n            <a class=\"element element_2  read_more \"\r\n            target=\"\"\r\n            href=\"https:\/\/www.sam-kuchler.com\/en\/maschinen\/408i-b-slicer\/\"><\/a>\r\n      <\/div>\n    <\/div>\n  <\/div><div class=\"item item-7994 skin flat even 2 \">\n        <div class=\"layer-wrapper layout-\">\n        <div class=\"layer-media\"><a href=\"https:\/\/www.sam-kuchler.com\/en\/maschinen\/x3l-fbw-slicer\/\"><img decoding=\"async\" alt=\"X3L FBW Menue3\" src=\"https:\/\/www.sam-kuchler.com\/wp-content\/uploads\/2022\/11\/X3L-FBW-Menue3.jpg\" \/><\/a><\/div>\n  <div class=\"layer-content\">\n        <div class=\"element element_0  title_link \">\r\n                    <a target=\"\"\r\n                href=\"https:\/\/www.sam-kuchler.com\/en\/maschinen\/x3l-fbw-slicer\/\">X3L FBW<\/a>\r\n            <\/div>\r\n    <div class=\"element element_1  excerpt \">\r\n        Fully automatic slicer with conveyor belt and scale            <\/div>\r\n            <a class=\"element element_2  read_more \"\r\n            target=\"\"\r\n            href=\"https:\/\/www.sam-kuchler.com\/en\/maschinen\/x3l-fbw-slicer\/\"><\/a>\r\n      <\/div>\n    <\/div>\n  <\/div><div class=\"item item-8054 skin flat odd 3 \">\n        <div class=\"layer-wrapper layout-\">\n        <div class=\"layer-media\"><a href=\"https:\/\/www.sam-kuchler.com\/en\/maschinen\/slicer-x3l-fb\/\"><img decoding=\"async\" alt=\"X3L FB Menue Mobile\" src=\"https:\/\/www.sam-kuchler.com\/wp-content\/uploads\/2022\/11\/X3L-FB-Menue-Mobile.jpg\" \/><\/a><\/div>\n  <div class=\"layer-content\">\n        <div class=\"element element_0  title_link \">\r\n                    <a target=\"\"\r\n                href=\"https:\/\/www.sam-kuchler.com\/en\/maschinen\/slicer-x3l-fb\/\">X3L FB<\/a>\r\n            <\/div>\r\n    <div class=\"element element_1  excerpt \">\r\n        Fully automatic slicer with conveyor belt            <\/div>\r\n            <a class=\"element element_2  read_more \"\r\n            target=\"\"\r\n            href=\"https:\/\/www.sam-kuchler.com\/en\/maschinen\/slicer-x3l-fb\/\"><\/a>\r\n      <\/div>\n    <\/div>\n  <\/div><div class=\"item item-7710 skin flat even 4 \">\n        <div class=\"layer-wrapper layout-\">\n        <div class=\"layer-media\"><a href=\"https:\/\/www.sam-kuchler.com\/en\/maschinen\/px3-map-slicer\/\"><img decoding=\"async\" alt=\"PX3 MAP Aufschnitt- und Verpackungsslicer  mit Vakuum oder Schutzatmosph\u00e4re prev\" src=\"https:\/\/www.sam-kuchler.com\/wp-content\/uploads\/2024\/05\/px3-map-slicer-prev-300x145.jpg\" \/><\/a><\/div>\n  <div class=\"layer-content\">\n        <div class=\"element element_0  title_link \">\r\n                    <a target=\"\"\r\n                href=\"https:\/\/www.sam-kuchler.com\/en\/maschinen\/px3-map-slicer\/\">PX3 MAP gas | vacuum<\/a>\r\n            <\/div>\r\n    <div class=\"element element_1  excerpt \">\r\n        Slicing and packaging line. Fully automated MapPak serial production: 150 Paks\/h gassed or vaccumed. Flexible packaging formats.            <\/div>\r\n            <a class=\"element element_2  read_more \"\r\n            target=\"\"\r\n            href=\"https:\/\/www.sam-kuchler.com\/en\/maschinen\/px3-map-slicer\/\"><\/a>\r\n      <\/div>\n    <\/div>\n  <\/div><div class=\"item item-6064 skin flat odd 5 \">\n        <div class=\"layer-wrapper layout-\">\n        <div class=\"layer-media\"><a href=\"https:\/\/www.sam-kuchler.com\/en\/maschinen\/foil-roll-sampak-2\/\"><img decoding=\"async\" alt=\"Folie menu\u0308\" src=\"https:\/\/www.sam-kuchler.com\/wp-content\/uploads\/2020\/10\/Folie-menu\u0308.jpg\" \/><\/a><\/div>\n  <div class=\"layer-content\">\n        <div class=\"element element_0  title_link \">\r\n                    <a target=\"\"\r\n                href=\"https:\/\/www.sam-kuchler.com\/en\/maschinen\/foil-roll-sampak-2\/\">Foil Roll Bio-SamPak<\/a>\r\n            <\/div>\r\n    <div class=\"element element_1  excerpt \">\r\n        Film roll for all S.A.M. models            <\/div>\r\n            <a class=\"element element_2  read_more \"\r\n            target=\"\"\r\n            href=\"https:\/\/www.sam-kuchler.com\/en\/maschinen\/foil-roll-sampak-2\/\"><\/a>\r\n      <\/div>\n    <\/div>\n  <\/div><div class=\"item item-4208 skin flat even 6 \">\n        <div class=\"layer-wrapper layout-\">\n        <div class=\"layer-media\"><a class=\"custom\" href=\"https:\/\/www.sam-kuchler.com\/en\/maschinen\/quick-pak\/\"><img decoding=\"async\" src=\"https:\/\/www.sam-kuchler.com\/wp-content\/plugins\/post-grid\/assets\/images\/placeholder.png\" \/><\/a><\/div>\n  <div class=\"layer-content\">\n        <div class=\"element element_0  title_link \">\r\n                    <a target=\"\"\r\n                href=\"https:\/\/www.sam-kuchler.com\/en\/maschinen\/quick-pak\/\">Quick-Pak<\/a>\r\n            <\/div>\r\n    <div class=\"element element_1  excerpt \">\r\n        [vc_row css_animation=\"\" row_type=\"row\" use_row_as_full_screen_section=\"no\" type=\"full_width\" angled_section=\"no\" text_align=\"left\" background_image_as_pattern=\"without_pattern\"][vc_column width=\"1\/2\"][vc_single_image image=\"2972\" img_size=\"medium\" alignment=\"center\" qode_css_animation=\"\"][vc_column_text] QUICK-PAK &nbsp; Slicing according to desired weight            <\/div>\r\n            <a class=\"element element_2  read_more \"\r\n            target=\"\"\r\n            href=\"https:\/\/www.sam-kuchler.com\/en\/maschinen\/quick-pak\/\"><\/a>\r\n      <\/div>\n    <\/div>\n  <\/div><div class=\"item item-4207 skin flat odd 7 \">\n        <div class=\"layer-wrapper layout-\">\n        <div class=\"layer-media\"><a class=\"custom\" href=\"https:\/\/www.sam-kuchler.com\/en\/maschinen\/anti-cheese-coating\/\"><img decoding=\"async\" src=\"https:\/\/www.sam-kuchler.com\/wp-content\/plugins\/post-grid\/assets\/images\/placeholder.png\" \/><\/a><\/div>\n  <div class=\"layer-content\">\n        <div class=\"element element_0  title_link \">\r\n                    <a target=\"\"\r\n                href=\"https:\/\/www.sam-kuchler.com\/en\/maschinen\/anti-cheese-coating\/\">anti cheese coating<\/a>\r\n            <\/div>\r\n    <div class=\"element element_1  excerpt \">\r\n        Anti-cheese coating for S.A.M. slicers.            <\/div>\r\n            <a class=\"element element_2  read_more \"\r\n            target=\"\"\r\n            href=\"https:\/\/www.sam-kuchler.com\/en\/maschinen\/anti-cheese-coating\/\"><\/a>\r\n      <\/div>\n    <\/div>\n  <\/div><div class=\"item item-3878 skin flat even 8 \">\n        <div class=\"layer-wrapper layout-\">\n        <div class=\"layer-media\"><a href=\"https:\/\/www.sam-kuchler.com\/en\/maschinen\/packer-s\/\"><img decoding=\"async\" alt=\"packerswprev\" src=\"https:\/\/www.sam-kuchler.com\/wp-content\/uploads\/2018\/07\/packerswprev-300x145.jpg\" \/><\/a><\/div>\n  <div class=\"layer-content\">\n        <div class=\"element element_0  title_link \">\r\n                    <a target=\"\"\r\n                href=\"https:\/\/www.sam-kuchler.com\/en\/maschinen\/packer-s\/\">Packer S 26&#215;21<\/a>\r\n            <\/div>\r\n    <div class=\"element element_1  excerpt \">\r\n        [vc_row css_animation=\"element_from_bottom\" row_type=\"row\" use_row_as_full_screen_section=\"no\" type=\"grid\" angled_section=\"no\" text_align=\"left\" background_image_as_pattern=\"without_pattern\" background_color=\"#ededef\" z_index=\"\" css=\".vc_custom_1531841830577{padding-bottom: 30px !important;}\"][vc_column][qode_elements_holder number_of_columns=\"two_columns\" switch_to_one_column=\"1000\"][qode_elements_holder_item vertical_alignment=\"top\" advanced_animations=\"no\" custom_class=\"featurerow-icon\"][vc_column_text] Packer S            <\/div>\r\n            <a class=\"element element_2  read_more \"\r\n            target=\"\"\r\n            href=\"https:\/\/www.sam-kuchler.com\/en\/maschinen\/packer-s\/\"><\/a>\r\n      <\/div>\n    <\/div>\n  <\/div><div class=\"item item-2623 skin flat odd 9 \">\n        <div class=\"layer-wrapper layout-\">\n        <div class=\"layer-media\"><a href=\"https:\/\/www.sam-kuchler.com\/en\/maschinen\/material-holder\/\"><img decoding=\"async\" alt=\"sgwxxlprev\" src=\"https:\/\/www.sam-kuchler.com\/wp-content\/uploads\/2018\/07\/sgwxxlprev-300x145.jpg\" \/><\/a><\/div>\n  <div class=\"layer-content\">\n        <div class=\"element element_0  title_link \">\r\n                    <a target=\"\"\r\n                href=\"https:\/\/www.sam-kuchler.com\/en\/maschinen\/material-holder\/\">Material Holder XXL<\/a>\r\n            <\/div>\r\n    <div class=\"element element_1  excerpt \">\r\n        Material Holder XXL, SGW-XXL            <\/div>\r\n            <a class=\"element element_2  read_more \"\r\n            target=\"\"\r\n            href=\"https:\/\/www.sam-kuchler.com\/en\/maschinen\/material-holder\/\"><\/a>\r\n      <\/div>\n    <\/div>\n  <\/div>    <\/div>\n    <div class=\"pagination\">\n      <div class=\"paginate\">\n    <span aria-current=\"page\" class=\"page-numbers current\">1<\/span>\n<a class=\"page-numbers\" href=\"https:\/\/www.sam-kuchler.com\/en\/wp-json\/wp\/v2\/pages\/7932\/page\/2\/\">2<\/a>\n<a class=\"page-numbers\" href=\"https:\/\/www.sam-kuchler.com\/en\/wp-json\/wp\/v2\/pages\/7932\/page\/3\/\">3<\/a>\n<span class=\"page-numbers dots\">&hellip;<\/span>\n<a class=\"page-numbers\" href=\"https:\/\/www.sam-kuchler.com\/en\/wp-json\/wp\/v2\/pages\/7932\/page\/8\/\">8<\/a>\n<a class=\"next page-numbers\" href=\"https:\/\/www.sam-kuchler.com\/en\/wp-json\/wp\/v2\/pages\/7932\/page\/2\/\">Weiter \u00bb<\/a>  <\/div>\n  <style type=\"text\/css\">\n    #post-grid-4014 .pagination .page-numbers {\n      font-size: 16px;\n      color: #fff;\n      background: #646464;\n    }\n\n    #post-grid-4014 .pagination .page-numbers:hover,\n    #post-grid-4014 .pagination .page-numbers.current {\n      background: #4b4b4b;\n    }\n  <\/style>\n  <\/div>\n      <script>\n          <\/script>\n    <style type=\"text\/css\">\n    #post-grid-4014 .element_0 {\n      display: block;font-size: 21px;line-height: normal;padding: 5px 10px;text-align: left; text-decoration: none;    }\n\n    #post-grid-4014 .element_1 {\n      display: block;font-size: 14px;padding: 5px 10px;text-align: left;    }\n\n    #post-grid-4014 .element_2 {\n      display: block;font-size: 12px;font-weight: bold;padding: 0 10px;text-align: left;text-decoration: none;    }\n\n    #post-grid-4014 .element_0:hover{}#post-grid-4014 .element_1:hover{}#post-grid-4014 .element_2:hover{}  <\/style>\n  <style type=\"text\/css\">\n    #post-grid-4014 {\n      padding: 10px;\n          }\n\n    #post-grid-4014 .item {\n      padding: 0px;\n      background: #fff;\n          }\n\n    #post-grid-4014 .item .layer-media {\n      height:auto;    }\n\n    @media only screen and (min-width: 0px) and (max-width: 767px) {\n      #post-grid-4014 .grid-items {\n        text-align: center;\n              }\n\n      #post-grid-4014 .item {\n        width: 90%;\n        margin: 10px;\n        display: inline-block;\n        vertical-align: top;\n        height:300px;      }\n    }\n\n    @media only screen and (min-width: 768px) and (max-width: 1023px) {\n      #post-grid-4014 .grid-items {\n        text-align: center;\n              }\n\n      #post-grid-4014 .item {\n        width: 250px;\n        margin: 10px;\n        display: inline-block;\n        vertical-align: top;\n        max-height:auto;      }\n    }\n\n    @media only screen and (min-width: 1024px) {\n      #post-grid-4014 .grid-items {\n        text-align: center;\n              }\n\n      #post-grid-4014 .item {\n        width: 300px;\n        display: inline-block;\n        margin: 10px;\n        vertical-align: top;\n        height:300px;      }\n    }\n\n      <\/style>\n  <\/div>\n[\/vc_column_text][\/vc_column][\/vc_row]<\/p>\n<\/div>","protected":false},"excerpt":{"rendered":"<p>[vc_row css_animation=&#8221;&#8221; row_type=&#8221;row&#8221; use_row_as_full_screen_section=&#8221;no&#8221; type=&#8221;full_width&#8221; angled_section=&#8221;no&#8221; text_align=&#8221;left&#8221; background_image_as_pattern=&#8221;without_pattern&#8221;][vc_column][vc_column_text][searchandfilter id=&#8221;4013&#8243;] [searchandfilter id=&#8221;4013&#8243; action=&#8221;filter_next_query&#8221;] [\/vc_column_text][\/vc_column][\/vc_row]<\/p>\n","protected":false},"author":4,"featured_media":0,"parent":0,"menu_order":0,"comment_status":"closed","ping_status":"closed","template":"","meta":{"_acf_changed":false,"inline_featured_image":false,"footnotes":""},"class_list":["post-7932","page","type-page","status-publish","hentry"],"acf":[],"yoast_head":"<!-- This site is optimized with the Yoast SEO Premium plugin v27.1 (Yoast SEO v27.4) - https:\/\/yoast.com\/product\/yoast-seo-premium-wordpress\/ -->\n<title>Produkt-Konfigurator | S.A.M. KUCHLER Electronics GmbH<\/title>\n<meta name=\"description\" content=\"Finden Sie die richtige Maschine f\u00fcr Ihre Bed\u00fcrfnisse!\" \/>\n<meta name=\"robots\" content=\"index, follow, max-snippet:-1, max-image-preview:large, max-video-preview:-1\" \/>\n<link rel=\"canonical\" href=\"https:\/\/www.sam-kuchler.com\/en\/save\/\" \/>\n<meta property=\"og:locale\" content=\"en_US\" \/>\n<meta property=\"og:type\" content=\"article\" \/>\n<meta property=\"og:title\" content=\"Produkt-Konfigurator\" \/>\n<meta property=\"og:description\" content=\"Finden Sie die richtige Maschine f\u00fcr Ihre Bed\u00fcrfnisse!\" \/>\n<meta property=\"og:url\" content=\"https:\/\/www.sam-kuchler.com\/en\/save\/\" \/>\n<meta property=\"og:site_name\" content=\"S.A.M. KUCHLER Electronics GmbH\" \/>\n<meta property=\"article:publisher\" content=\"https:\/\/www.facebook.com\/samkuchlerelectronics\" \/>\n<meta property=\"og:image\" content=\"https:\/\/www.sam-kuchler.com\/wp-content\/uploads\/2025\/01\/P75_4186-scaled.jpg\" \/>\n\t<meta property=\"og:image:width\" content=\"2560\" \/>\n\t<meta property=\"og:image:height\" content=\"1707\" \/>\n\t<meta property=\"og:image:type\" content=\"image\/jpeg\" \/>\n<meta name=\"twitter:card\" content=\"summary_large_image\" \/>\n<script type=\"application\/ld+json\" class=\"yoast-schema-graph\">{\"@context\":\"https:\\\/\\\/schema.org\",\"@graph\":[{\"@type\":\"WebPage\",\"@id\":\"https:\\\/\\\/www.sam-kuchler.com\\\/en\\\/save\\\/\",\"url\":\"https:\\\/\\\/www.sam-kuchler.com\\\/en\\\/save\\\/\",\"name\":\"Produkt-Konfigurator | S.A.M. KUCHLER Electronics GmbH\",\"isPartOf\":{\"@id\":\"https:\\\/\\\/www.sam-kuchler.com\\\/en\\\/#website\"},\"datePublished\":\"2019-09-06T11:32:00+00:00\",\"description\":\"Finden Sie die richtige Maschine f\u00fcr Ihre Bed\u00fcrfnisse!\",\"breadcrumb\":{\"@id\":\"https:\\\/\\\/www.sam-kuchler.com\\\/en\\\/save\\\/#breadcrumb\"},\"inLanguage\":\"en-US\",\"potentialAction\":[{\"@type\":\"ReadAction\",\"target\":[\"https:\\\/\\\/www.sam-kuchler.com\\\/en\\\/save\\\/\"]}]},{\"@type\":\"BreadcrumbList\",\"@id\":\"https:\\\/\\\/www.sam-kuchler.com\\\/en\\\/save\\\/#breadcrumb\",\"itemListElement\":[{\"@type\":\"ListItem\",\"position\":1,\"name\":\"Startseite\",\"item\":\"https:\\\/\\\/www.sam-kuchler.com\\\/en\\\/\"},{\"@type\":\"ListItem\",\"position\":2,\"name\":\"Produkt-Konfigurator\"}]},{\"@type\":\"WebSite\",\"@id\":\"https:\\\/\\\/www.sam-kuchler.com\\\/en\\\/#website\",\"url\":\"https:\\\/\\\/www.sam-kuchler.com\\\/en\\\/\",\"name\":\"S.A.M. KUCHLER Electronics GmbH\",\"description\":\"Aufschnittmaschinen und Verpackungsger\u00e4te\",\"publisher\":{\"@id\":\"https:\\\/\\\/www.sam-kuchler.com\\\/en\\\/#organization\"},\"alternateName\":\"SAM\",\"potentialAction\":[{\"@type\":\"SearchAction\",\"target\":{\"@type\":\"EntryPoint\",\"urlTemplate\":\"https:\\\/\\\/www.sam-kuchler.com\\\/en\\\/?s={search_term_string}\"},\"query-input\":{\"@type\":\"PropertyValueSpecification\",\"valueRequired\":true,\"valueName\":\"search_term_string\"}}],\"inLanguage\":\"en-US\"},{\"@type\":\"Organization\",\"@id\":\"https:\\\/\\\/www.sam-kuchler.com\\\/en\\\/#organization\",\"name\":\"S.A.M. KUCHLER Electronics GmbH\",\"alternateName\":\"SAM\",\"url\":\"https:\\\/\\\/www.sam-kuchler.com\\\/en\\\/\",\"logo\":{\"@type\":\"ImageObject\",\"inLanguage\":\"en-US\",\"@id\":\"https:\\\/\\\/www.sam-kuchler.com\\\/en\\\/#\\\/schema\\\/logo\\\/image\\\/\",\"url\":\"https:\\\/\\\/www.sam-kuchler.com\\\/wp-content\\\/uploads\\\/2026\\\/01\\\/sam-logo-online.png\",\"contentUrl\":\"https:\\\/\\\/www.sam-kuchler.com\\\/wp-content\\\/uploads\\\/2026\\\/01\\\/sam-logo-online.png\",\"width\":1024,\"height\":1024,\"caption\":\"S.A.M. KUCHLER Electronics GmbH\"},\"image\":{\"@id\":\"https:\\\/\\\/www.sam-kuchler.com\\\/en\\\/#\\\/schema\\\/logo\\\/image\\\/\"},\"sameAs\":[\"https:\\\/\\\/www.facebook.com\\\/samkuchlerelectronics\",\"https:\\\/\\\/www.instagram.com\\\/samkuchler\\\/\",\"https:\\\/\\\/www.tiktok.com\\\/@sam_kuchler\",\"https:\\\/\\\/www.linkedin.com\\\/company\\\/samkuchlerelectronics\"],\"description\":\"S.A.M. KUCHLER Electronics GmbH entwickelt und baut in \u00d6sterreich vollautomatische Schneide- und Verpackungssysteme f\u00fcr frisch geschnittene Lebensmittel (z. B. Wurst, K\u00e4se, Schinken) f\u00fcr den Einsatz im Verkaufsraum und in der Produktion.\",\"email\":\"office@sam-kuchler.com\",\"telephone\":\"+4346343543\",\"legalName\":\"S.A.M. KUCHLER Electronics GmbH\"}]}<\/script>\n<!-- \/ Yoast SEO Premium plugin. -->","yoast_head_json":{"title":"Produkt-Konfigurator | S.A.M. KUCHLER Electronics GmbH","description":"Finden Sie die richtige Maschine f\u00fcr Ihre Bed\u00fcrfnisse!","robots":{"index":"index","follow":"follow","max-snippet":"max-snippet:-1","max-image-preview":"max-image-preview:large","max-video-preview":"max-video-preview:-1"},"canonical":"https:\/\/www.sam-kuchler.com\/en\/save\/","og_locale":"en_US","og_type":"article","og_title":"Produkt-Konfigurator","og_description":"Finden Sie die richtige Maschine f\u00fcr Ihre Bed\u00fcrfnisse!","og_url":"https:\/\/www.sam-kuchler.com\/en\/save\/","og_site_name":"S.A.M. KUCHLER Electronics GmbH","article_publisher":"https:\/\/www.facebook.com\/samkuchlerelectronics","og_image":[{"width":2560,"height":1707,"url":"https:\/\/www.sam-kuchler.com\/wp-content\/uploads\/2025\/01\/P75_4186-scaled.jpg","type":"image\/jpeg"}],"twitter_card":"summary_large_image","schema":{"@context":"https:\/\/schema.org","@graph":[{"@type":"WebPage","@id":"https:\/\/www.sam-kuchler.com\/en\/save\/","url":"https:\/\/www.sam-kuchler.com\/en\/save\/","name":"Produkt-Konfigurator | S.A.M. KUCHLER Electronics GmbH","isPartOf":{"@id":"https:\/\/www.sam-kuchler.com\/en\/#website"},"datePublished":"2019-09-06T11:32:00+00:00","description":"Finden Sie die richtige Maschine f\u00fcr Ihre Bed\u00fcrfnisse!","breadcrumb":{"@id":"https:\/\/www.sam-kuchler.com\/en\/save\/#breadcrumb"},"inLanguage":"en-US","potentialAction":[{"@type":"ReadAction","target":["https:\/\/www.sam-kuchler.com\/en\/save\/"]}]},{"@type":"BreadcrumbList","@id":"https:\/\/www.sam-kuchler.com\/en\/save\/#breadcrumb","itemListElement":[{"@type":"ListItem","position":1,"name":"Startseite","item":"https:\/\/www.sam-kuchler.com\/en\/"},{"@type":"ListItem","position":2,"name":"Produkt-Konfigurator"}]},{"@type":"WebSite","@id":"https:\/\/www.sam-kuchler.com\/en\/#website","url":"https:\/\/www.sam-kuchler.com\/en\/","name":"S.A.M. KUCHLER Electronics GmbH","description":"Aufschnittmaschinen und Verpackungsger\u00e4te","publisher":{"@id":"https:\/\/www.sam-kuchler.com\/en\/#organization"},"alternateName":"SAM","potentialAction":[{"@type":"SearchAction","target":{"@type":"EntryPoint","urlTemplate":"https:\/\/www.sam-kuchler.com\/en\/?s={search_term_string}"},"query-input":{"@type":"PropertyValueSpecification","valueRequired":true,"valueName":"search_term_string"}}],"inLanguage":"en-US"},{"@type":"Organization","@id":"https:\/\/www.sam-kuchler.com\/en\/#organization","name":"S.A.M. KUCHLER Electronics GmbH","alternateName":"SAM","url":"https:\/\/www.sam-kuchler.com\/en\/","logo":{"@type":"ImageObject","inLanguage":"en-US","@id":"https:\/\/www.sam-kuchler.com\/en\/#\/schema\/logo\/image\/","url":"https:\/\/www.sam-kuchler.com\/wp-content\/uploads\/2026\/01\/sam-logo-online.png","contentUrl":"https:\/\/www.sam-kuchler.com\/wp-content\/uploads\/2026\/01\/sam-logo-online.png","width":1024,"height":1024,"caption":"S.A.M. KUCHLER Electronics GmbH"},"image":{"@id":"https:\/\/www.sam-kuchler.com\/en\/#\/schema\/logo\/image\/"},"sameAs":["https:\/\/www.facebook.com\/samkuchlerelectronics","https:\/\/www.instagram.com\/samkuchler\/","https:\/\/www.tiktok.com\/@sam_kuchler","https:\/\/www.linkedin.com\/company\/samkuchlerelectronics"],"description":"S.A.M. KUCHLER Electronics GmbH entwickelt und baut in \u00d6sterreich vollautomatische Schneide- und Verpackungssysteme f\u00fcr frisch geschnittene Lebensmittel (z. B. Wurst, K\u00e4se, Schinken) f\u00fcr den Einsatz im Verkaufsraum und in der Produktion.","email":"office@sam-kuchler.com","telephone":"+4346343543","legalName":"S.A.M. KUCHLER Electronics GmbH"}]}},"_links":{"self":[{"href":"https:\/\/www.sam-kuchler.com\/en\/wp-json\/wp\/v2\/pages\/7932","targetHints":{"allow":["GET"]}}],"collection":[{"href":"https:\/\/www.sam-kuchler.com\/en\/wp-json\/wp\/v2\/pages"}],"about":[{"href":"https:\/\/www.sam-kuchler.com\/en\/wp-json\/wp\/v2\/types\/page"}],"author":[{"embeddable":true,"href":"https:\/\/www.sam-kuchler.com\/en\/wp-json\/wp\/v2\/users\/4"}],"replies":[{"embeddable":true,"href":"https:\/\/www.sam-kuchler.com\/en\/wp-json\/wp\/v2\/comments?post=7932"}],"version-history":[{"count":0,"href":"https:\/\/www.sam-kuchler.com\/en\/wp-json\/wp\/v2\/pages\/7932\/revisions"}],"wp:attachment":[{"href":"https:\/\/www.sam-kuchler.com\/en\/wp-json\/wp\/v2\/media?parent=7932"}],"curies":[{"name":"wp","href":"https:\/\/api.w.org\/{rel}","templated":true}]}}