{"id":7950,"date":"2018-08-01T22:21:36","date_gmt":"2018-08-01T20:21:36","guid":{"rendered":"https:\/\/www.sam-kuchler.com\/fourpointzero\/"},"modified":"2025-01-16T17:26:51","modified_gmt":"2025-01-16T16:26:51","slug":"fourpointzero","status":"publish","type":"page","link":"https:\/\/www.sam-kuchler.com\/en\/slice-pak-maschinen\/fourpointzero\/","title":{"rendered":"Slice &#038; Pak 4.0"},"content":{"rendered":"<div class=\"wpb-content-wrapper\"><p>[vc_row css_animation=&#8221;&#8221; row_type=&#8221;row&#8221; use_row_as_full_screen_section=&#8221;no&#8221; type=&#8221;full_width&#8221; angled_section=&#8221;no&#8221; text_align=&#8221;left&#8221; background_image_as_pattern=&#8221;without_pattern&#8221; css=&#8221;.vc_custom_1533154740136{margin-bottom: 80px !important;}&#8221; z_index=&#8221;&#8221;][vc_column css=&#8221;.vc_custom_1532338193691{margin-top: 100px !important;}&#8221;][vc_column_text css=&#8221;.vc_custom_1533154850335{margin-bottom: 0px !important;}&#8221;]<\/p>\n<h2 style=\"text-align: center;\">Slice &amp; Pak 4.0<\/h2>\n<p>[\/vc_column_text][vc_separator type=&#8221;small&#8221; position=&#8221;center&#8221; color=&#8221;#d9202f&#8221; transparency=&#8221;1&#8243; thickness=&#8221;3&#8243; width=&#8221;50&#8243; up=&#8221;50&#8243; down=&#8221;80&#8243;]<div class='projects_holder_outer v4 portfolio_with_space portfolio_standard'>\n        <div class='projects_holder portfolio_main_holder clearfix v4 standard portfolio_full_image portfolio_one_by_one'>\n        \n        <article class='mix portfolio_category_2143 portfolio_category_973 portfolio_category_2956 portfolio_category_2958 portfolio_category_970 portfolio_category_2989 portfolio_category_868 portfolio_category_2976 default' style=''>\n    \n    \n    \n    \n            <div class=\"item_holder thin_plus_only\">\n\n                    <div class=\"text_holder\">\n        <div class=\"text_holder_outer\">\n            <div class=\"text_holder_inner\">\n                            <span class=\"thin_plus_only_icon\">+<\/span>\n                        <\/div>\n        <\/div>\n    <\/div>\n\n                                    <a itemprop=\"url\" class=\"portfolio_link_class\" title=\"X3. + Robo Packer &lt;small&gt;&nbsp;&lt;\/small&gt;\" href=\"https:\/\/www.sam-kuchler.com\/en\/maschinen\/rx-1\/\"><\/a>\n                \n                <div style=\"\" class=\"portfolio_shader\"><\/div>\n                <div class=\"image_holder\">\n                    \n<span class='image'><img decoding=\"async\" width=\"600\" height=\"289\" src=\"https:\/\/www.sam-kuchler.com\/wp-content\/uploads\/2018\/07\/RX-1-Prev.jpg\" class=\"attachment-full size-full wp-post-image\" alt=\"RX 1 Prev\" srcset=\"https:\/\/www.sam-kuchler.com\/wp-content\/uploads\/2018\/07\/RX-1-Prev.jpg 600w, https:\/\/www.sam-kuchler.com\/wp-content\/uploads\/2018\/07\/RX-1-Prev-300x145.jpg 300w\" sizes=\"(max-width: 600px) 100vw, 600px\" \/><\/span>                <\/div>\n            <\/div>\n\n                <div class='portfolio_description ' >\n\n        \n    <h5 itemprop=\"name\" class=\"portfolio_title entry_title\"><a itemprop=\"url\" href=\"https:\/\/www.sam-kuchler.com\/en\/maschinen\/rx-1\/\"  target=\"_self\"> X3. + Robo Packer <small>&nbsp;<\/small><\/a><\/h5>\n<p>Slicing and packaging robots. Fully automated SamPak individual production: Flexible packaging formats (21 x 21 or 26 x 21 cm), h = 12mm. QuickPak app for precise weight or price setting. Ability to be networked\r\n<\/p>\n\n\n        \n        \n    <\/div>\n\n        \n<\/article>\n<article class='mix portfolio_category_2143 portfolio_category_973 portfolio_category_2956 portfolio_category_2958 portfolio_category_2989 portfolio_category_868 portfolio_category_2945 default' style=''>\n    \n    \n    \n    \n            <div class=\"item_holder thin_plus_only\">\n\n                    <div class=\"text_holder\">\n        <div class=\"text_holder_outer\">\n            <div class=\"text_holder_inner\">\n                            <span class=\"thin_plus_only_icon\">+<\/span>\n                        <\/div>\n        <\/div>\n    <\/div>\n\n                                    <a itemprop=\"url\" class=\"portfolio_link_class\" title=\"PX3 W &lt;small&gt;+ Labeler&lt;\/small&gt;\" href=\"https:\/\/www.sam-kuchler.com\/en\/maschinen\/px-3-w-paz-digi\/\"><\/a>\n                \n                <div style=\"\" class=\"portfolio_shader\"><\/div>\n                <div class=\"image_holder\">\n                    \n<span class='image'><img decoding=\"async\" width=\"600\" height=\"289\" src=\"https:\/\/www.sam-kuchler.com\/wp-content\/uploads\/2018\/07\/PX-3-W-Digi-Prev.jpg\" class=\"attachment-full size-full wp-post-image\" alt=\"PX 3 W Digi Prev\" srcset=\"https:\/\/www.sam-kuchler.com\/wp-content\/uploads\/2018\/07\/PX-3-W-Digi-Prev.jpg 600w, https:\/\/www.sam-kuchler.com\/wp-content\/uploads\/2018\/07\/PX-3-W-Digi-Prev-300x145.jpg 300w\" sizes=\"(max-width: 600px) 100vw, 600px\" \/><\/span>                <\/div>\n            <\/div>\n\n                <div class='portfolio_description ' >\n\n        \n    <h5 itemprop=\"name\" class=\"portfolio_title entry_title\"><a itemprop=\"url\" href=\"https:\/\/www.sam-kuchler.com\/en\/maschinen\/px-3-w-paz-digi\/\"  target=\"_self\"> PX3 W <small>+ Labeler<\/small><\/a><\/h5>\n<p>Slicing and packaging line with Labeler. Fully automated SamPak serial production: 150 SamPaks\/h. Flexible packaging formats (21 x 21 and 21 x 26 cm), h = 18 mm.  QuickPak app for weight or price setting. Ability to be networked<\/p>\n\n\n        \n        \n    <\/div>\n\n        \n<\/article>\n<article class='mix portfolio_category_2143 portfolio_category_973 portfolio_category_2956 portfolio_category_2958 portfolio_category_2989 portfolio_category_868 portfolio_category_2976 default' style=''>\n    \n    \n    \n    \n            <div class=\"item_holder thin_plus_only\">\n\n                    <div class=\"text_holder\">\n        <div class=\"text_holder_outer\">\n            <div class=\"text_holder_inner\">\n                            <span class=\"thin_plus_only_icon\">+<\/span>\n                        <\/div>\n        <\/div>\n    <\/div>\n\n                                    <a itemprop=\"url\" class=\"portfolio_link_class\" title=\"PX3\" href=\"https:\/\/www.sam-kuchler.com\/en\/maschinen\/px-3\/\"><\/a>\n                \n                <div style=\"\" class=\"portfolio_shader\"><\/div>\n                <div class=\"image_holder\">\n                    \n<span class='image'><img decoding=\"async\" width=\"600\" height=\"289\" src=\"https:\/\/www.sam-kuchler.com\/wp-content\/uploads\/2018\/07\/px3-w-solo-prev.jpg\" class=\"attachment-full size-full wp-post-image\" alt=\"PX3 W Solo Prev\" srcset=\"https:\/\/www.sam-kuchler.com\/wp-content\/uploads\/2018\/07\/px3-w-solo-prev.jpg 600w, https:\/\/www.sam-kuchler.com\/wp-content\/uploads\/2018\/07\/px3-w-solo-prev-300x145.jpg 300w\" sizes=\"(max-width: 600px) 100vw, 600px\" \/><\/span>                <\/div>\n            <\/div>\n\n                <div class='portfolio_description ' >\n\n        \n    <h5 itemprop=\"name\" class=\"portfolio_title entry_title\"><a itemprop=\"url\" href=\"https:\/\/www.sam-kuchler.com\/en\/maschinen\/px-3\/\"  target=\"_self\"> PX3<\/a><\/h5>\n<p>Slicing and packaging line with PAZ. Fully automated SamPak serial production: 150 SamPaks\/h. Flexible packaging formats (21 x 21 and 21 x 26 cm), h = 18 mm.  QuickPak app for weight or price setting. Ability to be networked\r\n<\/p>\n\n\n        \n        \n    <\/div>\n\n        \n<\/article>\n<article class='mix portfolio_category_2143 portfolio_category_973 portfolio_category_2956 portfolio_category_967 portfolio_category_2989 portfolio_category_868 default' style=''>\n    \n    \n    \n    \n            <div class=\"item_holder thin_plus_only\">\n\n                    <div class=\"text_holder\">\n        <div class=\"text_holder_outer\">\n            <div class=\"text_holder_inner\">\n                            <span class=\"thin_plus_only_icon\">+<\/span>\n                        <\/div>\n        <\/div>\n    <\/div>\n\n                                    <a itemprop=\"url\" class=\"portfolio_link_class\" title=\"PX3 W + S.A.M. PAZ-Mettler\" href=\"https:\/\/www.sam-kuchler.com\/en\/maschinen\/px-3-w-paz-mettler\/\"><\/a>\n                \n                <div style=\"\" class=\"portfolio_shader\"><\/div>\n                <div class=\"image_holder\">\n                    \n<span class='image'><img decoding=\"async\" width=\"600\" height=\"289\" src=\"https:\/\/www.sam-kuchler.com\/wp-content\/uploads\/2018\/07\/PX-3-W-Mettler-Prev.jpg\" class=\"attachment-full size-full wp-post-image\" alt=\"PX 3 W Mettler Prev\" srcset=\"https:\/\/www.sam-kuchler.com\/wp-content\/uploads\/2018\/07\/PX-3-W-Mettler-Prev.jpg 600w, https:\/\/www.sam-kuchler.com\/wp-content\/uploads\/2018\/07\/PX-3-W-Mettler-Prev-300x145.jpg 300w\" sizes=\"(max-width: 600px) 100vw, 600px\" \/><\/span>                <\/div>\n            <\/div>\n\n                <div class='portfolio_description ' >\n\n        \n    <h5 itemprop=\"name\" class=\"portfolio_title entry_title\"><a itemprop=\"url\" href=\"https:\/\/www.sam-kuchler.com\/en\/maschinen\/px-3-w-paz-mettler\/\"  target=\"_self\"> PX3 W + S.A.M. PAZ-Mettler<\/a><\/h5>\n<p>Slicing and packaging line with PAZ. Fully automated SamPak serial production: 150 SamPaks\/h. Flexible packaging formats (21 x 21 and 21 x 26 cm), h = 18 mm.  QuickPak app for weight or price setting. Ability to be networked<\/p>\n\n\n        \n        \n    <\/div>\n\n        \n<\/article>\n<article class='mix portfolio_category_2143 portfolio_category_973 portfolio_category_2956 portfolio_category_2958 portfolio_category_2989 portfolio_category_868 portfolio_category_2976 default' style=''>\n    \n    \n    \n    \n            <div class=\"item_holder thin_plus_only\">\n\n                    <div class=\"text_holder\">\n        <div class=\"text_holder_outer\">\n            <div class=\"text_holder_inner\">\n                            <span class=\"thin_plus_only_icon\">+<\/span>\n                        <\/div>\n        <\/div>\n    <\/div>\n\n                                    <a itemprop=\"url\" class=\"portfolio_link_class\" title=\"PX3 Black\" href=\"https:\/\/www.sam-kuchler.com\/en\/maschinen\/px3-w-black-slicer\/\"><\/a>\n                \n                <div style=\"\" class=\"portfolio_shader\"><\/div>\n                <div class=\"image_holder\">\n                    \n<span class='image'><img decoding=\"async\" width=\"300\" height=\"172\" src=\"https:\/\/www.sam-kuchler.com\/wp-content\/uploads\/2018\/04\/SAM_PX3W_Aufschnittmaschine.jpg\" class=\"attachment-full size-full wp-post-image\" alt=\"SAM PX3W Aufschnittmaschine\" \/><\/span>                <\/div>\n            <\/div>\n\n                <div class='portfolio_description ' >\n\n        \n    <h5 itemprop=\"name\" class=\"portfolio_title entry_title\"><a itemprop=\"url\" href=\"https:\/\/www.sam-kuchler.com\/en\/maschinen\/px3-w-black-slicer\/\"  target=\"_self\"> PX3 Black<\/a><\/h5>\n<p>Slicing and packaging line with PAZ. Fully automated SamPak serial production: 150 SamPaks\/h. Flexible packaging formats (21 x 21 and 21 x 26 cm), h = 18 mm.  QuickPak app for weight or price setting. Ability to be networked<\/p>\n\n\n        \n        \n    <\/div>\n\n        \n<\/article>\n<article class='mix portfolio_category_2975 portfolio_category_2143 portfolio_category_2974 portfolio_category_834 portfolio_category_973 portfolio_category_2956 portfolio_category_2987 portfolio_category_2958 portfolio_category_2957 portfolio_category_2989 portfolio_category_832 portfolio_category_972 portfolio_category_962 default' style=''>\n    \n    \n    \n    \n            <div class=\"item_holder thin_plus_only\">\n\n                    <div class=\"text_holder\">\n        <div class=\"text_holder_outer\">\n            <div class=\"text_holder_inner\">\n                            <span class=\"thin_plus_only_icon\">+<\/span>\n                        <\/div>\n        <\/div>\n    <\/div>\n\n                                    <a itemprop=\"url\" class=\"portfolio_link_class\" title=\"Traymachine (X3 + IL90\u00b0)\" href=\"https:\/\/www.sam-kuchler.com\/en\/maschinen\/traymachine-x3-slicer\/\"><\/a>\n                \n                <div style=\"\" class=\"portfolio_shader\"><\/div>\n                <div class=\"image_holder\">\n                    \n<span class='image'><img decoding=\"async\" width=\"600\" height=\"289\" src=\"https:\/\/www.sam-kuchler.com\/wp-content\/uploads\/2018\/07\/X-1-Prev.jpg\" class=\"attachment-full size-full wp-post-image\" alt=\"X 1 Prev\" srcset=\"https:\/\/www.sam-kuchler.com\/wp-content\/uploads\/2018\/07\/X-1-Prev.jpg 600w, https:\/\/www.sam-kuchler.com\/wp-content\/uploads\/2018\/07\/X-1-Prev-300x145.jpg 300w\" sizes=\"(max-width: 600px) 100vw, 600px\" \/><\/span>                <\/div>\n            <\/div>\n\n                <div class='portfolio_description ' >\n\n        \n    <h5 itemprop=\"name\" class=\"portfolio_title entry_title\"><a itemprop=\"url\" href=\"https:\/\/www.sam-kuchler.com\/en\/maschinen\/traymachine-x3-slicer\/\"  target=\"_self\"> Traymachine (X3 + IL90\u00b0)<\/a><\/h5>\n<p>Fully automated slicing machine for weight-accurate arrangement in MAP trays\/cups. Ability to be fully networked.<\/p>\n\n\n        \n        \n    <\/div>\n\n        \n<\/article>\n<article class='mix portfolio_category_2143 portfolio_category_973 portfolio_category_2956 portfolio_category_2958 portfolio_category_2989 portfolio_category_868 portfolio_category_2976 default' style=''>\n    \n    \n    \n    \n            <div class=\"item_holder thin_plus_only\">\n\n                    <div class=\"text_holder\">\n        <div class=\"text_holder_outer\">\n            <div class=\"text_holder_inner\">\n                            <span class=\"thin_plus_only_icon\">+<\/span>\n                        <\/div>\n        <\/div>\n    <\/div>\n\n                                    <a itemprop=\"url\" class=\"portfolio_link_class\" title=\"PX3 MAP &lt;small&gt;gas | vacuum&lt;\/small&gt;\" href=\"https:\/\/www.sam-kuchler.com\/en\/maschinen\/px3-map-slicer\/\"><\/a>\n                \n                <div style=\"\" class=\"portfolio_shader\"><\/div>\n                <div class=\"image_holder\">\n                    \n<span class='image'><img decoding=\"async\" width=\"600\" height=\"289\" src=\"https:\/\/www.sam-kuchler.com\/wp-content\/uploads\/2024\/05\/px3-map-slicer-prev.jpg\" class=\"attachment-full size-full wp-post-image\" alt=\"PX3 MAP Aufschnitt- und Verpackungsslicer  mit Vakuum oder Schutzatmosph\u00e4re prev\" srcset=\"https:\/\/www.sam-kuchler.com\/wp-content\/uploads\/2024\/05\/px3-map-slicer-prev.jpg 600w, https:\/\/www.sam-kuchler.com\/wp-content\/uploads\/2024\/05\/px3-map-slicer-prev-300x145.jpg 300w\" sizes=\"(max-width: 600px) 100vw, 600px\" \/><\/span>                <\/div>\n            <\/div>\n\n                <div class='portfolio_description ' >\n\n        \n    <h5 itemprop=\"name\" class=\"portfolio_title entry_title\"><a itemprop=\"url\" href=\"https:\/\/www.sam-kuchler.com\/en\/maschinen\/px3-map-slicer\/\"  target=\"_self\"> PX3 MAP <small>gas | vacuum<\/small><\/a><\/h5>\n<p>Slicing and packaging line. Fully automated MapPak serial production: 150 Paks\/h gassed or vaccumed. Flexible packaging formats. <\/p>\n\n\n        \n        \n    <\/div>\n\n        \n<\/article>\n        <div class='filler'><\/div>\n            <div class='filler'><\/div>\n            <div class='filler'><\/div>\n            <div class='filler'><\/div>\n        <\/div>\n\n    \n    <\/div>[\/vc_column][\/vc_row]<\/p>\n<\/div>","protected":false},"excerpt":{"rendered":"<p>[vc_row css_animation=&#8221;&#8221; row_type=&#8221;row&#8221; use_row_as_full_screen_section=&#8221;no&#8221; type=&#8221;full_width&#8221; angled_section=&#8221;no&#8221; text_align=&#8221;left&#8221; background_image_as_pattern=&#8221;without_pattern&#8221; css=&#8221;.vc_custom_1533154740136{margin-bottom: 80px !important;}&#8221; z_index=&#8221;&#8221;][vc_column css=&#8221;.vc_custom_1532338193691{margin-top: 100px !important;}&#8221;][vc_column_text css=&#8221;.vc_custom_1533154850335{margin-bottom: 0px !important;}&#8221;] Slice &amp; Pak 4.0 [\/vc_column_text][vc_separator type=&#8221;small&#8221; position=&#8221;center&#8221; color=&#8221;#d9202f&#8221; transparency=&#8221;1&#8243; thickness=&#8221;3&#8243; width=&#8221;50&#8243; up=&#8221;50&#8243; down=&#8221;80&#8243;][\/vc_column][\/vc_row]<\/p>\n","protected":false},"author":3,"featured_media":0,"parent":7967,"menu_order":0,"comment_status":"closed","ping_status":"closed","template":"","meta":{"_acf_changed":false,"inline_featured_image":false,"footnotes":""},"class_list":["post-7950","page","type-page","status-publish","hentry"],"acf":[],"yoast_head":"<!-- This site is optimized with the Yoast SEO Premium plugin v27.1 (Yoast SEO v27.4) - https:\/\/yoast.com\/product\/yoast-seo-premium-wordpress\/ -->\n<title>Slice &amp; Pak 4.0 | S.A.M. KUCHLER Electronics GmbH<\/title>\n<meta name=\"description\" content=\"Vernetzte und intelligente Aufschnittmaschinen von S.A.M. Kuchler. Schneiden und Verpacken mit einem Knopfdruck. Erh\u00f6ht Ihren Umsatz und Marge.\" \/>\n<meta name=\"robots\" content=\"index, follow, max-snippet:-1, max-image-preview:large, max-video-preview:-1\" \/>\n<link rel=\"canonical\" href=\"https:\/\/www.sam-kuchler.com\/en\/slice-pak-maschinen\/fourpointzero\/\" \/>\n<meta property=\"og:locale\" content=\"en_US\" \/>\n<meta property=\"og:type\" content=\"article\" \/>\n<meta property=\"og:title\" content=\"Slice &amp; Pak 4.0\" \/>\n<meta property=\"og:description\" content=\"Vernetzte und intelligente Aufschnittmaschinen von S.A.M. Kuchler. Schneiden und Verpacken mit einem Knopfdruck. Erh\u00f6ht Ihren Umsatz und Marge.\" \/>\n<meta property=\"og:url\" content=\"https:\/\/www.sam-kuchler.com\/en\/slice-pak-maschinen\/fourpointzero\/\" \/>\n<meta property=\"og:site_name\" content=\"S.A.M. KUCHLER Electronics GmbH\" \/>\n<meta property=\"article:publisher\" content=\"https:\/\/www.facebook.com\/samkuchlerelectronics\" \/>\n<meta property=\"article:modified_time\" content=\"2025-01-16T16:26:51+00:00\" \/>\n<meta property=\"og:image\" content=\"https:\/\/www.sam-kuchler.com\/wp-content\/uploads\/2025\/01\/P75_4186-scaled.jpg\" \/>\n\t<meta property=\"og:image:width\" content=\"2560\" \/>\n\t<meta property=\"og:image:height\" content=\"1707\" \/>\n\t<meta property=\"og:image:type\" content=\"image\/jpeg\" \/>\n<meta name=\"twitter:card\" content=\"summary_large_image\" \/>\n<meta name=\"twitter:label1\" content=\"Est. reading time\" \/>\n\t<meta name=\"twitter:data1\" content=\"1 minute\" \/>\n<script type=\"application\/ld+json\" class=\"yoast-schema-graph\">{\"@context\":\"https:\\\/\\\/schema.org\",\"@graph\":[{\"@type\":\"WebPage\",\"@id\":\"https:\\\/\\\/www.sam-kuchler.com\\\/en\\\/slice-pak-maschinen\\\/fourpointzero\\\/\",\"url\":\"https:\\\/\\\/www.sam-kuchler.com\\\/en\\\/slice-pak-maschinen\\\/fourpointzero\\\/\",\"name\":\"Slice & Pak 4.0 | S.A.M. KUCHLER Electronics GmbH\",\"isPartOf\":{\"@id\":\"https:\\\/\\\/www.sam-kuchler.com\\\/en\\\/#website\"},\"datePublished\":\"2018-08-01T20:21:36+00:00\",\"dateModified\":\"2025-01-16T16:26:51+00:00\",\"description\":\"Vernetzte und intelligente Aufschnittmaschinen von S.A.M. Kuchler. Schneiden und Verpacken mit einem Knopfdruck. Erh\u00f6ht Ihren Umsatz und Marge.\",\"breadcrumb\":{\"@id\":\"https:\\\/\\\/www.sam-kuchler.com\\\/en\\\/slice-pak-maschinen\\\/fourpointzero\\\/#breadcrumb\"},\"inLanguage\":\"en-US\",\"potentialAction\":[{\"@type\":\"ReadAction\",\"target\":[\"https:\\\/\\\/www.sam-kuchler.com\\\/en\\\/slice-pak-maschinen\\\/fourpointzero\\\/\"]}]},{\"@type\":\"BreadcrumbList\",\"@id\":\"https:\\\/\\\/www.sam-kuchler.com\\\/en\\\/slice-pak-maschinen\\\/fourpointzero\\\/#breadcrumb\",\"itemListElement\":[{\"@type\":\"ListItem\",\"position\":1,\"name\":\"Startseite\",\"item\":\"https:\\\/\\\/www.sam-kuchler.com\\\/en\\\/\"},{\"@type\":\"ListItem\",\"position\":2,\"name\":\"Slicing &#038; Packaging\",\"item\":\"https:\\\/\\\/www.sam-kuchler.com\\\/en\\\/slice-pak-maschinen\\\/\"},{\"@type\":\"ListItem\",\"position\":3,\"name\":\"Slice &#038; Pak 4.0\"}]},{\"@type\":\"WebSite\",\"@id\":\"https:\\\/\\\/www.sam-kuchler.com\\\/en\\\/#website\",\"url\":\"https:\\\/\\\/www.sam-kuchler.com\\\/en\\\/\",\"name\":\"S.A.M. KUCHLER Electronics GmbH\",\"description\":\"Aufschnittmaschinen und Verpackungsger\u00e4te\",\"publisher\":{\"@id\":\"https:\\\/\\\/www.sam-kuchler.com\\\/en\\\/#organization\"},\"alternateName\":\"SAM\",\"potentialAction\":[{\"@type\":\"SearchAction\",\"target\":{\"@type\":\"EntryPoint\",\"urlTemplate\":\"https:\\\/\\\/www.sam-kuchler.com\\\/en\\\/?s={search_term_string}\"},\"query-input\":{\"@type\":\"PropertyValueSpecification\",\"valueRequired\":true,\"valueName\":\"search_term_string\"}}],\"inLanguage\":\"en-US\"},{\"@type\":\"Organization\",\"@id\":\"https:\\\/\\\/www.sam-kuchler.com\\\/en\\\/#organization\",\"name\":\"S.A.M. KUCHLER Electronics GmbH\",\"alternateName\":\"SAM\",\"url\":\"https:\\\/\\\/www.sam-kuchler.com\\\/en\\\/\",\"logo\":{\"@type\":\"ImageObject\",\"inLanguage\":\"en-US\",\"@id\":\"https:\\\/\\\/www.sam-kuchler.com\\\/en\\\/#\\\/schema\\\/logo\\\/image\\\/\",\"url\":\"https:\\\/\\\/www.sam-kuchler.com\\\/wp-content\\\/uploads\\\/2026\\\/01\\\/sam-logo-online.png\",\"contentUrl\":\"https:\\\/\\\/www.sam-kuchler.com\\\/wp-content\\\/uploads\\\/2026\\\/01\\\/sam-logo-online.png\",\"width\":1024,\"height\":1024,\"caption\":\"S.A.M. KUCHLER Electronics GmbH\"},\"image\":{\"@id\":\"https:\\\/\\\/www.sam-kuchler.com\\\/en\\\/#\\\/schema\\\/logo\\\/image\\\/\"},\"sameAs\":[\"https:\\\/\\\/www.facebook.com\\\/samkuchlerelectronics\",\"https:\\\/\\\/www.instagram.com\\\/samkuchler\\\/\",\"https:\\\/\\\/www.tiktok.com\\\/@sam_kuchler\",\"https:\\\/\\\/www.linkedin.com\\\/company\\\/samkuchlerelectronics\"],\"description\":\"S.A.M. KUCHLER Electronics GmbH entwickelt und baut in \u00d6sterreich vollautomatische Schneide- und Verpackungssysteme f\u00fcr frisch geschnittene Lebensmittel (z. B. Wurst, K\u00e4se, Schinken) f\u00fcr den Einsatz im Verkaufsraum und in der Produktion.\",\"email\":\"office@sam-kuchler.com\",\"telephone\":\"+4346343543\",\"legalName\":\"S.A.M. KUCHLER Electronics GmbH\"}]}<\/script>\n<!-- \/ Yoast SEO Premium plugin. -->","yoast_head_json":{"title":"Slice & Pak 4.0 | S.A.M. KUCHLER Electronics GmbH","description":"Vernetzte und intelligente Aufschnittmaschinen von S.A.M. Kuchler. Schneiden und Verpacken mit einem Knopfdruck. Erh\u00f6ht Ihren Umsatz und Marge.","robots":{"index":"index","follow":"follow","max-snippet":"max-snippet:-1","max-image-preview":"max-image-preview:large","max-video-preview":"max-video-preview:-1"},"canonical":"https:\/\/www.sam-kuchler.com\/en\/slice-pak-maschinen\/fourpointzero\/","og_locale":"en_US","og_type":"article","og_title":"Slice & Pak 4.0","og_description":"Vernetzte und intelligente Aufschnittmaschinen von S.A.M. Kuchler. Schneiden und Verpacken mit einem Knopfdruck. Erh\u00f6ht Ihren Umsatz und Marge.","og_url":"https:\/\/www.sam-kuchler.com\/en\/slice-pak-maschinen\/fourpointzero\/","og_site_name":"S.A.M. KUCHLER Electronics GmbH","article_publisher":"https:\/\/www.facebook.com\/samkuchlerelectronics","article_modified_time":"2025-01-16T16:26:51+00:00","og_image":[{"width":2560,"height":1707,"url":"https:\/\/www.sam-kuchler.com\/wp-content\/uploads\/2025\/01\/P75_4186-scaled.jpg","type":"image\/jpeg"}],"twitter_card":"summary_large_image","twitter_misc":{"Est. reading time":"1 minute"},"schema":{"@context":"https:\/\/schema.org","@graph":[{"@type":"WebPage","@id":"https:\/\/www.sam-kuchler.com\/en\/slice-pak-maschinen\/fourpointzero\/","url":"https:\/\/www.sam-kuchler.com\/en\/slice-pak-maschinen\/fourpointzero\/","name":"Slice & Pak 4.0 | S.A.M. KUCHLER Electronics GmbH","isPartOf":{"@id":"https:\/\/www.sam-kuchler.com\/en\/#website"},"datePublished":"2018-08-01T20:21:36+00:00","dateModified":"2025-01-16T16:26:51+00:00","description":"Vernetzte und intelligente Aufschnittmaschinen von S.A.M. Kuchler. Schneiden und Verpacken mit einem Knopfdruck. Erh\u00f6ht Ihren Umsatz und Marge.","breadcrumb":{"@id":"https:\/\/www.sam-kuchler.com\/en\/slice-pak-maschinen\/fourpointzero\/#breadcrumb"},"inLanguage":"en-US","potentialAction":[{"@type":"ReadAction","target":["https:\/\/www.sam-kuchler.com\/en\/slice-pak-maschinen\/fourpointzero\/"]}]},{"@type":"BreadcrumbList","@id":"https:\/\/www.sam-kuchler.com\/en\/slice-pak-maschinen\/fourpointzero\/#breadcrumb","itemListElement":[{"@type":"ListItem","position":1,"name":"Startseite","item":"https:\/\/www.sam-kuchler.com\/en\/"},{"@type":"ListItem","position":2,"name":"Slicing &#038; Packaging","item":"https:\/\/www.sam-kuchler.com\/en\/slice-pak-maschinen\/"},{"@type":"ListItem","position":3,"name":"Slice &#038; Pak 4.0"}]},{"@type":"WebSite","@id":"https:\/\/www.sam-kuchler.com\/en\/#website","url":"https:\/\/www.sam-kuchler.com\/en\/","name":"S.A.M. KUCHLER Electronics GmbH","description":"Aufschnittmaschinen und Verpackungsger\u00e4te","publisher":{"@id":"https:\/\/www.sam-kuchler.com\/en\/#organization"},"alternateName":"SAM","potentialAction":[{"@type":"SearchAction","target":{"@type":"EntryPoint","urlTemplate":"https:\/\/www.sam-kuchler.com\/en\/?s={search_term_string}"},"query-input":{"@type":"PropertyValueSpecification","valueRequired":true,"valueName":"search_term_string"}}],"inLanguage":"en-US"},{"@type":"Organization","@id":"https:\/\/www.sam-kuchler.com\/en\/#organization","name":"S.A.M. KUCHLER Electronics GmbH","alternateName":"SAM","url":"https:\/\/www.sam-kuchler.com\/en\/","logo":{"@type":"ImageObject","inLanguage":"en-US","@id":"https:\/\/www.sam-kuchler.com\/en\/#\/schema\/logo\/image\/","url":"https:\/\/www.sam-kuchler.com\/wp-content\/uploads\/2026\/01\/sam-logo-online.png","contentUrl":"https:\/\/www.sam-kuchler.com\/wp-content\/uploads\/2026\/01\/sam-logo-online.png","width":1024,"height":1024,"caption":"S.A.M. KUCHLER Electronics GmbH"},"image":{"@id":"https:\/\/www.sam-kuchler.com\/en\/#\/schema\/logo\/image\/"},"sameAs":["https:\/\/www.facebook.com\/samkuchlerelectronics","https:\/\/www.instagram.com\/samkuchler\/","https:\/\/www.tiktok.com\/@sam_kuchler","https:\/\/www.linkedin.com\/company\/samkuchlerelectronics"],"description":"S.A.M. KUCHLER Electronics GmbH entwickelt und baut in \u00d6sterreich vollautomatische Schneide- und Verpackungssysteme f\u00fcr frisch geschnittene Lebensmittel (z. B. Wurst, K\u00e4se, Schinken) f\u00fcr den Einsatz im Verkaufsraum und in der Produktion.","email":"office@sam-kuchler.com","telephone":"+4346343543","legalName":"S.A.M. KUCHLER Electronics GmbH"}]}},"_links":{"self":[{"href":"https:\/\/www.sam-kuchler.com\/en\/wp-json\/wp\/v2\/pages\/7950","targetHints":{"allow":["GET"]}}],"collection":[{"href":"https:\/\/www.sam-kuchler.com\/en\/wp-json\/wp\/v2\/pages"}],"about":[{"href":"https:\/\/www.sam-kuchler.com\/en\/wp-json\/wp\/v2\/types\/page"}],"author":[{"embeddable":true,"href":"https:\/\/www.sam-kuchler.com\/en\/wp-json\/wp\/v2\/users\/3"}],"replies":[{"embeddable":true,"href":"https:\/\/www.sam-kuchler.com\/en\/wp-json\/wp\/v2\/comments?post=7950"}],"version-history":[{"count":0,"href":"https:\/\/www.sam-kuchler.com\/en\/wp-json\/wp\/v2\/pages\/7950\/revisions"}],"up":[{"embeddable":true,"href":"https:\/\/www.sam-kuchler.com\/en\/wp-json\/wp\/v2\/pages\/7967"}],"wp:attachment":[{"href":"https:\/\/www.sam-kuchler.com\/en\/wp-json\/wp\/v2\/media?parent=7950"}],"curies":[{"name":"wp","href":"https:\/\/api.w.org\/{rel}","templated":true}]}}