{"id":7959,"date":"2018-04-23T13:17:17","date_gmt":"2018-04-23T11:17:17","guid":{"rendered":"https:\/\/www.sam-kuchler.com\/karriere-jobs\/"},"modified":"2022-11-25T13:20:04","modified_gmt":"2022-11-25T12:20:04","slug":"career-jobs","status":"publish","type":"page","link":"https:\/\/www.sam-kuchler.com\/en\/company\/career-jobs\/","title":{"rendered":"Karriere \/ Jobs"},"content":{"rendered":"<h4>HeadQuarters &#8211; Klagenfurt<\/h4>\n<h1>Become Part of our Team<\/h1>\n<p>Hier finden Sie aktuelle Stellen die wir besetzten, bewerben Sie sich auch gerne initativ!<\/p>\n<h1 style=\"text-align: center;\"><\/h1>\n<h2 style=\"text-align: center;\"><strong>JOBS:<\/strong><\/h2>\n<p>&nbsp;<\/p>\n<p><img decoding=\"async\" title=\"IL_180\u00b0\" src=\"https:\/\/www.sam-kuchler.com\/wp-content\/uploads\/2018\/12\/IL_180\u00b0.png\" alt=\"folienmaschine 180 grad\" width=\"224\" height=\"126\" data-id=\"2450\" data-init-width=\"2000\" data-init-height=\"1125\" data-width=\"224\" data-height=\"126\" \/><\/p>\n<p align=\"center\"><strong><strong>Baugruppenmonteur (m\/w\/d)<\/strong><\/strong><\/p>\n<p>Sie sind handwerklich begabt und brauchen nicht einmal f\u00fcr den Aufbau von IKEA M\u00f6bel eine Anleitung? Dann sind Sie bei uns genau richtig, mit Spa\u00df an der Arbeit und flinken Fingern passen Sie genau in unser Team und wir freuen uns Sie kennen zu lernen.<\/p>\n<p><b>IHRE AUFGABEN:<\/b><\/p>\n<p>&nbsp;<\/p>\n<ul>\n<li style=\"text-align: left;\">Montage von Baugruppen f\u00fcr \u00a0Aufschnitt- und Verpackungsmaschinen<\/li>\n<\/ul>\n<p><b>IHRE QUALIFIKATIONEN:<\/b><\/p>\n<p>&nbsp;<\/p>\n<ul>\n<li style=\"text-align: left;\">Abgeschlossene technische Ausbildung \/ Lehre<\/li>\n<li style=\"text-align: left;\">Berufserfahrung von Vorteil<\/li>\n<li style=\"text-align: left;\">Teamf\u00e4higkeit<\/li>\n<li style=\"text-align: left;\">Selbstst\u00e4ndige genaue Arbeitsweise<\/li>\n<li style=\"text-align: left;\">Eigenverantwortung und Zuverl\u00e4ssigkeit<\/li>\n<li style=\"text-align: left;\">Belastbarkeit und Flexibilit\u00e4t<\/li>\n<\/ul>\n<p><img decoding=\"async\" title=\"ubermenuprod\" src=\"https:\/\/www.sam-kuchler.com\/wp-content\/uploads\/2018\/08\/ubermenuprod.jpg\" alt=\"\" width=\"186\" height=\"126\" data-id=\"1887\" data-init-width=\"252\" data-init-height=\"170\" data-width=\"186\" data-height=\"126\" \/><\/p>\n<p align=\"center\"><strong>CAD KonstrukteurIn (m\/w\/d)<\/strong><\/p>\n<p align=\"center\"><strong>mit Weitblick<\/strong><\/p>\n<p>Sie brennen darauf Neues zu entwickeln und lieben die Herausforderung, die einfachsten L\u00f6sungen in komplexen Aufgaben zu finden? Werden Sie Teil unseres Teams!<\/p>\n<p>Als Teil unseres Teams sind Sie im Entwicklungsunternehmen S.A.M. Innovations GmbH &amp; Co KG als CAD Konstrukteur t\u00e4tig.<\/p>\n<p><b>IHRE AUFGABEN:<\/b><\/p>\n<p>&nbsp;<\/p>\n<ul>\n<li style=\"text-align: left;\">Die Entwicklung und Konstruktion von Aufschnitt- und Verpackungsger\u00e4ten<\/li>\n<li style=\"text-align: left;\">Umsetzung von Ideen bis zur Fertigungszeichnung<\/li>\n<li style=\"text-align: left;\">Erkennen von Verbesserungen in der Produktserie<\/li>\n<li style=\"text-align: left;\">Erstellen von Zeichnungen und Detaillierungen<\/li>\n<\/ul>\n<p><b>IHRE QUALIFIKATIONEN:<\/b><\/p>\n<p>&nbsp;<\/p>\n<ul>\n<li style=\"text-align: left;\">Abgeschlossene technische Ausbildung<\/li>\n<li style=\"text-align: left;\">Berufserfahrung im Bereich CAD<\/li>\n<li style=\"text-align: left;\">Erfahrungen mit CREO von Vorteil<\/li>\n<li style=\"text-align: left;\">Teamf\u00e4higkeit<\/li>\n<li style=\"text-align: left;\">Selbstst\u00e4ndige genaue Arbeitsweise<\/li>\n<li style=\"text-align: left;\">Eigenverantwortung und Zuverl\u00e4ssigkeit<\/li>\n<li style=\"text-align: left;\">Belastbarkeit und Flexibilit\u00e4t<\/li>\n<\/ul>\n<p><img decoding=\"async\" title=\"unternehmen\" src=\"https:\/\/www.sam-kuchler.com\/wp-content\/uploads\/2018\/08\/unternehmen-2.jpg\" alt=\"\" width=\"223\" height=\"125\" data-id=\"1964\" data-init-width=\"400\" data-init-height=\"225\" data-width=\"223\" data-height=\"125\" \/><\/p>\n<p align=\"center\"><strong>SachbearbeiterIn f\u00fcr den Vertrieb (m\/w\/d)<\/strong><\/p>\n<p align=\"center\">\n<p>Sie sind eine offene Pers\u00f6nlichkeit und wie f\u00fcr den Vertrieb gemacht? Dann melden Sie sich bei uns und wir freuen uns, Sie kennen zu lernen.<\/p>\n<p>Als Teil unseres Teams sind Sie in der Abteilung Vertrieb als Unterst\u00fctzung unseres Vertriebsteams im B\u00fcro Innendienst t\u00e4tig.<\/p>\n<p><b>IHRE AUFGABEN:<\/b><\/p>\n<p>&nbsp;<\/p>\n<ul>\n<li style=\"text-align: left;\">Auftragsannahme und Erfassung im System<\/li>\n<li style=\"text-align: left;\">Erstellung, Kalkulation, Abwicklung und pro-aktive Nachverfolgung von Vertriebsangeboten<\/li>\n<li style=\"text-align: left;\">Rechnungserstellung<\/li>\n<li style=\"text-align: left;\">Reklamationsbearbeitung<\/li>\n<li style=\"text-align: left;\">Kompetenter Ansprechpartner f\u00fcr unsere Techniker und Kunden<\/li>\n<li style=\"text-align: left;\">Unterst\u00fctzende Arbeiten im Back-Office und Service<\/li>\n<\/ul>\n<p><b>IHRE QUALIFIKATIONEN:<\/b><\/p>\n<p>&nbsp;<\/p>\n<ul>\n<li style=\"text-align: left;\">Abgeschlossene kaufm\u00e4nnische Berufsausbildung oder \u00a0 \u00a0 \u00a0 \u00a0 \u00a0 \u00a0 \u00a0 \u00a0 \u00a0 \u00a0 \u00a0 \u00a0 \u00a0 \u00a0entsprechende Berufserfahrung<\/li>\n<li style=\"text-align: left;\">Erfahrung im Vertrieb von Vorteil<\/li>\n<li style=\"text-align: left;\">Sehr gute MS-Office Kenntnisse, sowie Erfahrung mit CRM\/ERP-Systemen von Vorteil<\/li>\n<li style=\"text-align: left;\">Ausgepr\u00e4gte Kunden- &amp; Serviceorientierung<\/li>\n<li style=\"text-align: left;\">Sehr gute Deutschkenntnisse in \u00a0Wort und Schrift, gute Englischkenntnisse<\/li>\n<li style=\"text-align: left;\">Kompetentes Auftreten, ausgepr\u00e4gte Kommunikationsf\u00e4higkeit, \u00a0 \u00a0 \u00a0 \u00a0 \u00a0 \u00a0 \u00a0 \u00a0 \u00a0 Teamf\u00e4higkeit<\/li>\n<li style=\"text-align: left;\">Selbstst\u00e4ndige genaue Arbeitsweise<\/li>\n<li style=\"text-align: left;\">Eigenverantwortung und Zuverl\u00e4ssigkeit<\/li>\n<\/ul>\n<p><img decoding=\"async\" title=\"IL_180\u00b0\" src=\"https:\/\/www.sam-kuchler.com\/wp-content\/uploads\/2018\/12\/IL_180\u00b0.png\" alt=\"folienmaschine 180 grad\" width=\"224\" height=\"126\" data-id=\"2450\" data-init-width=\"2000\" data-init-height=\"1125\" data-width=\"224\" data-height=\"126\" \/><\/p>\n<p align=\"center\"><strong><strong>ElektronikerIn (m\/w\/d)<\/strong><\/strong><\/p>\n<p>Als Teil unseres Teams sind Sie im Entwicklungsunternehmen S.A.M. Innovations GmbH &amp; Co KG im Bereich der Elektrotechnik t\u00e4tig.<\/p>\n<p><b>IHRE AUFGABEN:<\/b><\/p>\n<p>&nbsp;<\/p>\n<ul>\n<li style=\"text-align: left;\">Schaltungsentwicklung<\/li>\n<li style=\"text-align: left;\">Kreatives Erkennen von\u00a0 technischen L\u00f6sungen im Team<\/li>\n<li style=\"text-align: left;\">Begleitung des gesamten \u00a0 \u00a0 \u00a0 \u00a0 \u00a0 \u00a0 Entwicklungsprozesses \u2013 vom ersten L\u00f6sungskonzept bis zum \u00a0Serienprodukt<\/li>\n<li style=\"text-align: left;\">Kl\u00e4rung der Anforderungen an die Systeme und Erstellung von \u00a0Pflichtenheften<\/li>\n<li style=\"text-align: left;\">Erstellung von technischen Datenbl\u00e4ttern und Bedienungsanleitungen<\/li>\n<li style=\"text-align: left;\">Dokumentation und funktionale Tests<\/li>\n<li style=\"text-align: left;\">Fehlersuche, Reparatur von Baugruppen<\/li>\n<li style=\"text-align: left;\">Technische Unterst\u00fctzung unseres Serviceteams<\/li>\n<li style=\"text-align: left;\">Softwareentwicklung C<\/li>\n<\/ul>\n<p><b>IHRE QUALIFIKATIONEN:<\/b><\/p>\n<p>&nbsp;<\/p>\n<ul>\n<li style=\"text-align: left;\">HTL \u2013 Absolvent\/in der Fachrichtung Elektronik oder Elektroniker\/in o. Mechatroniker\/in mit Erfahrung<\/li>\n<li style=\"text-align: left;\">Sehr gute Kenntnisse bzw. Erfahrung mit C<\/li>\n<li style=\"text-align: left;\">Technische Affinit\u00e4t<\/li>\n<li style=\"text-align: left;\">Kreativit\u00e4t<\/li>\n<li style=\"text-align: left;\">Deutsch und Englisch in Wort und Schrift<\/li>\n<li style=\"text-align: left;\">Ausgepr\u00e4gte Kommunikationsf\u00e4higkeit,, Teamf\u00e4higkeit<\/li>\n<li style=\"text-align: left;\">Selbstst\u00e4ndig und genaue Arbeitsweise<\/li>\n<li style=\"text-align: left;\">Eigenverantwortung und Zuverl\u00e4ssigkeit<\/li>\n<li style=\"text-align: left;\">Belastbarkeit und Flexibilit\u00e4t<\/li>\n<\/ul>\n<p><img decoding=\"async\" title=\"mega_menu_img_02 (1)\" src=\"\/\/www.sam-kuchler.com\/wp-content\/uploads\/tcb_content_templates\/images\/mega_menu_img_02-1.jpg\" alt=\"\" width=\"115\" height=\"115\" data-id=\"60508\" data-init-width=\"400\" data-init-height=\"400\" data-width=\"115\" data-height=\"115\" \/><\/p>\n<p align=\"center\"><strong>Verk\u00e4uferIn Aufschnittmaschinen (m\/w\/d)<\/strong><\/p>\n<p align=\"center\">\n<p>Stellenbeschreibung folg in k\u00fcrze!<\/p>\n<p>&nbsp;<\/p>\n","protected":false},"excerpt":{"rendered":"<p>HeadQuarters &#8211; Klagenfurt Become Part of our Team Hier finden Sie aktuelle Stellen die wir besetzten, bewerben Sie sich auch gerne initativ! JOBS: &nbsp; Baugruppenmonteur (m\/w\/d) Sie sind handwerklich begabt und brauchen nicht einmal f\u00fcr den Aufbau von IKEA M\u00f6bel eine Anleitung? Dann sind Sie&#8230;<\/p>\n","protected":false},"author":3,"featured_media":0,"parent":7961,"menu_order":0,"comment_status":"closed","ping_status":"closed","template":"","meta":{"_acf_changed":false,"inline_featured_image":false,"footnotes":""},"class_list":["post-7959","page","type-page","status-publish","hentry"],"acf":[],"yoast_head":"<!-- This site is optimized with the Yoast SEO Premium plugin v27.1 (Yoast SEO v27.4) - https:\/\/yoast.com\/product\/yoast-seo-premium-wordpress\/ -->\n<title>Karriere \/ Jobs | S.A.M. KUCHLER Electronics GmbH<\/title>\n<meta name=\"description\" content=\"Werde Teil des innovativem Teams der Nr. 1 der Aufschnittmaschinen. S.A.M. Kuchler - Top Qualit\u00e4t, made in Austria.\" \/>\n<meta name=\"robots\" content=\"index, follow, max-snippet:-1, max-image-preview:large, max-video-preview:-1\" \/>\n<link rel=\"canonical\" href=\"https:\/\/www.sam-kuchler.com\/en\/company\/career-jobs\/\" \/>\n<meta property=\"og:locale\" content=\"en_US\" \/>\n<meta property=\"og:type\" content=\"article\" \/>\n<meta property=\"og:title\" content=\"Karriere \/ Jobs\" \/>\n<meta property=\"og:description\" content=\"Werde Teil des innovativem Teams der Nr. 1 der Aufschnittmaschinen. S.A.M. Kuchler - Top Qualit\u00e4t, made in Austria.\" \/>\n<meta property=\"og:url\" content=\"https:\/\/www.sam-kuchler.com\/en\/company\/career-jobs\/\" \/>\n<meta property=\"og:site_name\" content=\"S.A.M. KUCHLER Electronics GmbH\" \/>\n<meta property=\"article:publisher\" content=\"https:\/\/www.facebook.com\/samkuchlerelectronics\" \/>\n<meta property=\"article:modified_time\" content=\"2022-11-25T12:20:04+00:00\" \/>\n<meta property=\"og:image\" content=\"https:\/\/www.sam-kuchler.com\/wp-content\/uploads\/2018\/08\/ubermenuprod.jpg\" \/>\n<meta name=\"twitter:card\" content=\"summary_large_image\" \/>\n<meta name=\"twitter:label1\" content=\"Est. reading time\" \/>\n\t<meta name=\"twitter:data1\" content=\"4 minutes\" \/>\n<script type=\"application\/ld+json\" class=\"yoast-schema-graph\">{\"@context\":\"https:\\\/\\\/schema.org\",\"@graph\":[{\"@type\":\"WebPage\",\"@id\":\"https:\\\/\\\/www.sam-kuchler.com\\\/en\\\/company\\\/career-jobs\\\/\",\"url\":\"https:\\\/\\\/www.sam-kuchler.com\\\/en\\\/company\\\/career-jobs\\\/\",\"name\":\"Karriere \\\/ Jobs | S.A.M. KUCHLER Electronics GmbH\",\"isPartOf\":{\"@id\":\"https:\\\/\\\/www.sam-kuchler.com\\\/en\\\/#website\"},\"primaryImageOfPage\":{\"@id\":\"https:\\\/\\\/www.sam-kuchler.com\\\/en\\\/company\\\/career-jobs\\\/#primaryimage\"},\"image\":{\"@id\":\"https:\\\/\\\/www.sam-kuchler.com\\\/en\\\/company\\\/career-jobs\\\/#primaryimage\"},\"thumbnailUrl\":\"https:\\\/\\\/www.sam-kuchler.com\\\/wp-content\\\/uploads\\\/2018\\\/08\\\/ubermenuprod.jpg\",\"datePublished\":\"2018-04-23T11:17:17+00:00\",\"dateModified\":\"2022-11-25T12:20:04+00:00\",\"description\":\"Werde Teil des innovativem Teams der Nr. 1 der Aufschnittmaschinen. S.A.M. Kuchler - Top Qualit\u00e4t, made in Austria.\",\"breadcrumb\":{\"@id\":\"https:\\\/\\\/www.sam-kuchler.com\\\/en\\\/company\\\/career-jobs\\\/#breadcrumb\"},\"inLanguage\":\"en-US\",\"potentialAction\":[{\"@type\":\"ReadAction\",\"target\":[\"https:\\\/\\\/www.sam-kuchler.com\\\/en\\\/company\\\/career-jobs\\\/\"]}]},{\"@type\":\"ImageObject\",\"inLanguage\":\"en-US\",\"@id\":\"https:\\\/\\\/www.sam-kuchler.com\\\/en\\\/company\\\/career-jobs\\\/#primaryimage\",\"url\":\"https:\\\/\\\/www.sam-kuchler.com\\\/wp-content\\\/uploads\\\/2018\\\/08\\\/ubermenuprod.jpg\",\"contentUrl\":\"https:\\\/\\\/www.sam-kuchler.com\\\/wp-content\\\/uploads\\\/2018\\\/08\\\/ubermenuprod.jpg\"},{\"@type\":\"BreadcrumbList\",\"@id\":\"https:\\\/\\\/www.sam-kuchler.com\\\/en\\\/company\\\/career-jobs\\\/#breadcrumb\",\"itemListElement\":[{\"@type\":\"ListItem\",\"position\":1,\"name\":\"Startseite\",\"item\":\"https:\\\/\\\/www.sam-kuchler.com\\\/en\\\/\"},{\"@type\":\"ListItem\",\"position\":2,\"name\":\"SAM World\",\"item\":\"https:\\\/\\\/www.sam-kuchler.com\\\/en\\\/company\\\/\"},{\"@type\":\"ListItem\",\"position\":3,\"name\":\"Karriere \\\/ Jobs\"}]},{\"@type\":\"WebSite\",\"@id\":\"https:\\\/\\\/www.sam-kuchler.com\\\/en\\\/#website\",\"url\":\"https:\\\/\\\/www.sam-kuchler.com\\\/en\\\/\",\"name\":\"S.A.M. KUCHLER Electronics GmbH\",\"description\":\"Aufschnittmaschinen und Verpackungsger\u00e4te\",\"publisher\":{\"@id\":\"https:\\\/\\\/www.sam-kuchler.com\\\/en\\\/#organization\"},\"alternateName\":\"SAM\",\"potentialAction\":[{\"@type\":\"SearchAction\",\"target\":{\"@type\":\"EntryPoint\",\"urlTemplate\":\"https:\\\/\\\/www.sam-kuchler.com\\\/en\\\/?s={search_term_string}\"},\"query-input\":{\"@type\":\"PropertyValueSpecification\",\"valueRequired\":true,\"valueName\":\"search_term_string\"}}],\"inLanguage\":\"en-US\"},{\"@type\":\"Organization\",\"@id\":\"https:\\\/\\\/www.sam-kuchler.com\\\/en\\\/#organization\",\"name\":\"S.A.M. KUCHLER Electronics GmbH\",\"alternateName\":\"SAM\",\"url\":\"https:\\\/\\\/www.sam-kuchler.com\\\/en\\\/\",\"logo\":{\"@type\":\"ImageObject\",\"inLanguage\":\"en-US\",\"@id\":\"https:\\\/\\\/www.sam-kuchler.com\\\/en\\\/#\\\/schema\\\/logo\\\/image\\\/\",\"url\":\"https:\\\/\\\/www.sam-kuchler.com\\\/wp-content\\\/uploads\\\/2026\\\/01\\\/sam-logo-online.png\",\"contentUrl\":\"https:\\\/\\\/www.sam-kuchler.com\\\/wp-content\\\/uploads\\\/2026\\\/01\\\/sam-logo-online.png\",\"width\":1024,\"height\":1024,\"caption\":\"S.A.M. KUCHLER Electronics GmbH\"},\"image\":{\"@id\":\"https:\\\/\\\/www.sam-kuchler.com\\\/en\\\/#\\\/schema\\\/logo\\\/image\\\/\"},\"sameAs\":[\"https:\\\/\\\/www.facebook.com\\\/samkuchlerelectronics\",\"https:\\\/\\\/www.instagram.com\\\/samkuchler\\\/\",\"https:\\\/\\\/www.tiktok.com\\\/@sam_kuchler\",\"https:\\\/\\\/www.linkedin.com\\\/company\\\/samkuchlerelectronics\"],\"description\":\"S.A.M. KUCHLER Electronics GmbH entwickelt und baut in \u00d6sterreich vollautomatische Schneide- und Verpackungssysteme f\u00fcr frisch geschnittene Lebensmittel (z. B. Wurst, K\u00e4se, Schinken) f\u00fcr den Einsatz im Verkaufsraum und in der Produktion.\",\"email\":\"office@sam-kuchler.com\",\"telephone\":\"+4346343543\",\"legalName\":\"S.A.M. KUCHLER Electronics GmbH\"}]}<\/script>\n<!-- \/ Yoast SEO Premium plugin. -->","yoast_head_json":{"title":"Karriere \/ Jobs | S.A.M. KUCHLER Electronics GmbH","description":"Werde Teil des innovativem Teams der Nr. 1 der Aufschnittmaschinen. S.A.M. Kuchler - Top Qualit\u00e4t, made in Austria.","robots":{"index":"index","follow":"follow","max-snippet":"max-snippet:-1","max-image-preview":"max-image-preview:large","max-video-preview":"max-video-preview:-1"},"canonical":"https:\/\/www.sam-kuchler.com\/en\/company\/career-jobs\/","og_locale":"en_US","og_type":"article","og_title":"Karriere \/ Jobs","og_description":"Werde Teil des innovativem Teams der Nr. 1 der Aufschnittmaschinen. S.A.M. Kuchler - Top Qualit\u00e4t, made in Austria.","og_url":"https:\/\/www.sam-kuchler.com\/en\/company\/career-jobs\/","og_site_name":"S.A.M. KUCHLER Electronics GmbH","article_publisher":"https:\/\/www.facebook.com\/samkuchlerelectronics","article_modified_time":"2022-11-25T12:20:04+00:00","og_image":[{"url":"https:\/\/www.sam-kuchler.com\/wp-content\/uploads\/2018\/08\/ubermenuprod.jpg","type":"","width":"","height":""}],"twitter_card":"summary_large_image","twitter_misc":{"Est. reading time":"4 minutes"},"schema":{"@context":"https:\/\/schema.org","@graph":[{"@type":"WebPage","@id":"https:\/\/www.sam-kuchler.com\/en\/company\/career-jobs\/","url":"https:\/\/www.sam-kuchler.com\/en\/company\/career-jobs\/","name":"Karriere \/ Jobs | S.A.M. KUCHLER Electronics GmbH","isPartOf":{"@id":"https:\/\/www.sam-kuchler.com\/en\/#website"},"primaryImageOfPage":{"@id":"https:\/\/www.sam-kuchler.com\/en\/company\/career-jobs\/#primaryimage"},"image":{"@id":"https:\/\/www.sam-kuchler.com\/en\/company\/career-jobs\/#primaryimage"},"thumbnailUrl":"https:\/\/www.sam-kuchler.com\/wp-content\/uploads\/2018\/08\/ubermenuprod.jpg","datePublished":"2018-04-23T11:17:17+00:00","dateModified":"2022-11-25T12:20:04+00:00","description":"Werde Teil des innovativem Teams der Nr. 1 der Aufschnittmaschinen. S.A.M. Kuchler - Top Qualit\u00e4t, made in Austria.","breadcrumb":{"@id":"https:\/\/www.sam-kuchler.com\/en\/company\/career-jobs\/#breadcrumb"},"inLanguage":"en-US","potentialAction":[{"@type":"ReadAction","target":["https:\/\/www.sam-kuchler.com\/en\/company\/career-jobs\/"]}]},{"@type":"ImageObject","inLanguage":"en-US","@id":"https:\/\/www.sam-kuchler.com\/en\/company\/career-jobs\/#primaryimage","url":"https:\/\/www.sam-kuchler.com\/wp-content\/uploads\/2018\/08\/ubermenuprod.jpg","contentUrl":"https:\/\/www.sam-kuchler.com\/wp-content\/uploads\/2018\/08\/ubermenuprod.jpg"},{"@type":"BreadcrumbList","@id":"https:\/\/www.sam-kuchler.com\/en\/company\/career-jobs\/#breadcrumb","itemListElement":[{"@type":"ListItem","position":1,"name":"Startseite","item":"https:\/\/www.sam-kuchler.com\/en\/"},{"@type":"ListItem","position":2,"name":"SAM World","item":"https:\/\/www.sam-kuchler.com\/en\/company\/"},{"@type":"ListItem","position":3,"name":"Karriere \/ Jobs"}]},{"@type":"WebSite","@id":"https:\/\/www.sam-kuchler.com\/en\/#website","url":"https:\/\/www.sam-kuchler.com\/en\/","name":"S.A.M. KUCHLER Electronics GmbH","description":"Aufschnittmaschinen und Verpackungsger\u00e4te","publisher":{"@id":"https:\/\/www.sam-kuchler.com\/en\/#organization"},"alternateName":"SAM","potentialAction":[{"@type":"SearchAction","target":{"@type":"EntryPoint","urlTemplate":"https:\/\/www.sam-kuchler.com\/en\/?s={search_term_string}"},"query-input":{"@type":"PropertyValueSpecification","valueRequired":true,"valueName":"search_term_string"}}],"inLanguage":"en-US"},{"@type":"Organization","@id":"https:\/\/www.sam-kuchler.com\/en\/#organization","name":"S.A.M. KUCHLER Electronics GmbH","alternateName":"SAM","url":"https:\/\/www.sam-kuchler.com\/en\/","logo":{"@type":"ImageObject","inLanguage":"en-US","@id":"https:\/\/www.sam-kuchler.com\/en\/#\/schema\/logo\/image\/","url":"https:\/\/www.sam-kuchler.com\/wp-content\/uploads\/2026\/01\/sam-logo-online.png","contentUrl":"https:\/\/www.sam-kuchler.com\/wp-content\/uploads\/2026\/01\/sam-logo-online.png","width":1024,"height":1024,"caption":"S.A.M. KUCHLER Electronics GmbH"},"image":{"@id":"https:\/\/www.sam-kuchler.com\/en\/#\/schema\/logo\/image\/"},"sameAs":["https:\/\/www.facebook.com\/samkuchlerelectronics","https:\/\/www.instagram.com\/samkuchler\/","https:\/\/www.tiktok.com\/@sam_kuchler","https:\/\/www.linkedin.com\/company\/samkuchlerelectronics"],"description":"S.A.M. KUCHLER Electronics GmbH entwickelt und baut in \u00d6sterreich vollautomatische Schneide- und Verpackungssysteme f\u00fcr frisch geschnittene Lebensmittel (z. B. Wurst, K\u00e4se, Schinken) f\u00fcr den Einsatz im Verkaufsraum und in der Produktion.","email":"office@sam-kuchler.com","telephone":"+4346343543","legalName":"S.A.M. KUCHLER Electronics GmbH"}]}},"_links":{"self":[{"href":"https:\/\/www.sam-kuchler.com\/en\/wp-json\/wp\/v2\/pages\/7959","targetHints":{"allow":["GET"]}}],"collection":[{"href":"https:\/\/www.sam-kuchler.com\/en\/wp-json\/wp\/v2\/pages"}],"about":[{"href":"https:\/\/www.sam-kuchler.com\/en\/wp-json\/wp\/v2\/types\/page"}],"author":[{"embeddable":true,"href":"https:\/\/www.sam-kuchler.com\/en\/wp-json\/wp\/v2\/users\/3"}],"replies":[{"embeddable":true,"href":"https:\/\/www.sam-kuchler.com\/en\/wp-json\/wp\/v2\/comments?post=7959"}],"version-history":[{"count":0,"href":"https:\/\/www.sam-kuchler.com\/en\/wp-json\/wp\/v2\/pages\/7959\/revisions"}],"up":[{"embeddable":true,"href":"https:\/\/www.sam-kuchler.com\/en\/wp-json\/wp\/v2\/pages\/7961"}],"wp:attachment":[{"href":"https:\/\/www.sam-kuchler.com\/en\/wp-json\/wp\/v2\/media?parent=7959"}],"curies":[{"name":"wp","href":"https:\/\/api.w.org\/{rel}","templated":true}]}}