{"id":9910,"date":"2025-03-02T16:33:56","date_gmt":"2025-03-02T15:33:56","guid":{"rendered":"https:\/\/www.sam-kuchler.com\/?page_id=9910"},"modified":"2025-03-02T22:50:07","modified_gmt":"2025-03-02T21:50:07","slug":"slicingpackaging-map","status":"publish","type":"page","link":"https:\/\/www.sam-kuchler.com\/en\/slicingpackaging-map\/","title":{"rendered":"MAP Landingpage"},"content":{"rendered":"<h1>PX3 MAP<\/h1>\n<p><strong><span style=\"--tcb-gradient-text-value: linear-gradient(180deg, #ffffff 0%, #6c6e7a 100%);\">The solution for fresh packaging and extended shelf life.<\/span><\/strong><\/p>\n<p><img decoding=\"async\" style=\"aspect-ratio: auto 3840 \/ 1365;\" title=\"\" src=\"https:\/\/www.sam-kuchler.com\/wp-content\/uploads\/2024\/10\/PX3-MAP-ohne-Tisch.png\" alt=\"\" width=\"1024\" height=\"364\" data-id=\"9443\" data-init-width=\"3840\" data-init-height=\"1365\" data-width=\"1024\" data-height=\"364\" \/><img decoding=\"async\" style=\"aspect-ratio: auto 250 \/ 212;\" title=\"\" src=\"https:\/\/www.sam-kuchler.com\/wp-content\/uploads\/2025\/02\/design-ohne-titel-24.png\" alt=\"MAP Aufschnittpackung\" width=\"250\" height=\"212\" data-id=\"9861\" data-init-width=\"250\" data-init-height=\"212\" data-width=\"250\" data-height=\"212\" \/><\/p>\n<p style=\"color: var(--tcb-color-3) !important; --tcb-applied-color: var$(--tcb-color-3) !important;\">155<\/p>\n<p>\u00a0packs\/h<\/p>\n<p style=\"color: var(--tcb-color-3) !important; --tcb-applied-color: var$(--tcb-color-3) !important;\">2<\/p>\n<p>meter length<\/p>\n<p style=\"color: var(--tcb-color-3) !important; --tcb-applied-color: var$(--tcb-color-3) !important;\">100%<\/p>\n<p>automation<\/p>\n<h2 style=\"text-align: center;\">It&#8217;s Best For<\/h2>\n<h5>SUPERMARKET<\/h5>\n<p>Optimizes the service counter with minimal labor.The PX3 MAP delivers hygienically packaged cold cuts with a longer shelf life.<\/p>\n<h5>BUTCHERY<\/h5>\n<p>Freshly sliced, attractive packaging &#8211; directly in the butcher&#8217;s shop.Saviing time and offering your customers the best.<\/p>\n<h5>24\/7 SHOPS<\/h5>\n<p>Fresh cold cuts &#8211; around the clock.<\/p>\n<h5>DELIVERY<\/h5>\n<p>You want to supply packaged cold cuts to retailers. Professional packaging at LEH level.<\/p>\n<h2 style=\"text-align: center;\">The machine &amp; its functions<\/h2>\n<p>01.<\/p>\n<h5>Place the Product.<\/h5>\n<ul>\n<li>Simply place product on machine.<\/li>\n<li>No settings required.<\/li>\n<li>Easy handling.<\/li>\n<\/ul>\n<p>easy handling<\/p>\n<p>stored slicing programs<\/p>\n<p>02.<\/p>\n<h5>Slicing &amp; Packaging.<\/h5>\n<ul>\n<li>Machine slices automatically.<\/li>\n<li>Machine packages automatically.<\/li>\n<li>Machine vacuums\/gases.<\/li>\n<\/ul>\n<p>3D-sensors<\/p>\n<p><!--! Font Awesome Free 6.7.1 by @fontawesome - https:\/\/fontawesome.com License - https:\/\/fontawesome.com\/license\/free (Icons: CC BY 4.0, Fonts: SIL OFL 1.1, Code: MIT License) Copyright 2024 Fonticons, Inc. --><\/p>\n<p>multilayer packaging<\/p>\n<p>03.<\/p>\n<h5>The Result.<\/h5>\n<ul>\n<li>Crafted-look packaging.<\/li>\n<li>Separate chambers.<\/li>\n<li>Minimal labor.<\/li>\n<\/ul>\n<p>happy customers<\/p>\n<p>higher profits<\/p>\n<h2>the solution for counters<\/h2>\n<h6>higher margins<\/h6>\n<p>Slice and package in-house, reduce external costs, and increase your profit margin.<\/p>\n<p>Stay flexible and cater to customer needs.<\/p>\n<h6>higher sales<\/h6>\n<p>Crafted-look packaging &amp; extended shelf life convince your customers.<\/p>\n<p>Offer freshly sliced, beautifully packaged products.<\/p>\n<h2>service counter of today<\/h2>\n<p>The service counter is the heart of the market, but challenges are growing:<\/p>\n<ul>\n<li>Staff shortages make operations difficult<\/li>\n<li>Long waiting times for customers<\/li>\n<li>Manual slicing &amp; packaging takes time.<\/li>\n<\/ul>\n<p>The <strong>PX3 MAP<\/strong> automates slicing &amp; packaging &#8211; precise, hygienic and in multilayer SamPaks.<\/p>\n<p>Your customers receive the same quality as from the counter &#8211; without the wait.<\/p>\n<h2>pre-pack solution for butcher shops<\/h2>\n<p>Butchers supplying retailers must ensure theirs products are fresh, hygienic, appealing, and economically packaged.<\/p>\n<p>&nbsp;<\/p>\n<p>Automated processes allow for precise slicing and packaging in a modified atmosphere or vacuum, ensuring longer freshness. With minimal effort, butcher shops can deliver professionally packaged products to supermarkets or retail chains.<\/p>\n<ul>\n<li>High-quality self-service products<\/li>\n<li style=\"color: var(--tcb-color-4) !important; --tcb-applied-color: var$(--tcb-color-4) !important;\">Extended shelf life with MAP packaging.<\/li>\n<li style=\"color: var(--tcb-color-4) !important; --tcb-applied-color: var$(--tcb-color-4) !important;\">Also for small and medium-sized businesses<\/li>\n<li style=\"color: var(--tcb-color-4) !important; --tcb-applied-color: var$(--tcb-color-4) !important;\">Compact size: fits any butcher shop<\/li>\n<\/ul>\n<p><img decoding=\"async\" style=\"aspect-ratio: auto 2560 \/ 1707;\" title=\"\" src=\"https:\/\/www.sam-kuchler.com\/wp-content\/uploads\/2025\/01\/P75_3769-scaled.jpg\" alt=\"\" width=\"363\" height=\"242\" data-id=\"9709\" data-init-width=\"2560\" data-init-height=\"1707\" data-width=\"363\" data-height=\"242\" \/><\/p>\n<h3>Hygienic packaging solution<\/h3>\n<p>Sausage, cheese, salami are packaged in <strong>modified atmosphere (MAP)<\/strong> or <strong>vacuum <\/strong>to ensure maximum hygiene and shelf life.<\/p>\n<p><a style=\"outline: none;\" href=\"https:\/\/www.sam-kuchler.com\/sampak\/\" target=\"_blank\" rel=\"noopener\">Learn more<\/a><\/p>\n<p><img decoding=\"async\" style=\"aspect-ratio: auto 2560 \/ 1707;\" title=\"\" src=\"https:\/\/www.sam-kuchler.com\/wp-content\/uploads\/2025\/01\/P75_4186-scaled.jpg\" alt=\"\" width=\"381\" height=\"254\" data-id=\"9627\" data-init-width=\"2560\" data-init-height=\"1707\" data-width=\"381\" data-height=\"254\" \/><\/p>\n<h3>Automation<\/h3>\n<p>The PX3 MAP handles all processes automatically \u2013 from slicing to labeling \u2013 reducing labor needs.<\/p>\n<p><a style=\"outline: none;\" href=\"https:\/\/youtu.be\/_83WdVkZbrg?si=sw06Y0BOdBSM7cFG\" target=\"_blank\" rel=\"noopener\">Video<\/a><\/p>\n<p><img decoding=\"async\" style=\"aspect-ratio: auto 1000 \/ 458;\" title=\"\" src=\"https:\/\/www.sam-kuchler.com\/wp-content\/uploads\/2020\/06\/mehrlagige-wurstverpackung.jpg\" alt=\"\" width=\"611\" height=\"280\" data-id=\"5261\" data-init-width=\"1000\" data-init-height=\"458\" data-width=\"611\" data-height=\"280\" \/><\/p>\n<h3>multilayer packaging<\/h3>\n<p>Customers can remove individual layers while the rest remains sealed.<\/p>\n<p><a style=\"outline: none;\" href=\"https:\/\/youtu.be\/Gq-YMY17eXc?si=BFyCM_qBLFpTHhpl\" target=\"_blank\" rel=\"noopener\">Video<\/a><\/p>\n<h2>packaging\u00a0types<\/h2>\n<h5>MAP<\/h5>\n<p>Cheese \/ Sausage<\/p>\n<p><img decoding=\"async\" style=\"aspect-ratio: auto 2294 \/ 2494;\" title=\"MapPak\" src=\"https:\/\/www.sam-kuchler.com\/wp-content\/uploads\/2025\/01\/3.png\" alt=\"MapPak\" width=\"500\" height=\"544\" data-id=\"9693\" data-init-width=\"2294\" data-init-height=\"2494\" data-width=\"500\" data-height=\"544\" \/><img decoding=\"async\" style=\"aspect-ratio: auto 1878 \/ 482;\" title=\"\" src=\"https:\/\/www.sam-kuchler.com\/wp-content\/uploads\/2025\/01\/Bildschirmfoto-2025-01-26-um-18.24.38.png\" alt=\"\" width=\"126\" height=\"32\" data-id=\"9677\" data-init-width=\"1878\" data-init-height=\"482\" data-width=\"126\" data-height=\"32\" \/><\/p>\n<p>The packaging atmosphere is replaced with a gas mixture to preserve freshness, color and shelf life. This process is called<strong> MAP (Modified Atmosphere Packaging)<\/strong>.<\/p>\n<h5>VAKUUM<\/h5>\n<p>Cheese \/ Sausage<\/p>\n<p><img decoding=\"async\" style=\"aspect-ratio: auto 2294 \/ 2494;\" title=\"VacPak\" src=\"https:\/\/www.sam-kuchler.com\/wp-content\/uploads\/2025\/01\/2.png\" alt=\"VacPak\" width=\"500\" height=\"544\" data-id=\"9695\" data-init-width=\"2294\" data-init-height=\"2494\" data-width=\"500\" data-height=\"544\" \/><img decoding=\"async\" style=\"aspect-ratio: auto 1854 \/ 358;\" title=\"\" src=\"https:\/\/www.sam-kuchler.com\/wp-content\/uploads\/2025\/01\/Bildschirmfoto-2025-01-26-um-18.24.16.png\" alt=\"\" width=\"135\" height=\"26\" data-id=\"9675\" data-init-width=\"1854\" data-init-height=\"358\" data-width=\"135\" data-height=\"26\" \/><\/p>\n<p>Vacuum packaging extends the shelf life of sliced products by slowing down biochemical decomposition through air removal.<\/p>\n<h2 style=\"text-align: center;\">How It Works<\/h2>\n<p>01<\/p>\n<p>slicing<\/p>\n<p>02<\/p>\n<p>multilayer packaging<\/p>\n<p><!--! Font Awesome Free 6.7.1 by @fontawesome - https:\/\/fontawesome.com License - https:\/\/fontawesome.com\/license\/free (Icons: CC BY 4.0, Fonts: SIL OFL 1.1, Code: MIT License) Copyright 2024 Fonticons, Inc. --><\/p>\n<p>03<\/p>\n<p>packaging in modified atmosphere or vacuum sealing<\/p>\n<p><img decoding=\"async\" style=\"aspect-ratio: auto 1222 \/ 180;\" title=\"123\" src=\"https:\/\/www.sam-kuchler.com\/wp-content\/uploads\/2025\/01\/123.png\" alt=\"123\" width=\"1222\" height=\"180\" data-id=\"9781\" data-init-width=\"1222\" data-init-height=\"180\" \/><img decoding=\"async\" style=\"aspect-ratio: auto 3873 \/ 2650;\" title=\"\" src=\"https:\/\/www.sam-kuchler.com\/wp-content\/uploads\/2025\/01\/250-cm.png\" alt=\"\" width=\"1125\" height=\"770\" data-id=\"9768\" data-init-width=\"3873\" data-init-height=\"2650\" data-width=\"1125\" data-height=\"770\" \/><\/p>\n<p>our Service &#8211; always ready<\/p>\n<p>Our qualified field technicians are always available to ensure your machine runs smoothly.<\/p>\n<ul>\n<li>All spare parts in stock<\/li>\n<li>24\/7 availability<\/li>\n<li>Installation, maintenance, training<\/li>\n<\/ul>\n<p><img decoding=\"async\" style=\"aspect-ratio: auto 2560 \/ 1706;\" title=\"\" src=\"https:\/\/www.sam-kuchler.com\/wp-content\/uploads\/2025\/01\/P75_3509-scaled.jpg\" alt=\"\" width=\"516\" height=\"344\" data-id=\"9633\" data-init-width=\"2560\" data-init-height=\"1706\" data-width=\"516\" data-height=\"344\" \/><\/p>\n<p>Unser Service immer bereit.<\/p>\n<p>Unsere qualifizierten Au\u00dfendiensttechniker stehen Ihnen jederzeit zur Verf\u00fcgung und sorgen daf\u00fcr, dass Ihre Maschine zuverl\u00e4ssig l\u00e4uft.<\/p>\n<p><img decoding=\"async\" style=\"aspect-ratio: auto 2560 \/ 1706;\" title=\"\" src=\"https:\/\/www.sam-kuchler.com\/wp-content\/uploads\/2025\/01\/P75_3509-scaled.jpg\" alt=\"\" width=\"2560\" height=\"1706\" data-id=\"9633\" data-init-width=\"2560\" data-init-height=\"1706\" \/><\/p>\n<ul>\n<li>Alle Ersatzteile im Fahrzeug<\/li>\n<li>24\/7 Erreichbarkeit<\/li>\n<li>Installation, Wartung, Schulungen<\/li>\n<\/ul>\n<h2 style=\"text-align: center;\">Frequently asked questions<\/h2>\n<p><img decoding=\"async\" style=\"aspect-ratio: auto 440 \/ 200;\" title=\"\" src=\"https:\/\/www.sam-kuchler.com\/wp-content\/uploads\/2018\/07\/sam-logo.png\" alt=\"\" width=\"124\" height=\"56\" data-id=\"1048\" data-init-width=\"440\" data-init-height=\"200\" data-width=\"124\" data-height=\"56\" \/><\/p>\n<h4>About Our Brand<\/h4>\n<p><img decoding=\"async\" style=\"aspect-ratio: auto 1707 \/ 2560;\" title=\"\" src=\"https:\/\/www.sam-kuchler.com\/wp-content\/uploads\/2024\/09\/P75_4047-scaled-e1737208845382.jpg\" alt=\"\" width=\"190\" height=\"284\" data-id=\"9428\" data-init-width=\"1707\" data-init-height=\"2560\" data-width=\"190\" data-height=\"284\" \/><\/p>\n<h4>About Our products<\/h4>\n<p><img decoding=\"async\" style=\"aspect-ratio: auto 3660 \/ 1088;\" title=\"PX3 MAP ohne Tisch\" src=\"https:\/\/www.sam-kuchler.com\/wp-content\/uploads\/2024\/10\/PX3-MAP-ohne-Tisch-e1737277633731.png\" alt=\"PX3 MAP ohne Tisch\" width=\"515\" height=\"153\" data-id=\"9443\" data-init-width=\"3660\" data-init-height=\"1088\" data-width=\"515\" data-height=\"153\" \/><\/p>\n<h4>About PX3 MAP<\/h4>\n<h4>ALWAYS BE ONE Slice AHEAD WITH US.<\/h4>\n<p>Hinweis: F\u00fcr diesen Inhalt ist JavaScript erforderlich. <!-- That data is being printed as a workaround to page builders reordering the order of the scripts loaded--><\/p>\n<h2 style=\"text-align: center;\">quality from austria<\/h2>\n<p><img decoding=\"async\" style=\"aspect-ratio: auto 1000 \/ 517;\" title=\"Austria-A_tech-wizards_v1\" src=\"https:\/\/www.sam-kuchler.com\/wp-content\/uploads\/2018\/04\/Austria-A_tech-wizards_v1.png\" alt=\"\" width=\"187\" height=\"97\" data-id=\"169\" data-init-width=\"1000\" data-init-height=\"517\" data-width=\"187\" data-height=\"97\" \/><\/p>\n","protected":false},"excerpt":{"rendered":"<p>PX3 MAP The solution for fresh packaging and extended shelf life. 155 \u00a0packs\/h 2 meter length 100% automation It&#8217;s Best For SUPERMARKET Optimizes the service counter with minimal labor.The PX3 MAP delivers hygienically packaged cold cuts with a longer shelf life. BUTCHERY Freshly sliced, attractive&#8230;<\/p>\n","protected":false},"author":5,"featured_media":9628,"parent":0,"menu_order":1,"comment_status":"closed","ping_status":"closed","template":"","meta":{"_acf_changed":false,"inline_featured_image":false,"footnotes":"","tve_updated_post":"","tve_custom_css":"","tve_user_custom_css":"","tve_globals":{},"tcb2_ready":1,"tcb_editor_enabled":1,"tve_landing_page":"f9b80457d38c2de5393c83ebeb83df9e","_tve_header":"0","_tve_footer":"0"},"class_list":["post-9910","page","type-page","status-publish","has-post-thumbnail","hentry"],"acf":[],"yoast_head":"<!-- This site is optimized with the Yoast SEO Premium plugin v27.1 (Yoast SEO v27.6) - https:\/\/yoast.com\/product\/yoast-seo-premium-wordpress\/ -->\n<title>MAP Landingpage | S.A.M. KUCHLER Electronics GmbH<\/title>\n<meta name=\"description\" content=\"Lese \u00fcber MAP Landingpage und tauche ein in die Schneide- und Verpackungswelt von SAM. F\u00fcr Ihre Bedientheke von heute!\" \/>\n<meta name=\"robots\" content=\"index, follow, max-snippet:-1, max-image-preview:large, max-video-preview:-1\" \/>\n<link rel=\"canonical\" href=\"https:\/\/www.sam-kuchler.com\/en\/slicingpackaging-map\/\" \/>\n<meta property=\"og:locale\" content=\"en_US\" \/>\n<meta property=\"og:type\" content=\"article\" \/>\n<meta property=\"og:title\" content=\"MAP Landingpage\" \/>\n<meta property=\"og:description\" content=\"Lese \u00fcber MAP Landingpage und tauche ein in die Schneide- und Verpackungswelt von SAM. F\u00fcr Ihre Bedientheke von heute!\" \/>\n<meta property=\"og:url\" content=\"https:\/\/www.sam-kuchler.com\/en\/slicingpackaging-map\/\" \/>\n<meta property=\"og:site_name\" content=\"S.A.M. KUCHLER Electronics GmbH\" \/>\n<meta property=\"article:publisher\" content=\"https:\/\/www.facebook.com\/samkuchlerelectronics\" \/>\n<meta property=\"article:modified_time\" content=\"2025-03-02T21:50:07+00:00\" \/>\n<meta property=\"og:image\" content=\"https:\/\/www.sam-kuchler.com\/wp-content\/uploads\/2025\/01\/P75_4186-scaled.jpg\" \/>\n\t<meta property=\"og:image:width\" content=\"2560\" \/>\n\t<meta property=\"og:image:height\" content=\"1707\" \/>\n\t<meta property=\"og:image:type\" content=\"image\/jpeg\" \/>\n<meta name=\"twitter:card\" content=\"summary_large_image\" \/>\n<meta name=\"twitter:label1\" content=\"Est. reading time\" \/>\n\t<meta name=\"twitter:data1\" content=\"10 minutes\" \/>\n<script type=\"application\/ld+json\" class=\"yoast-schema-graph\">{\"@context\":\"https:\\\/\\\/schema.org\",\"@graph\":[{\"@type\":\"WebPage\",\"@id\":\"https:\\\/\\\/www.sam-kuchler.com\\\/en\\\/slicingpackaging-map\\\/\",\"url\":\"https:\\\/\\\/www.sam-kuchler.com\\\/en\\\/slicingpackaging-map\\\/\",\"name\":\"MAP Landingpage | S.A.M. KUCHLER Electronics GmbH\",\"isPartOf\":{\"@id\":\"https:\\\/\\\/www.sam-kuchler.com\\\/en\\\/#website\"},\"primaryImageOfPage\":{\"@id\":\"https:\\\/\\\/www.sam-kuchler.com\\\/en\\\/slicingpackaging-map\\\/#primaryimage\"},\"image\":{\"@id\":\"https:\\\/\\\/www.sam-kuchler.com\\\/en\\\/slicingpackaging-map\\\/#primaryimage\"},\"thumbnailUrl\":\"https:\\\/\\\/www.sam-kuchler.com\\\/wp-content\\\/uploads\\\/2025\\\/01\\\/P75_4186-scaled.jpg\",\"datePublished\":\"2025-03-02T15:33:56+00:00\",\"dateModified\":\"2025-03-02T21:50:07+00:00\",\"description\":\"Lese \u00fcber MAP Landingpage und tauche ein in die Schneide- und Verpackungswelt von SAM. F\u00fcr Ihre Bedientheke von heute!\",\"breadcrumb\":{\"@id\":\"https:\\\/\\\/www.sam-kuchler.com\\\/en\\\/slicingpackaging-map\\\/#breadcrumb\"},\"inLanguage\":\"en-US\",\"potentialAction\":[{\"@type\":\"ReadAction\",\"target\":[\"https:\\\/\\\/www.sam-kuchler.com\\\/en\\\/slicingpackaging-map\\\/\"]}]},{\"@type\":\"ImageObject\",\"inLanguage\":\"en-US\",\"@id\":\"https:\\\/\\\/www.sam-kuchler.com\\\/en\\\/slicingpackaging-map\\\/#primaryimage\",\"url\":\"https:\\\/\\\/www.sam-kuchler.com\\\/wp-content\\\/uploads\\\/2025\\\/01\\\/P75_4186-scaled.jpg\",\"contentUrl\":\"https:\\\/\\\/www.sam-kuchler.com\\\/wp-content\\\/uploads\\\/2025\\\/01\\\/P75_4186-scaled.jpg\",\"width\":2560,\"height\":1707,\"caption\":\"FotoFux\"},{\"@type\":\"BreadcrumbList\",\"@id\":\"https:\\\/\\\/www.sam-kuchler.com\\\/en\\\/slicingpackaging-map\\\/#breadcrumb\",\"itemListElement\":[{\"@type\":\"ListItem\",\"position\":1,\"name\":\"Startseite\",\"item\":\"https:\\\/\\\/www.sam-kuchler.com\\\/en\\\/\"},{\"@type\":\"ListItem\",\"position\":2,\"name\":\"MAP Landingpage\"}]},{\"@type\":\"WebSite\",\"@id\":\"https:\\\/\\\/www.sam-kuchler.com\\\/en\\\/#website\",\"url\":\"https:\\\/\\\/www.sam-kuchler.com\\\/en\\\/\",\"name\":\"S.A.M. KUCHLER Electronics GmbH\",\"description\":\"Aufschnittmaschinen und Verpackungsger\u00e4te\",\"publisher\":{\"@id\":\"https:\\\/\\\/www.sam-kuchler.com\\\/en\\\/#organization\"},\"alternateName\":\"SAM\",\"potentialAction\":[{\"@type\":\"SearchAction\",\"target\":{\"@type\":\"EntryPoint\",\"urlTemplate\":\"https:\\\/\\\/www.sam-kuchler.com\\\/en\\\/?s={search_term_string}\"},\"query-input\":{\"@type\":\"PropertyValueSpecification\",\"valueRequired\":true,\"valueName\":\"search_term_string\"}}],\"inLanguage\":\"en-US\"},{\"@type\":\"Organization\",\"@id\":\"https:\\\/\\\/www.sam-kuchler.com\\\/en\\\/#organization\",\"name\":\"S.A.M. KUCHLER Electronics GmbH\",\"alternateName\":\"SAM\",\"url\":\"https:\\\/\\\/www.sam-kuchler.com\\\/en\\\/\",\"logo\":{\"@type\":\"ImageObject\",\"inLanguage\":\"en-US\",\"@id\":\"https:\\\/\\\/www.sam-kuchler.com\\\/en\\\/#\\\/schema\\\/logo\\\/image\\\/\",\"url\":\"https:\\\/\\\/www.sam-kuchler.com\\\/wp-content\\\/uploads\\\/2026\\\/01\\\/sam-logo-online.png\",\"contentUrl\":\"https:\\\/\\\/www.sam-kuchler.com\\\/wp-content\\\/uploads\\\/2026\\\/01\\\/sam-logo-online.png\",\"width\":1024,\"height\":1024,\"caption\":\"S.A.M. KUCHLER Electronics GmbH\"},\"image\":{\"@id\":\"https:\\\/\\\/www.sam-kuchler.com\\\/en\\\/#\\\/schema\\\/logo\\\/image\\\/\"},\"sameAs\":[\"https:\\\/\\\/www.facebook.com\\\/samkuchlerelectronics\",\"https:\\\/\\\/www.instagram.com\\\/samkuchler\\\/\",\"https:\\\/\\\/www.tiktok.com\\\/@sam_kuchler\",\"https:\\\/\\\/www.linkedin.com\\\/company\\\/samkuchlerelectronics\"],\"description\":\"S.A.M. KUCHLER Electronics GmbH entwickelt und baut in \u00d6sterreich vollautomatische Schneide- und Verpackungssysteme f\u00fcr frisch geschnittene Lebensmittel (z. B. Wurst, K\u00e4se, Schinken) f\u00fcr den Einsatz im Verkaufsraum und in der Produktion.\",\"email\":\"office@sam-kuchler.com\",\"telephone\":\"+4346343543\",\"legalName\":\"S.A.M. KUCHLER Electronics GmbH\"}]}<\/script>\n<!-- \/ Yoast SEO Premium plugin. -->","yoast_head_json":{"title":"MAP Landingpage | S.A.M. KUCHLER Electronics GmbH","description":"Lese \u00fcber MAP Landingpage und tauche ein in die Schneide- und Verpackungswelt von SAM. F\u00fcr Ihre Bedientheke von heute!","robots":{"index":"index","follow":"follow","max-snippet":"max-snippet:-1","max-image-preview":"max-image-preview:large","max-video-preview":"max-video-preview:-1"},"canonical":"https:\/\/www.sam-kuchler.com\/en\/slicingpackaging-map\/","og_locale":"en_US","og_type":"article","og_title":"MAP Landingpage","og_description":"Lese \u00fcber MAP Landingpage und tauche ein in die Schneide- und Verpackungswelt von SAM. F\u00fcr Ihre Bedientheke von heute!","og_url":"https:\/\/www.sam-kuchler.com\/en\/slicingpackaging-map\/","og_site_name":"S.A.M. KUCHLER Electronics GmbH","article_publisher":"https:\/\/www.facebook.com\/samkuchlerelectronics","article_modified_time":"2025-03-02T21:50:07+00:00","og_image":[{"width":2560,"height":1707,"url":"https:\/\/www.sam-kuchler.com\/wp-content\/uploads\/2025\/01\/P75_4186-scaled.jpg","type":"image\/jpeg"}],"twitter_card":"summary_large_image","twitter_misc":{"Est. reading time":"10 minutes"},"schema":{"@context":"https:\/\/schema.org","@graph":[{"@type":"WebPage","@id":"https:\/\/www.sam-kuchler.com\/en\/slicingpackaging-map\/","url":"https:\/\/www.sam-kuchler.com\/en\/slicingpackaging-map\/","name":"MAP Landingpage | S.A.M. KUCHLER Electronics GmbH","isPartOf":{"@id":"https:\/\/www.sam-kuchler.com\/en\/#website"},"primaryImageOfPage":{"@id":"https:\/\/www.sam-kuchler.com\/en\/slicingpackaging-map\/#primaryimage"},"image":{"@id":"https:\/\/www.sam-kuchler.com\/en\/slicingpackaging-map\/#primaryimage"},"thumbnailUrl":"https:\/\/www.sam-kuchler.com\/wp-content\/uploads\/2025\/01\/P75_4186-scaled.jpg","datePublished":"2025-03-02T15:33:56+00:00","dateModified":"2025-03-02T21:50:07+00:00","description":"Lese \u00fcber MAP Landingpage und tauche ein in die Schneide- und Verpackungswelt von SAM. F\u00fcr Ihre Bedientheke von heute!","breadcrumb":{"@id":"https:\/\/www.sam-kuchler.com\/en\/slicingpackaging-map\/#breadcrumb"},"inLanguage":"en-US","potentialAction":[{"@type":"ReadAction","target":["https:\/\/www.sam-kuchler.com\/en\/slicingpackaging-map\/"]}]},{"@type":"ImageObject","inLanguage":"en-US","@id":"https:\/\/www.sam-kuchler.com\/en\/slicingpackaging-map\/#primaryimage","url":"https:\/\/www.sam-kuchler.com\/wp-content\/uploads\/2025\/01\/P75_4186-scaled.jpg","contentUrl":"https:\/\/www.sam-kuchler.com\/wp-content\/uploads\/2025\/01\/P75_4186-scaled.jpg","width":2560,"height":1707,"caption":"FotoFux"},{"@type":"BreadcrumbList","@id":"https:\/\/www.sam-kuchler.com\/en\/slicingpackaging-map\/#breadcrumb","itemListElement":[{"@type":"ListItem","position":1,"name":"Startseite","item":"https:\/\/www.sam-kuchler.com\/en\/"},{"@type":"ListItem","position":2,"name":"MAP Landingpage"}]},{"@type":"WebSite","@id":"https:\/\/www.sam-kuchler.com\/en\/#website","url":"https:\/\/www.sam-kuchler.com\/en\/","name":"S.A.M. KUCHLER Electronics GmbH","description":"Aufschnittmaschinen und Verpackungsger\u00e4te","publisher":{"@id":"https:\/\/www.sam-kuchler.com\/en\/#organization"},"alternateName":"SAM","potentialAction":[{"@type":"SearchAction","target":{"@type":"EntryPoint","urlTemplate":"https:\/\/www.sam-kuchler.com\/en\/?s={search_term_string}"},"query-input":{"@type":"PropertyValueSpecification","valueRequired":true,"valueName":"search_term_string"}}],"inLanguage":"en-US"},{"@type":"Organization","@id":"https:\/\/www.sam-kuchler.com\/en\/#organization","name":"S.A.M. KUCHLER Electronics GmbH","alternateName":"SAM","url":"https:\/\/www.sam-kuchler.com\/en\/","logo":{"@type":"ImageObject","inLanguage":"en-US","@id":"https:\/\/www.sam-kuchler.com\/en\/#\/schema\/logo\/image\/","url":"https:\/\/www.sam-kuchler.com\/wp-content\/uploads\/2026\/01\/sam-logo-online.png","contentUrl":"https:\/\/www.sam-kuchler.com\/wp-content\/uploads\/2026\/01\/sam-logo-online.png","width":1024,"height":1024,"caption":"S.A.M. KUCHLER Electronics GmbH"},"image":{"@id":"https:\/\/www.sam-kuchler.com\/en\/#\/schema\/logo\/image\/"},"sameAs":["https:\/\/www.facebook.com\/samkuchlerelectronics","https:\/\/www.instagram.com\/samkuchler\/","https:\/\/www.tiktok.com\/@sam_kuchler","https:\/\/www.linkedin.com\/company\/samkuchlerelectronics"],"description":"S.A.M. KUCHLER Electronics GmbH entwickelt und baut in \u00d6sterreich vollautomatische Schneide- und Verpackungssysteme f\u00fcr frisch geschnittene Lebensmittel (z. B. Wurst, K\u00e4se, Schinken) f\u00fcr den Einsatz im Verkaufsraum und in der Produktion.","email":"office@sam-kuchler.com","telephone":"+4346343543","legalName":"S.A.M. KUCHLER Electronics GmbH"}]}},"_links":{"self":[{"href":"https:\/\/www.sam-kuchler.com\/en\/wp-json\/wp\/v2\/pages\/9910","targetHints":{"allow":["GET"]}}],"collection":[{"href":"https:\/\/www.sam-kuchler.com\/en\/wp-json\/wp\/v2\/pages"}],"about":[{"href":"https:\/\/www.sam-kuchler.com\/en\/wp-json\/wp\/v2\/types\/page"}],"author":[{"embeddable":true,"href":"https:\/\/www.sam-kuchler.com\/en\/wp-json\/wp\/v2\/users\/5"}],"replies":[{"embeddable":true,"href":"https:\/\/www.sam-kuchler.com\/en\/wp-json\/wp\/v2\/comments?post=9910"}],"version-history":[{"count":0,"href":"https:\/\/www.sam-kuchler.com\/en\/wp-json\/wp\/v2\/pages\/9910\/revisions"}],"wp:featuredmedia":[{"embeddable":true,"href":"https:\/\/www.sam-kuchler.com\/en\/wp-json\/wp\/v2\/media\/9628"}],"wp:attachment":[{"href":"https:\/\/www.sam-kuchler.com\/en\/wp-json\/wp\/v2\/media?parent=9910"}],"curies":[{"name":"wp","href":"https:\/\/api.w.org\/{rel}","templated":true}]}}